{"id":5271,"date":"2021-05-19T15:18:39","date_gmt":"2021-05-19T15:18:39","guid":{"rendered":"https:\/\/asymmetricbydesign.com\/conditions-generales-dutilisation\/"},"modified":"2023-12-02T06:08:00","modified_gmt":"2023-12-02T06:08:00","slug":"conditions-generales-dutilisation","status":"publish","type":"page","link":"https:\/\/asymmetricbydesign.com\/fr\/conditions-generales-dutilisation\/","title":{"rendered":"Conditions g\u00e9n\u00e9rales d&rsquo;utilisation"},"content":{"rendered":"\t\t<div data-elementor-type=\"wp-page\" data-elementor-id=\"5271\" class=\"elementor elementor-5271 elementor-1476\" data-elementor-post-type=\"page\">\n\t\t\t\t\t\t<section class=\"elementor-section elementor-top-section elementor-element elementor-element-1d4e764e elementor-section-boxed elementor-section-height-default elementor-section-height-default\" data-id=\"1d4e764e\" data-element_type=\"section\" data-e-type=\"section\">\n\t\t\t\t\t\t<div class=\"elementor-container elementor-column-gap-default\">\n\t\t\t\t\t<div class=\"elementor-column elementor-col-100 elementor-top-column elementor-element elementor-element-332ca83\" data-id=\"332ca83\" data-element_type=\"column\" data-e-type=\"column\">\n\t\t\t<div class=\"elementor-widget-wrap elementor-element-populated\">\n\t\t\t\t\t\t<div class=\"elementor-element elementor-element-6fe8bd4 elementor-widget elementor-widget-text-editor\" data-id=\"6fe8bd4\" data-element_type=\"widget\" data-e-type=\"widget\" data-widget_type=\"text-editor.default\">\n\t\t\t\t<div class=\"elementor-widget-container\">\n\t\t\t\t\t\t\t\t\t<p><strong>Retours accept\u00e9s<\/strong><\/p><p>Votre satisfaction est notre premier objectif ! Si vous n&rsquo;\u00eates pas satisfait \u00e0 100% ou si vous souhaitez des modifications, n&rsquo;h\u00e9sitez pas \u00e0 nous le faire savoir.<\/p><p>Veuillez nous contacter et renvoyer les articles dans les 14 jours suivant la livraison. Tous les frais d&rsquo;exp\u00e9dition sont \u00e0 la charge de l&rsquo;acheteur.<\/p><p>Si vous souhaitez voir d&rsquo;autres gros plans avant d&rsquo;acheter ou si vous avez des questions, n&rsquo;h\u00e9sitez pas \u00e0 les poser.<\/p><p><strong>Modifications ou commandes personnalis\u00e9es<\/strong><\/p><p>Votre satisfaction est notre premier objectif ! Si vous souhaitez des modifications, merci de nous en faire part (longueur, fermoir diff\u00e9rent&#8230;) des frais de modification de 20$ seront appliqu\u00e9s ainsi que tout mat\u00e9riel suppl\u00e9mentaire.<\/p><p>Des colliers personnalis\u00e9s sont \u00e9galement possibles,<\/p><p><strong>Options de paiement s\u00e9curis\u00e9<\/strong><\/p><p>Asymmetric ne re\u00e7oit jamais les informations relatives \u00e0 votre carte de cr\u00e9dit.<\/p><p>Nous acceptons PayPal, les principales cartes de cr\u00e9dit et les virements \u00e9lectroniques.<\/p><p><strong>Informations compl\u00e9mentaires : Argent, perles et autres<\/strong><\/p><p>Si vous souhaitez voir d&rsquo;autres gros plans, n&rsquo;h\u00e9sitez pas \u00e0 nous le demander.<\/p><p>Nous aimons utiliser des mat\u00e9riaux vintage, anciens et recycl\u00e9s et soutenir les artisans traditionnels. Par cons\u00e9quent, les perles, les pendentifs et les perles pr\u00e9sentent des irr\u00e9gularit\u00e9s. Il s&rsquo;agit d&rsquo;un ph\u00e9nom\u00e8ne courant, auquel il faut s&rsquo;attendre avec ce type de bijou. Nous laissons la patine en place pour ceux qui pr\u00e9f\u00e8rent un aspect vieilli. La plupart des articles peuvent \u00eatre polis \u00e0 l&rsquo;aide d&rsquo;un nettoyant doux pour bijoux, si vous le souhaitez.<\/p><p><strong>Allergies :<\/strong><\/p><p>Veuillez nous informer de toute allergie. En ce qui concerne les mat\u00e9riaux anciens et vintage, la composition des m\u00e9taux n&rsquo;est pas toujours claire et ne peut \u00eatre garantie.<\/p><p><strong>Argent :<\/strong><\/p><p>L&rsquo;argent pur\/argent est mentionn\u00e9 comme \u00ab\u00a0argent sterling\u00a0\u00bb et est estampill\u00e9. Certaines perles peuvent contenir de l&rsquo;argent et d&rsquo;autres non. Nous achetons et incluons les perles d&rsquo;argent ethniques pour leur beaut\u00e9 et non pour leur teneur en argent. Comme nous ne connaissons pas le contenu exact, nous mentionnons simplement \u00ab\u00a0argent ethnique\u00a0\u00bb.<\/p><p><strong>Perles d&rsquo;eau douce :<\/strong> Toutes les vraies perles sont appel\u00e9es \u00ab\u00a0perles d&rsquo;eau douce\u00a0\u00bb. Aucune de nos perles n&rsquo;est parfaite. En fait, nous pr\u00e9f\u00e9rons les perles baroques et les perles \u00e0 pi\u00e8ces&#8230; moins elles sont parfaites, mieux c&rsquo;est.<\/p><p><strong>Perles en r\u00e9sine\/perles : <\/strong>Nous aimons recycler et upcycler, c&rsquo;est bon pour l&rsquo;environnement, pour votre cou (beaucoup plus l\u00e9ger) et pour votre portefeuille ! Nous incorporons donc souvent des perles en r\u00e9sine vintage.<\/p><p>Si vous souhaitez voir d&rsquo;autres gros plans, n&rsquo;h\u00e9sitez pas \u00e0 nous le demander.<\/p>\t\t\t\t\t\t\t\t<\/div>\n\t\t\t\t<\/div>\n\t\t\t\t\t<\/div>\n\t\t<\/div>\n\t\t\t\t\t<\/div>\n\t\t<\/section>\n\t\t\t\t<\/div>\n\t\t","protected":false},"excerpt":{"rendered":"<p>Retours accept\u00e9s Votre satisfaction est notre premier objectif ! Si vous n&rsquo;\u00eates pas satisfait \u00e0 100% ou si vous souhaitez des modifications, n&rsquo;h\u00e9sitez pas \u00e0 nous le faire savoir. Veuillez nous contacter et renvoyer les articles dans les 14 jours suivant la livraison. Tous les frais d&rsquo;exp\u00e9dition sont \u00e0 la charge de l&rsquo;acheteur. Si vous [&hellip;]<\/p>\n","protected":false},"author":1,"featured_media":0,"parent":0,"menu_order":0,"comment_status":"closed","ping_status":"closed","template":"","meta":{"_acf_changed":false,"site-sidebar-layout":"default","site-content-layout":"default","ast-site-content-layout":"default","site-content-style":"default","site-sidebar-style":"default","ast-global-header-display":"","ast-banner-title-visibility":"","ast-main-header-display":"","ast-hfb-above-header-display":"","ast-hfb-below-header-display":"","ast-hfb-mobile-header-display":"","site-post-title":"","ast-breadcrumbs-content":"","ast-featured-img":"","footer-sml-layout":"","ast-disable-related-posts":"","theme-transparent-header-meta":"default","adv-header-id-meta":"","stick-header-meta":"","header-above-stick-meta":"","header-main-stick-meta":"","header-below-stick-meta":"","astra-migrate-meta-layouts":"default","ast-page-background-enabled":"default","ast-page-background-meta":{"desktop":{"background-color":"var(--ast-global-color-4)","background-image":"","background-repeat":"repeat","background-position":"center center","background-size":"auto","background-attachment":"scroll","background-type":"","background-media":"","overlay-type":"","overlay-color":"","overlay-opacity":"","overlay-gradient":""},"tablet":{"background-color":"","background-image":"","background-repeat":"repeat","background-position":"center center","background-size":"auto","background-attachment":"scroll","background-type":"","background-media":"","overlay-type":"","overlay-color":"","overlay-opacity":"","overlay-gradient":""},"mobile":{"background-color":"","background-image":"","background-repeat":"repeat","background-position":"center center","background-size":"auto","background-attachment":"scroll","background-type":"","background-media":"","overlay-type":"","overlay-color":"","overlay-opacity":"","overlay-gradient":""}},"ast-content-background-meta":{"desktop":{"background-color":"var(--ast-global-color-5)","background-image":"","background-repeat":"repeat","background-position":"center center","background-size":"auto","background-attachment":"scroll","background-type":"","background-media":"","overlay-type":"","overlay-color":"","overlay-opacity":"","overlay-gradient":""},"tablet":{"background-color":"var(--ast-global-color-5)","background-image":"","background-repeat":"repeat","background-position":"center center","background-size":"auto","background-attachment":"scroll","background-type":"","background-media":"","overlay-type":"","overlay-color":"","overlay-opacity":"","overlay-gradient":""},"mobile":{"background-color":"var(--ast-global-color-5)","background-image":"","background-repeat":"repeat","background-position":"center center","background-size":"auto","background-attachment":"scroll","background-type":"","background-media":"","overlay-type":"","overlay-color":"","overlay-opacity":"","overlay-gradient":""}},"footnotes":""},"class_list":["post-5271","page","type-page","status-publish","hentry"],"acf":[],"_links":{"self":[{"href":"https:\/\/asymmetricbydesign.com\/fr\/wp-json\/wp\/v2\/pages\/5271","targetHints":{"allow":["GET"]}}],"collection":[{"href":"https:\/\/asymmetricbydesign.com\/fr\/wp-json\/wp\/v2\/pages"}],"about":[{"href":"https:\/\/asymmetricbydesign.com\/fr\/wp-json\/wp\/v2\/types\/page"}],"author":[{"embeddable":true,"href":"https:\/\/asymmetricbydesign.com\/fr\/wp-json\/wp\/v2\/users\/1"}],"replies":[{"embeddable":true,"href":"https:\/\/asymmetricbydesign.com\/fr\/wp-json\/wp\/v2\/comments?post=5271"}],"version-history":[{"count":0,"href":"https:\/\/asymmetricbydesign.com\/fr\/wp-json\/wp\/v2\/pages\/5271\/revisions"}],"wp:attachment":[{"href":"https:\/\/asymmetricbydesign.com\/fr\/wp-json\/wp\/v2\/media?parent=5271"}],"curies":[{"name":"wp","href":"https:\/\/api.w.org\/{rel}","templated":true}]}}