{"id":5353,"date":"2023-09-24T16:20:31","date_gmt":"2023-09-24T16:20:31","guid":{"rendered":"https:\/\/asymmetricbydesign.com\/product\/tournesols\/"},"modified":"2023-09-24T16:20:31","modified_gmt":"2023-09-24T16:20:31","slug":"tournesols","status":"publish","type":"product","link":"https:\/\/asymmetricbydesign.com\/fr\/produit\/tournesols\/","title":{"rendered":"Tournesols"},"content":{"rendered":"","protected":false},"excerpt":{"rendered":"<p><strong>CAD<img decoding=\"async\" class=\"alignnone wp-image-1470\" src=\"https:\/\/asymmetricbydesign.com\/wp-content\/uploads\/2021\/05\/hoja.png\" alt=\"\" width=\"25\" height=\"20\"><\/strong><\/p>\n<p>Tous les cuivres de cette pi\u00e8ce ont \u00e9t\u00e9 fabriqu\u00e9s selon la m\u00e9thode de la fonte \u00e0 la cire perdue, c&rsquo;est-\u00e0-dire qu&rsquo;ils ont \u00e9t\u00e9 sculpt\u00e9s dans des abeilles avant que le m\u00e9tal recycl\u00e9 ne soit fondu et coul\u00e9 dans le moule. Je les ai m\u00e9lang\u00e9s avec  <strong>perles de commerce vintage remarquables et rares<\/strong>  un autre de mes favoris ! Il s&rsquo;agit de perles de commerce\/monnaie tr\u00e8s haut de gamme en Afrique, qui sont elles-m\u00eames des \u0153uvres d&rsquo;art. Ce collier est plus long que la plupart des autres. Les couleurs sont \u00e9clatantes.<\/p>\n<p><strong>Les perles comme monnaie*<\/strong><\/p>\n<p>L&rsquo;histoire des perles de traite africaines en tant que monnaie remonte au XVe si\u00e8cle, lorsque des navires de commerce portugais sont arriv\u00e9s sur les c\u00f4tes de l&rsquo;Afrique de l&rsquo;Ouest pour exploiter ses nombreuses ressources, notamment l&rsquo;or, les esclaves, l&rsquo;ivoire et l&rsquo;huile de palme. \u00c0 l&rsquo;\u00e9poque, les perles de verre constituaient une part importante de la monnaie \u00e9chang\u00e9e contre des personnes et des produits. Les perles se sont av\u00e9r\u00e9es \u00eatre une monnaie d&rsquo;\u00e9change bon march\u00e9 et efficace, d&rsquo;autant plus qu&rsquo;il existait d\u00e9j\u00e0 des usines de fabrication de perles de verre r\u00e9put\u00e9es dans toute l&rsquo;Europe, qui ont simplement augment\u00e9 leur production en raison de la demande africaine croissante. Le succ\u00e8s de cette forme de monnaie s&rsquo;explique en grande partie par la valeur intrins\u00e8que \u00e9lev\u00e9e que les Africains accordent aux objets d\u00e9coratifs. Les Africains utilisaient souvent les perles comme monnaie d&rsquo;\u00e9change (souvent appel\u00e9e monnaie africaine) et comme moyen de stockage des richesses, et le statut social pouvait \u00eatre facilement d\u00e9termin\u00e9 par la qualit\u00e9, la quantit\u00e9 et le style des bijoux port\u00e9s. Cela a cr\u00e9\u00e9 une forte demande de perles de commerce en Afrique de l&rsquo;Ouest et a donn\u00e9 lieu \u00e0 un vaste catalogue de motifs qui subsiste encore aujourd&rsquo;hui. La provenance de certains motifs peut \u00eatre pr\u00e9cis\u00e9e gr\u00e2ce \u00e0 des cartes d&rsquo;\u00e9chantillons, des livres d&rsquo;\u00e9chantillons ou des catalogues de perles dat\u00e9s, produits par des maisons de commerce de perles europ\u00e9ennes entre le milieu du XIXe si\u00e8cle et le d\u00e9but du XXe si\u00e8cle et aujourd&rsquo;hui conserv\u00e9s dans des collections de mus\u00e9es.<\/p>\n<p>https:\/\/www.graceandangeline.com\/pages\/bead-stories<\/p>\n<p>Longueur du collier : 21&Prime;.<br \/>\nCat\u00e9gorie : Durable\/Vintage\/Antique<\/p>\n","protected":false},"featured_media":4496,"template":"","meta":{"_acf_changed":false,"site-sidebar-layout":"default","site-content-layout":"default","ast-site-content-layout":"default","site-content-style":"default","site-sidebar-style":"default","ast-global-header-display":"","ast-banner-title-visibility":"","ast-main-header-display":"","ast-hfb-above-header-display":"","ast-hfb-below-header-display":"","ast-hfb-mobile-header-display":"","site-post-title":"","ast-breadcrumbs-content":"","ast-featured-img":"","footer-sml-layout":"","ast-disable-related-posts":"","theme-transparent-header-meta":"default","adv-header-id-meta":"","stick-header-meta":"","header-above-stick-meta":"","header-main-stick-meta":"","header-below-stick-meta":"","astra-migrate-meta-layouts":"default","ast-page-background-enabled":"default","ast-page-background-meta":{"desktop":{"background-color":"var(--ast-global-color-4)","background-image":"","background-repeat":"repeat","background-position":"center center","background-size":"auto","background-attachment":"scroll","background-type":"","background-media":"","overlay-type":"","overlay-color":"","overlay-opacity":"","overlay-gradient":""},"tablet":{"background-color":"","background-image":"","background-repeat":"repeat","background-position":"center center","background-size":"auto","background-attachment":"scroll","background-type":"","background-media":"","overlay-type":"","overlay-color":"","overlay-opacity":"","overlay-gradient":""},"mobile":{"background-color":"","background-image":"","background-repeat":"repeat","background-position":"center center","background-size":"auto","background-attachment":"scroll","background-type":"","background-media":"","overlay-type":"","overlay-color":"","overlay-opacity":"","overlay-gradient":""}},"ast-content-background-meta":{"desktop":{"background-color":"var(--ast-global-color-5)","background-image":"","background-repeat":"repeat","background-position":"center center","background-size":"auto","background-attachment":"scroll","background-type":"","background-media":"","overlay-type":"","overlay-color":"","overlay-opacity":"","overlay-gradient":""},"tablet":{"background-color":"var(--ast-global-color-5)","background-image":"","background-repeat":"repeat","background-position":"center center","background-size":"auto","background-attachment":"scroll","background-type":"","background-media":"","overlay-type":"","overlay-color":"","overlay-opacity":"","overlay-gradient":""},"mobile":{"background-color":"var(--ast-global-color-5)","background-image":"","background-repeat":"repeat","background-position":"center center","background-size":"auto","background-attachment":"scroll","background-type":"","background-media":"","overlay-type":"","overlay-color":"","overlay-opacity":"","overlay-gradient":""}}},"product_brand":[],"product_cat":[71,69],"product_tag":[],"class_list":{"0":"post-5353","1":"product","2":"type-product","3":"status-publish","4":"has-post-thumbnail","6":"product_cat-durable","7":"product_cat-non-classifiee","8":"desktop-align-center","9":"tablet-align-left","10":"mobile-align-left","11":"ast-product-gallery-layout-vertical-slider","12":"ast-product-tabs-layout-accordion","13":"ast-qv-on-image","15":"first","16":"outofstock","17":"shipping-taxable","18":"purchasable","19":"product-type-simple"},"acf":[],"_links":{"self":[{"href":"https:\/\/asymmetricbydesign.com\/fr\/wp-json\/wp\/v2\/product\/5353","targetHints":{"allow":["GET"]}}],"collection":[{"href":"https:\/\/asymmetricbydesign.com\/fr\/wp-json\/wp\/v2\/product"}],"about":[{"href":"https:\/\/asymmetricbydesign.com\/fr\/wp-json\/wp\/v2\/types\/product"}],"version-history":[{"count":0,"href":"https:\/\/asymmetricbydesign.com\/fr\/wp-json\/wp\/v2\/product\/5353\/revisions"}],"wp:featuredmedia":[{"embeddable":true,"href":"https:\/\/asymmetricbydesign.com\/fr\/wp-json\/wp\/v2\/media\/4496"}],"wp:attachment":[{"href":"https:\/\/asymmetricbydesign.com\/fr\/wp-json\/wp\/v2\/media?parent=5353"}],"wp:term":[{"taxonomy":"product_brand","embeddable":true,"href":"https:\/\/asymmetricbydesign.com\/fr\/wp-json\/wp\/v2\/product_brand?post=5353"},{"taxonomy":"product_cat","embeddable":true,"href":"https:\/\/asymmetricbydesign.com\/fr\/wp-json\/wp\/v2\/product_cat?post=5353"},{"taxonomy":"product_tag","embeddable":true,"href":"https:\/\/asymmetricbydesign.com\/fr\/wp-json\/wp\/v2\/product_tag?post=5353"}],"curies":[{"name":"wp","href":"https:\/\/api.w.org\/{rel}","templated":true}]}}