{"id":5357,"date":"2021-07-14T19:41:18","date_gmt":"2021-07-14T19:41:18","guid":{"rendered":"https:\/\/asymmetricbydesign.com\/product\/cerfs-au-crepuscule\/"},"modified":"2024-07-25T03:45:26","modified_gmt":"2024-07-25T03:45:26","slug":"cerfs-au-crepuscule","status":"publish","type":"product","link":"https:\/\/asymmetricbydesign.com\/fr\/produit\/cerfs-au-crepuscule\/","title":{"rendered":"Cerfs au cr\u00e9puscule"},"content":{"rendered":"","protected":false},"excerpt":{"rendered":"<p><strong>CAD<img decoding=\"async\" class=\"alignnone wp-image-1470\" src=\"https:\/\/asymmetricbydesign.com\/wp-content\/uploads\/2021\/05\/hoja.png\" alt=\"\" width=\"25\" height=\"20\"><\/strong> Un verre recycl\u00e9 rouge profond en forme d&rsquo;homobe compl\u00e8te un superbe pendentif vintage afghan sculpt\u00e9 avec des cerfs qui dansent. Les perles de verre sont douces au toucher car elles ont \u00e9t\u00e9 polies \u00e0 la main au Ghana. Un c\u00f4t\u00e9 brillant, l&rsquo;autre mat. L&rsquo;ensemble de cette pi\u00e8ce est compos\u00e9 de mat\u00e9riaux recycl\u00e9s ou upcycl\u00e9s. Chez Asymmetric by design, nous aimons le recyclage et l&rsquo;upcycling &#8211; faire de l&rsquo;art tout en contribuant \u00e0 la protection de l&rsquo;environnement et en soutenant les artisans des pays en voie de d\u00e9veloppement. Cela permet de fournir un revenu aux personnes dans le besoin. Longueur du collier : 21&Prime;. Cat\u00e9gorie : Durable\/Vintage\/Antique<\/p>\n","protected":false},"featured_media":4505,"template":"","meta":{"_acf_changed":false,"site-sidebar-layout":"default","site-content-layout":"default","ast-site-content-layout":"default","site-content-style":"default","site-sidebar-style":"default","ast-global-header-display":"","ast-banner-title-visibility":"","ast-main-header-display":"","ast-hfb-above-header-display":"","ast-hfb-below-header-display":"","ast-hfb-mobile-header-display":"","site-post-title":"","ast-breadcrumbs-content":"","ast-featured-img":"","footer-sml-layout":"","ast-disable-related-posts":"","theme-transparent-header-meta":"default","adv-header-id-meta":"","stick-header-meta":"default","header-above-stick-meta":"","header-main-stick-meta":"","header-below-stick-meta":"","astra-migrate-meta-layouts":"default","ast-page-background-enabled":"default","ast-page-background-meta":{"desktop":{"background-color":"var(--ast-global-color-4)","background-image":"","background-repeat":"repeat","background-position":"center center","background-size":"auto","background-attachment":"scroll","background-type":"","background-media":"","overlay-type":"","overlay-color":"","overlay-opacity":"","overlay-gradient":""},"tablet":{"background-color":"","background-image":"","background-repeat":"repeat","background-position":"center center","background-size":"auto","background-attachment":"scroll","background-type":"","background-media":"","overlay-type":"","overlay-color":"","overlay-opacity":"","overlay-gradient":""},"mobile":{"background-color":"","background-image":"","background-repeat":"repeat","background-position":"center center","background-size":"auto","background-attachment":"scroll","background-type":"","background-media":"","overlay-type":"","overlay-color":"","overlay-opacity":"","overlay-gradient":""}},"ast-content-background-meta":{"desktop":{"background-color":"var(--ast-global-color-5)","background-image":"","background-repeat":"repeat","background-position":"center center","background-size":"auto","background-attachment":"scroll","background-type":"","background-media":"","overlay-type":"","overlay-color":"","overlay-opacity":"","overlay-gradient":""},"tablet":{"background-color":"var(--ast-global-color-5)","background-image":"","background-repeat":"repeat","background-position":"center center","background-size":"auto","background-attachment":"scroll","background-type":"","background-media":"","overlay-type":"","overlay-color":"","overlay-opacity":"","overlay-gradient":""},"mobile":{"background-color":"var(--ast-global-color-5)","background-image":"","background-repeat":"repeat","background-position":"center center","background-size":"auto","background-attachment":"scroll","background-type":"","background-media":"","overlay-type":"","overlay-color":"","overlay-opacity":"","overlay-gradient":""}}},"product_brand":[],"product_cat":[71,94,84,89],"product_tag":[],"class_list":{"0":"post-5357","1":"product","2":"type-product","3":"status-publish","4":"has-post-thumbnail","6":"product_cat-durable","7":"product_cat-fabrique-au-quebec","8":"product_cat-journee-de-la-terre","9":"product_cat-vintage-antique-fr","10":"desktop-align-center","11":"tablet-align-left","12":"mobile-align-left","13":"ast-product-gallery-layout-vertical-slider","14":"ast-product-tabs-layout-accordion","15":"ast-qv-on-image","17":"first","18":"outofstock","19":"shipping-taxable","20":"purchasable","21":"product-type-simple"},"acf":[],"_links":{"self":[{"href":"https:\/\/asymmetricbydesign.com\/fr\/wp-json\/wp\/v2\/product\/5357","targetHints":{"allow":["GET"]}}],"collection":[{"href":"https:\/\/asymmetricbydesign.com\/fr\/wp-json\/wp\/v2\/product"}],"about":[{"href":"https:\/\/asymmetricbydesign.com\/fr\/wp-json\/wp\/v2\/types\/product"}],"version-history":[{"count":0,"href":"https:\/\/asymmetricbydesign.com\/fr\/wp-json\/wp\/v2\/product\/5357\/revisions"}],"wp:featuredmedia":[{"embeddable":true,"href":"https:\/\/asymmetricbydesign.com\/fr\/wp-json\/wp\/v2\/media\/4505"}],"wp:attachment":[{"href":"https:\/\/asymmetricbydesign.com\/fr\/wp-json\/wp\/v2\/media?parent=5357"}],"wp:term":[{"taxonomy":"product_brand","embeddable":true,"href":"https:\/\/asymmetricbydesign.com\/fr\/wp-json\/wp\/v2\/product_brand?post=5357"},{"taxonomy":"product_cat","embeddable":true,"href":"https:\/\/asymmetricbydesign.com\/fr\/wp-json\/wp\/v2\/product_cat?post=5357"},{"taxonomy":"product_tag","embeddable":true,"href":"https:\/\/asymmetricbydesign.com\/fr\/wp-json\/wp\/v2\/product_tag?post=5357"}],"curies":[{"name":"wp","href":"https:\/\/api.w.org\/{rel}","templated":true}]}}