{"id":5361,"date":"2021-06-04T21:21:19","date_gmt":"2021-06-04T21:21:19","guid":{"rendered":"https:\/\/asymmetricbydesign.com\/product\/sous-le-puissant-baobab\/"},"modified":"2024-07-25T03:45:26","modified_gmt":"2024-07-25T03:45:26","slug":"sous-le-puissant-baobab","status":"publish","type":"product","link":"https:\/\/asymmetricbydesign.com\/fr\/produit\/sous-le-puissant-baobab\/","title":{"rendered":"Sous le puissant baobab"},"content":{"rendered":"","protected":false},"excerpt":{"rendered":"<p><strong>CAD<img decoding=\"async\" class=\"alignnone wp-image-1470\" src=\"https:\/\/asymmetricbydesign.com\/wp-content\/uploads\/2021\/05\/hoja.png\" alt=\"\" width=\"25\" height=\"20\"><\/strong> Tous les cuivres ont \u00e9t\u00e9 fabriqu\u00e9s selon la m\u00e9thode de la \u00ab\u00a0fonte \u00e0 la cire perdue\u00a0\u00bb, c&rsquo;est-\u00e0-dire que chaque pi\u00e8ce a d&rsquo;abord \u00e9t\u00e9 sculpt\u00e9e dans des abeilles avant que le m\u00e9tal recycl\u00e9 ne soit fondu et coul\u00e9 dans le moule ! Nous sommes rest\u00e9s en Afrique &#8211; laiton du Ghana, perles de commerce anciennes, perles anciennes et vieilles pierres de cornaline sculpt\u00e9es. Les tons de ce collier sont tr\u00e8s chauds et accueillants. D\u00e9finitivement un collier 4 saisons. Longueur du collier : 21&Prime;. Cat\u00e9gorie : Durable\/Vintage\/Antique<\/p>\n","protected":false},"featured_media":4494,"template":"","meta":{"_acf_changed":false,"site-sidebar-layout":"default","site-content-layout":"default","ast-site-content-layout":"default","site-content-style":"default","site-sidebar-style":"default","ast-global-header-display":"","ast-banner-title-visibility":"","ast-main-header-display":"","ast-hfb-above-header-display":"","ast-hfb-below-header-display":"","ast-hfb-mobile-header-display":"","site-post-title":"","ast-breadcrumbs-content":"","ast-featured-img":"","footer-sml-layout":"","ast-disable-related-posts":"","theme-transparent-header-meta":"default","adv-header-id-meta":"","stick-header-meta":"","header-above-stick-meta":"","header-main-stick-meta":"","header-below-stick-meta":"","astra-migrate-meta-layouts":"default","ast-page-background-enabled":"default","ast-page-background-meta":{"desktop":{"background-color":"var(--ast-global-color-4)","background-image":"","background-repeat":"repeat","background-position":"center center","background-size":"auto","background-attachment":"scroll","background-type":"","background-media":"","overlay-type":"","overlay-color":"","overlay-opacity":"","overlay-gradient":""},"tablet":{"background-color":"","background-image":"","background-repeat":"repeat","background-position":"center center","background-size":"auto","background-attachment":"scroll","background-type":"","background-media":"","overlay-type":"","overlay-color":"","overlay-opacity":"","overlay-gradient":""},"mobile":{"background-color":"","background-image":"","background-repeat":"repeat","background-position":"center center","background-size":"auto","background-attachment":"scroll","background-type":"","background-media":"","overlay-type":"","overlay-color":"","overlay-opacity":"","overlay-gradient":""}},"ast-content-background-meta":{"desktop":{"background-color":"var(--ast-global-color-5)","background-image":"","background-repeat":"repeat","background-position":"center center","background-size":"auto","background-attachment":"scroll","background-type":"","background-media":"","overlay-type":"","overlay-color":"","overlay-opacity":"","overlay-gradient":""},"tablet":{"background-color":"var(--ast-global-color-5)","background-image":"","background-repeat":"repeat","background-position":"center center","background-size":"auto","background-attachment":"scroll","background-type":"","background-media":"","overlay-type":"","overlay-color":"","overlay-opacity":"","overlay-gradient":""},"mobile":{"background-color":"var(--ast-global-color-5)","background-image":"","background-repeat":"repeat","background-position":"center center","background-size":"auto","background-attachment":"scroll","background-type":"","background-media":"","overlay-type":"","overlay-color":"","overlay-opacity":"","overlay-gradient":""}}},"product_brand":[],"product_cat":[71,94,89],"product_tag":[],"class_list":{"0":"post-5361","1":"product","2":"type-product","3":"status-publish","4":"has-post-thumbnail","6":"product_cat-durable","7":"product_cat-fabrique-au-quebec","8":"product_cat-vintage-antique-fr","9":"desktop-align-center","10":"tablet-align-left","11":"mobile-align-left","12":"ast-product-gallery-layout-vertical-slider","13":"ast-product-tabs-layout-accordion","14":"ast-qv-on-image","16":"first","17":"instock","18":"shipping-taxable","19":"purchasable","20":"product-type-simple"},"acf":[],"_links":{"self":[{"href":"https:\/\/asymmetricbydesign.com\/fr\/wp-json\/wp\/v2\/product\/5361","targetHints":{"allow":["GET"]}}],"collection":[{"href":"https:\/\/asymmetricbydesign.com\/fr\/wp-json\/wp\/v2\/product"}],"about":[{"href":"https:\/\/asymmetricbydesign.com\/fr\/wp-json\/wp\/v2\/types\/product"}],"version-history":[{"count":0,"href":"https:\/\/asymmetricbydesign.com\/fr\/wp-json\/wp\/v2\/product\/5361\/revisions"}],"wp:featuredmedia":[{"embeddable":true,"href":"https:\/\/asymmetricbydesign.com\/fr\/wp-json\/wp\/v2\/media\/4494"}],"wp:attachment":[{"href":"https:\/\/asymmetricbydesign.com\/fr\/wp-json\/wp\/v2\/media?parent=5361"}],"wp:term":[{"taxonomy":"product_brand","embeddable":true,"href":"https:\/\/asymmetricbydesign.com\/fr\/wp-json\/wp\/v2\/product_brand?post=5361"},{"taxonomy":"product_cat","embeddable":true,"href":"https:\/\/asymmetricbydesign.com\/fr\/wp-json\/wp\/v2\/product_cat?post=5361"},{"taxonomy":"product_tag","embeddable":true,"href":"https:\/\/asymmetricbydesign.com\/fr\/wp-json\/wp\/v2\/product_tag?post=5361"}],"curies":[{"name":"wp","href":"https:\/\/api.w.org\/{rel}","templated":true}]}}