{"id":5366,"date":"2023-09-24T16:21:18","date_gmt":"2023-09-24T16:21:18","guid":{"rendered":"https:\/\/asymmetricbydesign.com\/product\/le-bonheur-2\/"},"modified":"2023-11-27T17:13:47","modified_gmt":"2023-11-27T17:13:47","slug":"le-bonheur-2","status":"publish","type":"product","link":"https:\/\/asymmetricbydesign.com\/fr\/produit\/le-bonheur-2\/","title":{"rendered":"Le bonheur"},"content":{"rendered":"","protected":false},"excerpt":{"rendered":"<p>CAD<\/p>\n<p>100% Vintage\/antique : Pendentif vintage\/ancien du Bhoutan, disques en laiton recycl\u00e9 du Ghana et perles de verre Green Heart Beads* anciennes de Venise (estim\u00e9es entre 1400 et 1800 !!!!).<\/p>\n<p>Ce magnifique pendentif grav\u00e9 de mani\u00e8re exquise a \u00e9t\u00e9 achet\u00e9 lors d&rsquo;un voyage de deux semaines au Bhoutan, un pays enchanteur. M\u00eame le dos du pendentif est exquis ! J&rsquo;ai \u00e9t\u00e9 attir\u00e9e par le Bhoutan d\u00e8s mon plus jeune \u00e2ge &#8211; le pays o\u00f9 le produit int\u00e9rieur n&rsquo;est pas mesur\u00e9 en termes de production, mais plut\u00f4t de bonheur ! La l\u00e9gende veut que des anges aient construit le remarquable et sacr\u00e9 Tiger&rsquo;s nest, un site bouddhiste situ\u00e9 dans la haute vall\u00e9e de Paro, au pied de l&rsquo;Himalaya.<br \/>\nJ&rsquo;ai gard\u00e9 ce pendentif pendant de nombreuses ann\u00e9es en essayant de trouver les perles appropri\u00e9es pour l&rsquo;associer. Ils devaient aussi \u00eatre tr\u00e8s sp\u00e9ciaux. Une visite dans l&rsquo;un de mes magasins pr\u00e9f\u00e9r\u00e9s m&rsquo;a permis de trouver les bonnes chaussures !<br \/>\nPerles de commerce en forme de c\u0153ur de couleur verte ancienne.<\/p>\n<p>*Les perles de c\u0153ur vertes se distinguent par leur couleur rouge brique et leur noyau vert translucide. La coloration de ces populaires perles de verre v\u00e9nitien est obtenue en ajoutant de l&rsquo;oxyde d&rsquo;or \u00e0 du verre rose ou violet. Au d\u00e9part, les verriers utilisaient de l&rsquo;oxyde d&rsquo;or pour produire des perles de couleur rouge uniquement (peut-\u00eatre pour imiter les populaires perles de cornaline commercialis\u00e9es en Afrique), mais cette m\u00e9thode s&rsquo;est av\u00e9r\u00e9e trop co\u00fbteuse \u00e0 long terme. Ils ont d\u00e9cid\u00e9 de produire des perles moins ch\u00e8res en cr\u00e9ant un noyau translucide \u00e0 partir de verre non trait\u00e9 et en le recouvrant simplement d&rsquo;une fine couche de verre color\u00e9 en rouge. Le vert a \u00e9t\u00e9 utilis\u00e9 pour le noyau jusqu&rsquo;en 1830, apr\u00e8s quoi le verre blanc et le verre jaune ont \u00e9t\u00e9 utilis\u00e9s. Les perles de c\u0153ur vertes ont \u00e9t\u00e9 produites en quantit\u00e9s limit\u00e9es entre 1480 et 1830 en raison de leur co\u00fbt \u00e9lev\u00e9. En raison de leur raret\u00e9, elles sont largement consid\u00e9r\u00e9es comme l&rsquo;un des types de perles de commerce les plus pr\u00e9cieux et les plus faciles \u00e0 collectionner sur le march\u00e9 aujourd&rsquo;hui.<\/p>\n<p>20&Prime; de longueur<\/p>\n<p>Dans la mesure du possible, nous utilisons des mat\u00e9riaux recycl\u00e9s et vintage pour leurs qualit\u00e9s artistiques et leur faible impact sur l&rsquo;environnement.<\/p>\n","protected":false},"featured_media":4537,"template":"","meta":{"_acf_changed":false,"site-sidebar-layout":"default","site-content-layout":"default","ast-site-content-layout":"default","site-content-style":"default","site-sidebar-style":"default","ast-global-header-display":"","ast-banner-title-visibility":"","ast-main-header-display":"","ast-hfb-above-header-display":"","ast-hfb-below-header-display":"","ast-hfb-mobile-header-display":"","site-post-title":"","ast-breadcrumbs-content":"","ast-featured-img":"","footer-sml-layout":"","ast-disable-related-posts":"","theme-transparent-header-meta":"default","adv-header-id-meta":"","stick-header-meta":"","header-above-stick-meta":"","header-main-stick-meta":"","header-below-stick-meta":"","astra-migrate-meta-layouts":"default","ast-page-background-enabled":"default","ast-page-background-meta":{"desktop":{"background-color":"var(--ast-global-color-4)","background-image":"","background-repeat":"repeat","background-position":"center center","background-size":"auto","background-attachment":"scroll","background-type":"","background-media":"","overlay-type":"","overlay-color":"","overlay-opacity":"","overlay-gradient":""},"tablet":{"background-color":"","background-image":"","background-repeat":"repeat","background-position":"center center","background-size":"auto","background-attachment":"scroll","background-type":"","background-media":"","overlay-type":"","overlay-color":"","overlay-opacity":"","overlay-gradient":""},"mobile":{"background-color":"","background-image":"","background-repeat":"repeat","background-position":"center center","background-size":"auto","background-attachment":"scroll","background-type":"","background-media":"","overlay-type":"","overlay-color":"","overlay-opacity":"","overlay-gradient":""}},"ast-content-background-meta":{"desktop":{"background-color":"var(--ast-global-color-5)","background-image":"","background-repeat":"repeat","background-position":"center center","background-size":"auto","background-attachment":"scroll","background-type":"","background-media":"","overlay-type":"","overlay-color":"","overlay-opacity":"","overlay-gradient":""},"tablet":{"background-color":"var(--ast-global-color-5)","background-image":"","background-repeat":"repeat","background-position":"center center","background-size":"auto","background-attachment":"scroll","background-type":"","background-media":"","overlay-type":"","overlay-color":"","overlay-opacity":"","overlay-gradient":""},"mobile":{"background-color":"var(--ast-global-color-5)","background-image":"","background-repeat":"repeat","background-position":"center center","background-size":"auto","background-attachment":"scroll","background-type":"","background-media":"","overlay-type":"","overlay-color":"","overlay-opacity":"","overlay-gradient":""}}},"product_brand":[],"product_cat":[71,69],"product_tag":[],"class_list":{"0":"post-5366","1":"product","2":"type-product","3":"status-publish","4":"has-post-thumbnail","6":"product_cat-durable","7":"product_cat-non-classifiee","8":"desktop-align-center","9":"tablet-align-left","10":"mobile-align-left","11":"ast-product-gallery-layout-vertical-slider","12":"ast-product-tabs-layout-accordion","13":"ast-qv-on-image","15":"first","16":"outofstock","17":"shipping-taxable","18":"purchasable","19":"product-type-simple"},"acf":[],"_links":{"self":[{"href":"https:\/\/asymmetricbydesign.com\/fr\/wp-json\/wp\/v2\/product\/5366","targetHints":{"allow":["GET"]}}],"collection":[{"href":"https:\/\/asymmetricbydesign.com\/fr\/wp-json\/wp\/v2\/product"}],"about":[{"href":"https:\/\/asymmetricbydesign.com\/fr\/wp-json\/wp\/v2\/types\/product"}],"version-history":[{"count":0,"href":"https:\/\/asymmetricbydesign.com\/fr\/wp-json\/wp\/v2\/product\/5366\/revisions"}],"wp:featuredmedia":[{"embeddable":true,"href":"https:\/\/asymmetricbydesign.com\/fr\/wp-json\/wp\/v2\/media\/4537"}],"wp:attachment":[{"href":"https:\/\/asymmetricbydesign.com\/fr\/wp-json\/wp\/v2\/media?parent=5366"}],"wp:term":[{"taxonomy":"product_brand","embeddable":true,"href":"https:\/\/asymmetricbydesign.com\/fr\/wp-json\/wp\/v2\/product_brand?post=5366"},{"taxonomy":"product_cat","embeddable":true,"href":"https:\/\/asymmetricbydesign.com\/fr\/wp-json\/wp\/v2\/product_cat?post=5366"},{"taxonomy":"product_tag","embeddable":true,"href":"https:\/\/asymmetricbydesign.com\/fr\/wp-json\/wp\/v2\/product_tag?post=5366"}],"curies":[{"name":"wp","href":"https:\/\/api.w.org\/{rel}","templated":true}]}}