{"id":5370,"date":"2023-09-24T16:20:35","date_gmt":"2023-09-24T16:20:35","guid":{"rendered":"https:\/\/asymmetricbydesign.com\/product\/anges-gardiens\/"},"modified":"2023-09-24T16:20:35","modified_gmt":"2023-09-24T16:20:35","slug":"anges-gardiens","status":"publish","type":"product","link":"https:\/\/asymmetricbydesign.com\/fr\/produit\/anges-gardiens\/","title":{"rendered":"Anges gardiens"},"content":{"rendered":"","protected":false},"excerpt":{"rendered":"<p>CAD  <\/p>\n<p>Ces perles de corail ange sculpt\u00e9 bicolore peu communes sont tomb\u00e9es sous le charme. Elles sont l&rsquo;ancre autour de laquelle le collier a \u00e9t\u00e9 con\u00e7u. Quelques autres favoris : bien s\u00fbr, les perles de monnaie et les perles turques en alliage d&rsquo;argent ! D&rsquo;autres comprennent : des perles claires et une vari\u00e9t\u00e9 de perles en r\u00e9sine rose.<\/p>\n<p>Pris\u00e9 depuis des si\u00e8cles pour sa beaut\u00e9 naturelle, le corail peau d&rsquo;ange appartient au cercle restreint des pierres pr\u00e9cieuses extraordinaires. Ce pr\u00e9cieux corail provient des mers entourant le Japon, Ta\u00efwan et Hawa\u00ef. Tout comme les perles, le corail est l&rsquo;une des rares pierres pr\u00e9cieuses produites par un organisme vivant. De petits animaux marins appel\u00e9s polypes coralliens produisent un squelette de carbonate de calcium color\u00e9 qui, au fil du temps, forme un ensemble de branches durcies dans les profondeurs de l&rsquo;oc\u00e9an. Le corail couleur peau d&rsquo;ange est moins fr\u00e9quent que le corail plus rouge.<\/p>\n<p>20&Prime; de longueur.  <\/p>\n<p>Ce collier unique a \u00e9t\u00e9 inspir\u00e9 par le mois d&rsquo;octobre de sensibilisation \u00e0 la lutte contre le cancer du sein. Nous sommes tr\u00e8s heureux d&rsquo;avoir fait un don \u00e0 cette cause tr\u00e8s louable.<\/p>\n","protected":false},"featured_media":4541,"template":"","meta":{"_acf_changed":false,"site-sidebar-layout":"default","site-content-layout":"default","ast-site-content-layout":"default","site-content-style":"default","site-sidebar-style":"default","ast-global-header-display":"","ast-banner-title-visibility":"","ast-main-header-display":"","ast-hfb-above-header-display":"","ast-hfb-below-header-display":"","ast-hfb-mobile-header-display":"","site-post-title":"","ast-breadcrumbs-content":"","ast-featured-img":"","footer-sml-layout":"","ast-disable-related-posts":"","theme-transparent-header-meta":"default","adv-header-id-meta":"","stick-header-meta":"","header-above-stick-meta":"","header-main-stick-meta":"","header-below-stick-meta":"","astra-migrate-meta-layouts":"default","ast-page-background-enabled":"default","ast-page-background-meta":{"desktop":{"background-color":"var(--ast-global-color-4)","background-image":"","background-repeat":"repeat","background-position":"center center","background-size":"auto","background-attachment":"scroll","background-type":"","background-media":"","overlay-type":"","overlay-color":"","overlay-opacity":"","overlay-gradient":""},"tablet":{"background-color":"","background-image":"","background-repeat":"repeat","background-position":"center center","background-size":"auto","background-attachment":"scroll","background-type":"","background-media":"","overlay-type":"","overlay-color":"","overlay-opacity":"","overlay-gradient":""},"mobile":{"background-color":"","background-image":"","background-repeat":"repeat","background-position":"center center","background-size":"auto","background-attachment":"scroll","background-type":"","background-media":"","overlay-type":"","overlay-color":"","overlay-opacity":"","overlay-gradient":""}},"ast-content-background-meta":{"desktop":{"background-color":"var(--ast-global-color-5)","background-image":"","background-repeat":"repeat","background-position":"center center","background-size":"auto","background-attachment":"scroll","background-type":"","background-media":"","overlay-type":"","overlay-color":"","overlay-opacity":"","overlay-gradient":""},"tablet":{"background-color":"var(--ast-global-color-5)","background-image":"","background-repeat":"repeat","background-position":"center center","background-size":"auto","background-attachment":"scroll","background-type":"","background-media":"","overlay-type":"","overlay-color":"","overlay-opacity":"","overlay-gradient":""},"mobile":{"background-color":"var(--ast-global-color-5)","background-image":"","background-repeat":"repeat","background-position":"center center","background-size":"auto","background-attachment":"scroll","background-type":"","background-media":"","overlay-type":"","overlay-color":"","overlay-opacity":"","overlay-gradient":""}}},"product_brand":[],"product_cat":[73,69],"product_tag":[],"class_list":{"0":"post-5370","1":"product","2":"type-product","3":"status-publish","4":"has-post-thumbnail","6":"product_cat-elegance-intemporelle-pearl","7":"product_cat-non-classifiee","8":"desktop-align-center","9":"tablet-align-left","10":"mobile-align-left","11":"ast-product-gallery-layout-vertical-slider","12":"ast-product-tabs-layout-accordion","13":"ast-qv-on-image","15":"first","16":"outofstock","17":"shipping-taxable","18":"purchasable","19":"product-type-simple"},"acf":[],"_links":{"self":[{"href":"https:\/\/asymmetricbydesign.com\/fr\/wp-json\/wp\/v2\/product\/5370","targetHints":{"allow":["GET"]}}],"collection":[{"href":"https:\/\/asymmetricbydesign.com\/fr\/wp-json\/wp\/v2\/product"}],"about":[{"href":"https:\/\/asymmetricbydesign.com\/fr\/wp-json\/wp\/v2\/types\/product"}],"version-history":[{"count":0,"href":"https:\/\/asymmetricbydesign.com\/fr\/wp-json\/wp\/v2\/product\/5370\/revisions"}],"wp:featuredmedia":[{"embeddable":true,"href":"https:\/\/asymmetricbydesign.com\/fr\/wp-json\/wp\/v2\/media\/4541"}],"wp:attachment":[{"href":"https:\/\/asymmetricbydesign.com\/fr\/wp-json\/wp\/v2\/media?parent=5370"}],"wp:term":[{"taxonomy":"product_brand","embeddable":true,"href":"https:\/\/asymmetricbydesign.com\/fr\/wp-json\/wp\/v2\/product_brand?post=5370"},{"taxonomy":"product_cat","embeddable":true,"href":"https:\/\/asymmetricbydesign.com\/fr\/wp-json\/wp\/v2\/product_cat?post=5370"},{"taxonomy":"product_tag","embeddable":true,"href":"https:\/\/asymmetricbydesign.com\/fr\/wp-json\/wp\/v2\/product_tag?post=5370"}],"curies":[{"name":"wp","href":"https:\/\/api.w.org\/{rel}","templated":true}]}}