{"id":5374,"date":"2023-09-24T16:20:36","date_gmt":"2023-09-24T16:20:36","guid":{"rendered":"https:\/\/asymmetricbydesign.com\/product\/meilleurs-amis-pour-toujours\/"},"modified":"2023-09-24T16:20:36","modified_gmt":"2023-09-24T16:20:36","slug":"meilleurs-amis-pour-toujours","status":"publish","type":"product","link":"https:\/\/asymmetricbydesign.com\/fr\/produit\/meilleurs-amis-pour-toujours\/","title":{"rendered":"Meilleurs amis pour toujours !"},"content":{"rendered":"","protected":false},"excerpt":{"rendered":"<p>CAD  <\/p>\n<p>Magnifique collier de perles de monnaie en corail avec deux magnifiques pav\u00e9s d\u00e9coup\u00e9s (le plus grand mesure 2,33 cm et le plus petit 1,5 cm). Le lustre est magnifique sur ces perles irr\u00e9guli\u00e8res. Si vous aviez besoin d&rsquo;un collier sp\u00e9cial pour une personne sp\u00e9ciale dans votre vie ou pour une occasion sp\u00e9ciale, c&rsquo;est celui-ci ! Incroyablement portable, avec du blanc, du noir, du gris, du rose&#8230;. Une merveille pour les 4 saisons ! Chaque perle individuelle mesure environ 9 mm &#8211; la paire mesure donc environ 2 cm,<\/p>\n<p>J&rsquo;ai un \u00e9norme faible pour les perles et j&rsquo;aime toutes les formes et toutes les couleurs. Les perles \u00e0 pi\u00e8ces sont elles-m\u00eames difficiles \u00e0 trouver &#8211; les perles \u00e0 pi\u00e8ces jumelles, presque jamais vues ! Ce sont les premiers brins que j&rsquo;ai vus.  <\/p>\n<p>Les perles roses\/corail sont \u00e9galement tr\u00e8s sp\u00e9ciales car elles symbolisent l&rsquo;amour, la passion, le romantisme, la c\u00e9l\u00e9brit\u00e9 et l&rsquo;\u00e9nergie positive. Qu&rsquo;ils vous apportent cela et plus encore !<\/p>\n<p>Remarque : chaque perle est diff\u00e9rente et unique.<\/p>\n<p>20&Prime; de longueur.  <\/p>\n<p>Ce collier unique a \u00e9t\u00e9 inspir\u00e9 par le mois d&rsquo;octobre de sensibilisation \u00e0 la lutte contre le cancer du sein. Nous sommes tr\u00e8s heureux d&rsquo;avoir fait un don \u00e0 cette cause tr\u00e8s louable.<\/p>\n","protected":false},"featured_media":4544,"template":"","meta":{"_acf_changed":false,"site-sidebar-layout":"default","site-content-layout":"default","ast-site-content-layout":"default","site-content-style":"default","site-sidebar-style":"default","ast-global-header-display":"","ast-banner-title-visibility":"","ast-main-header-display":"","ast-hfb-above-header-display":"","ast-hfb-below-header-display":"","ast-hfb-mobile-header-display":"","site-post-title":"","ast-breadcrumbs-content":"","ast-featured-img":"","footer-sml-layout":"","ast-disable-related-posts":"","theme-transparent-header-meta":"default","adv-header-id-meta":"","stick-header-meta":"","header-above-stick-meta":"","header-main-stick-meta":"","header-below-stick-meta":"","astra-migrate-meta-layouts":"default","ast-page-background-enabled":"default","ast-page-background-meta":{"desktop":{"background-color":"var(--ast-global-color-4)","background-image":"","background-repeat":"repeat","background-position":"center center","background-size":"auto","background-attachment":"scroll","background-type":"","background-media":"","overlay-type":"","overlay-color":"","overlay-opacity":"","overlay-gradient":""},"tablet":{"background-color":"","background-image":"","background-repeat":"repeat","background-position":"center center","background-size":"auto","background-attachment":"scroll","background-type":"","background-media":"","overlay-type":"","overlay-color":"","overlay-opacity":"","overlay-gradient":""},"mobile":{"background-color":"","background-image":"","background-repeat":"repeat","background-position":"center center","background-size":"auto","background-attachment":"scroll","background-type":"","background-media":"","overlay-type":"","overlay-color":"","overlay-opacity":"","overlay-gradient":""}},"ast-content-background-meta":{"desktop":{"background-color":"var(--ast-global-color-5)","background-image":"","background-repeat":"repeat","background-position":"center center","background-size":"auto","background-attachment":"scroll","background-type":"","background-media":"","overlay-type":"","overlay-color":"","overlay-opacity":"","overlay-gradient":""},"tablet":{"background-color":"var(--ast-global-color-5)","background-image":"","background-repeat":"repeat","background-position":"center center","background-size":"auto","background-attachment":"scroll","background-type":"","background-media":"","overlay-type":"","overlay-color":"","overlay-opacity":"","overlay-gradient":""},"mobile":{"background-color":"var(--ast-global-color-5)","background-image":"","background-repeat":"repeat","background-position":"center center","background-size":"auto","background-attachment":"scroll","background-type":"","background-media":"","overlay-type":"","overlay-color":"","overlay-opacity":"","overlay-gradient":""}}},"product_brand":[],"product_cat":[73],"product_tag":[],"class_list":{"0":"post-5374","1":"product","2":"type-product","3":"status-publish","4":"has-post-thumbnail","6":"product_cat-elegance-intemporelle-pearl","7":"desktop-align-center","8":"tablet-align-left","9":"mobile-align-left","10":"ast-product-gallery-layout-vertical-slider","11":"ast-product-tabs-layout-accordion","12":"ast-qv-on-image","14":"first","15":"outofstock","16":"shipping-taxable","17":"purchasable","18":"product-type-simple"},"acf":[],"_links":{"self":[{"href":"https:\/\/asymmetricbydesign.com\/fr\/wp-json\/wp\/v2\/product\/5374","targetHints":{"allow":["GET"]}}],"collection":[{"href":"https:\/\/asymmetricbydesign.com\/fr\/wp-json\/wp\/v2\/product"}],"about":[{"href":"https:\/\/asymmetricbydesign.com\/fr\/wp-json\/wp\/v2\/types\/product"}],"version-history":[{"count":0,"href":"https:\/\/asymmetricbydesign.com\/fr\/wp-json\/wp\/v2\/product\/5374\/revisions"}],"wp:featuredmedia":[{"embeddable":true,"href":"https:\/\/asymmetricbydesign.com\/fr\/wp-json\/wp\/v2\/media\/4544"}],"wp:attachment":[{"href":"https:\/\/asymmetricbydesign.com\/fr\/wp-json\/wp\/v2\/media?parent=5374"}],"wp:term":[{"taxonomy":"product_brand","embeddable":true,"href":"https:\/\/asymmetricbydesign.com\/fr\/wp-json\/wp\/v2\/product_brand?post=5374"},{"taxonomy":"product_cat","embeddable":true,"href":"https:\/\/asymmetricbydesign.com\/fr\/wp-json\/wp\/v2\/product_cat?post=5374"},{"taxonomy":"product_tag","embeddable":true,"href":"https:\/\/asymmetricbydesign.com\/fr\/wp-json\/wp\/v2\/product_tag?post=5374"}],"curies":[{"name":"wp","href":"https:\/\/api.w.org\/{rel}","templated":true}]}}