{"id":5385,"date":"2022-02-01T21:49:27","date_gmt":"2022-02-01T21:49:27","guid":{"rendered":"https:\/\/asymmetricbydesign.com\/product\/ensemble-cest-mieux\/"},"modified":"2022-02-01T21:49:27","modified_gmt":"2022-02-01T21:49:27","slug":"ensemble-cest-mieux","status":"publish","type":"product","link":"https:\/\/asymmetricbydesign.com\/fr\/produit\/ensemble-cest-mieux\/","title":{"rendered":"Ensemble, c&rsquo;est mieux"},"content":{"rendered":"","protected":false},"excerpt":{"rendered":"<p><strong>CAD<img decoding=\"async\" class=\"alignnone wp-image-1470\" src=\"https:\/\/asymmetricbydesign.com\/wp-content\/uploads\/2021\/05\/hoja.png\" alt=\"\" width=\"20\" height=\"15\"><\/strong><\/p>\n<p>Dans le cadre de la collection F\u00e9vrier 2022, Saint-Valentin, une version rouge-orange de l&rsquo;un de mes mod\u00e8les les plus populaires : des perles anciennes\/vintage, toutes brillamment fabriqu\u00e9es \u00e0 la main dans le monde entier : Afrique du Nord, Afrique et Asie, combin\u00e9es \u00e0 de nouvelles perles recycl\u00e9es \u00e9galement fabriqu\u00e9es \u00e0 la main.<\/p>\n<p>Une collection de perles tribales en argent d&rsquo;Afrique du Nord (la plupart \u00e2g\u00e9es de 60 ans et plus) avec un travail exquis, du m\u00e9tal recycl\u00e9 et une perle moul\u00e9e au sable du Ghana, de la cornaline sculpt\u00e9e et de la r\u00e9sine de Chine, des perles en r\u00e9sine d&rsquo;\u00e9poque. J&rsquo;aime travailler avec les pierres de Cornaline car elles symbolisent l&rsquo;\u00e9nergie audacieuse, la chaleur et la joie qui persistent tout autant qu&rsquo;elles renforcent et stimulent. Elle est connue pour \u00eatre une pierre de courage, d&rsquo;endurance, d&rsquo;\u00e9nergie, de leadership et de motivation. Les cornalines nous ont inspir\u00e9s et prot\u00e9g\u00e9s tout au long de l&rsquo;histoire gr\u00e2ce \u00e0 leurs couleurs vives et riches.<\/p>\n<p>Longueur : 15 pouces<\/p>\n<p>Poids : 53 grammes<\/p>\n<p>&nbsp;<\/p>\n","protected":false},"featured_media":4566,"template":"","meta":{"_acf_changed":false,"site-sidebar-layout":"default","site-content-layout":"default","ast-site-content-layout":"default","site-content-style":"default","site-sidebar-style":"default","ast-global-header-display":"","ast-banner-title-visibility":"","ast-main-header-display":"","ast-hfb-above-header-display":"","ast-hfb-below-header-display":"","ast-hfb-mobile-header-display":"","site-post-title":"","ast-breadcrumbs-content":"","ast-featured-img":"","footer-sml-layout":"","ast-disable-related-posts":"","theme-transparent-header-meta":"default","adv-header-id-meta":"","stick-header-meta":"","header-above-stick-meta":"","header-main-stick-meta":"","header-below-stick-meta":"","astra-migrate-meta-layouts":"default","ast-page-background-enabled":"default","ast-page-background-meta":{"desktop":{"background-color":"var(--ast-global-color-4)","background-image":"","background-repeat":"repeat","background-position":"center center","background-size":"auto","background-attachment":"scroll","background-type":"","background-media":"","overlay-type":"","overlay-color":"","overlay-opacity":"","overlay-gradient":""},"tablet":{"background-color":"","background-image":"","background-repeat":"repeat","background-position":"center center","background-size":"auto","background-attachment":"scroll","background-type":"","background-media":"","overlay-type":"","overlay-color":"","overlay-opacity":"","overlay-gradient":""},"mobile":{"background-color":"","background-image":"","background-repeat":"repeat","background-position":"center center","background-size":"auto","background-attachment":"scroll","background-type":"","background-media":"","overlay-type":"","overlay-color":"","overlay-opacity":"","overlay-gradient":""}},"ast-content-background-meta":{"desktop":{"background-color":"var(--ast-global-color-5)","background-image":"","background-repeat":"repeat","background-position":"center center","background-size":"auto","background-attachment":"scroll","background-type":"","background-media":"","overlay-type":"","overlay-color":"","overlay-opacity":"","overlay-gradient":""},"tablet":{"background-color":"var(--ast-global-color-5)","background-image":"","background-repeat":"repeat","background-position":"center center","background-size":"auto","background-attachment":"scroll","background-type":"","background-media":"","overlay-type":"","overlay-color":"","overlay-opacity":"","overlay-gradient":""},"mobile":{"background-color":"var(--ast-global-color-5)","background-image":"","background-repeat":"repeat","background-position":"center center","background-size":"auto","background-attachment":"scroll","background-type":"","background-media":"","overlay-type":"","overlay-color":"","overlay-opacity":"","overlay-gradient":""}}},"product_brand":[],"product_cat":[71,69],"product_tag":[],"class_list":{"0":"post-5385","1":"product","2":"type-product","3":"status-publish","4":"has-post-thumbnail","6":"product_cat-durable","7":"product_cat-non-classifiee","8":"desktop-align-center","9":"tablet-align-left","10":"mobile-align-left","11":"ast-product-gallery-layout-vertical-slider","12":"ast-product-gallery-with-no-image","13":"ast-product-tabs-layout-accordion","14":"ast-qv-on-image","16":"first","17":"outofstock","18":"shipping-taxable","19":"purchasable","20":"product-type-simple"},"acf":[],"_links":{"self":[{"href":"https:\/\/asymmetricbydesign.com\/fr\/wp-json\/wp\/v2\/product\/5385","targetHints":{"allow":["GET"]}}],"collection":[{"href":"https:\/\/asymmetricbydesign.com\/fr\/wp-json\/wp\/v2\/product"}],"about":[{"href":"https:\/\/asymmetricbydesign.com\/fr\/wp-json\/wp\/v2\/types\/product"}],"version-history":[{"count":0,"href":"https:\/\/asymmetricbydesign.com\/fr\/wp-json\/wp\/v2\/product\/5385\/revisions"}],"wp:featuredmedia":[{"embeddable":true,"href":"https:\/\/asymmetricbydesign.com\/fr\/wp-json\/wp\/v2\/media\/4566"}],"wp:attachment":[{"href":"https:\/\/asymmetricbydesign.com\/fr\/wp-json\/wp\/v2\/media?parent=5385"}],"wp:term":[{"taxonomy":"product_brand","embeddable":true,"href":"https:\/\/asymmetricbydesign.com\/fr\/wp-json\/wp\/v2\/product_brand?post=5385"},{"taxonomy":"product_cat","embeddable":true,"href":"https:\/\/asymmetricbydesign.com\/fr\/wp-json\/wp\/v2\/product_cat?post=5385"},{"taxonomy":"product_tag","embeddable":true,"href":"https:\/\/asymmetricbydesign.com\/fr\/wp-json\/wp\/v2\/product_tag?post=5385"}],"curies":[{"name":"wp","href":"https:\/\/api.w.org\/{rel}","templated":true}]}}