{"id":5394,"date":"2023-09-24T16:21:22","date_gmt":"2023-09-24T16:21:22","guid":{"rendered":"https:\/\/asymmetricbydesign.com\/product\/recif-corallien-collier-3-en-1\/"},"modified":"2023-09-24T16:21:22","modified_gmt":"2023-09-24T16:21:22","slug":"recif-corallien-collier-3-en-1","status":"publish","type":"product","link":"https:\/\/asymmetricbydesign.com\/fr\/produit\/recif-corallien-collier-3-en-1\/","title":{"rendered":"R\u00e9cif corallien. Collier 3 en 1 !"},"content":{"rendered":"","protected":false},"excerpt":{"rendered":"<p><strong>CAD<img decoding=\"async\" class=\"alignnone wp-image-1470\" src=\"https:\/\/asymmetricbydesign.com\/wp-content\/uploads\/2021\/05\/hoja.png\" alt=\"\" width=\"20\" height=\"15\"><\/strong><\/p>\n<p>Fait partie de la collection F\u00e9vrier 2022, Saint-Valentin &#8211; corail rouge vif <strong>vintage<\/strong> associ\u00e9 \u00e0 de la pierre de lave noire.<\/p>\n<p>C&rsquo;est mon motif pr\u00e9f\u00e9r\u00e9 de cette collection de la Saint-Valentin et il est TELLEMENT VERSATILE ! Portez-la non pas de 1 ou 2 mais de 3 fa\u00e7ons ! C&rsquo;est une v\u00e9ritable pi\u00e8ce ma\u00eetresse et beaucoup plus l\u00e9g\u00e8re qu&rsquo;on ne le pense.<\/p>\n<p>J&rsquo;ai ador\u00e9 m\u00e9langer ces deux \u00e9l\u00e9ments naturels avec des couleurs \u00e9tonnamment diff\u00e9rentes, tous deux \u00e9tant connus pour refl\u00e9ter la <strong>confiance, la concentration mentale et l&rsquo;\u00e9nergie ! <\/strong>C&rsquo;est exactement ce que nous voulons projeter.<\/p>\n<p>Le corail rouge est une pierre pr\u00e9cieuse qui optimise la vitalit\u00e9, le bien-\u00eatre et la concentration mentale. Il repr\u00e9sente le succ\u00e8s et la prosp\u00e9rit\u00e9 et signifie \u00e9galement la circulation, tant \u00e0 l&rsquo;int\u00e9rieur du corps qu&rsquo;\u00e0 l&rsquo;ext\u00e9rieur. La signification du corail rouge est l&rsquo;<b>utilisation correcte du pouvoir, de l&rsquo;\u00e9nergie inexploit\u00e9e et de l&rsquo;ambition motrice qui cr\u00e9e le leadership, le courage et la confiance<\/b>.<\/p>\n<p>La pierre de lave est r\u00e9put\u00e9e favoriser la tranquillit\u00e9 \u00e9motionnelle et apporter calme et d\u00e9tente.<\/p>\n<p>Longueur : 20 pouces &#8211; 16 pouces<\/p>\n<p>Poids : Trois brins : 120 grammes, doubles brins : 61 grammes et brin unique : 65 grammes<\/p>\n","protected":false},"featured_media":4590,"template":"","meta":{"_acf_changed":false,"site-sidebar-layout":"default","site-content-layout":"default","ast-site-content-layout":"default","site-content-style":"default","site-sidebar-style":"default","ast-global-header-display":"","ast-banner-title-visibility":"","ast-main-header-display":"","ast-hfb-above-header-display":"","ast-hfb-below-header-display":"","ast-hfb-mobile-header-display":"","site-post-title":"","ast-breadcrumbs-content":"","ast-featured-img":"","footer-sml-layout":"","ast-disable-related-posts":"","theme-transparent-header-meta":"default","adv-header-id-meta":"","stick-header-meta":"","header-above-stick-meta":"","header-main-stick-meta":"","header-below-stick-meta":"","astra-migrate-meta-layouts":"default","ast-page-background-enabled":"default","ast-page-background-meta":{"desktop":{"background-color":"var(--ast-global-color-4)","background-image":"","background-repeat":"repeat","background-position":"center center","background-size":"auto","background-attachment":"scroll","background-type":"","background-media":"","overlay-type":"","overlay-color":"","overlay-opacity":"","overlay-gradient":""},"tablet":{"background-color":"","background-image":"","background-repeat":"repeat","background-position":"center center","background-size":"auto","background-attachment":"scroll","background-type":"","background-media":"","overlay-type":"","overlay-color":"","overlay-opacity":"","overlay-gradient":""},"mobile":{"background-color":"","background-image":"","background-repeat":"repeat","background-position":"center center","background-size":"auto","background-attachment":"scroll","background-type":"","background-media":"","overlay-type":"","overlay-color":"","overlay-opacity":"","overlay-gradient":""}},"ast-content-background-meta":{"desktop":{"background-color":"var(--ast-global-color-5)","background-image":"","background-repeat":"repeat","background-position":"center center","background-size":"auto","background-attachment":"scroll","background-type":"","background-media":"","overlay-type":"","overlay-color":"","overlay-opacity":"","overlay-gradient":""},"tablet":{"background-color":"var(--ast-global-color-5)","background-image":"","background-repeat":"repeat","background-position":"center center","background-size":"auto","background-attachment":"scroll","background-type":"","background-media":"","overlay-type":"","overlay-color":"","overlay-opacity":"","overlay-gradient":""},"mobile":{"background-color":"var(--ast-global-color-5)","background-image":"","background-repeat":"repeat","background-position":"center center","background-size":"auto","background-attachment":"scroll","background-type":"","background-media":"","overlay-type":"","overlay-color":"","overlay-opacity":"","overlay-gradient":""}}},"product_brand":[],"product_cat":[69],"product_tag":[],"class_list":{"0":"post-5394","1":"product","2":"type-product","3":"status-publish","4":"has-post-thumbnail","6":"product_cat-non-classifiee","7":"desktop-align-center","8":"tablet-align-left","9":"mobile-align-left","10":"ast-product-gallery-layout-vertical-slider","11":"ast-product-gallery-with-no-image","12":"ast-product-tabs-layout-accordion","13":"ast-qv-on-image","15":"first","16":"outofstock","17":"shipping-taxable","18":"purchasable","19":"product-type-simple"},"acf":[],"_links":{"self":[{"href":"https:\/\/asymmetricbydesign.com\/fr\/wp-json\/wp\/v2\/product\/5394","targetHints":{"allow":["GET"]}}],"collection":[{"href":"https:\/\/asymmetricbydesign.com\/fr\/wp-json\/wp\/v2\/product"}],"about":[{"href":"https:\/\/asymmetricbydesign.com\/fr\/wp-json\/wp\/v2\/types\/product"}],"version-history":[{"count":0,"href":"https:\/\/asymmetricbydesign.com\/fr\/wp-json\/wp\/v2\/product\/5394\/revisions"}],"wp:featuredmedia":[{"embeddable":true,"href":"https:\/\/asymmetricbydesign.com\/fr\/wp-json\/wp\/v2\/media\/4590"}],"wp:attachment":[{"href":"https:\/\/asymmetricbydesign.com\/fr\/wp-json\/wp\/v2\/media?parent=5394"}],"wp:term":[{"taxonomy":"product_brand","embeddable":true,"href":"https:\/\/asymmetricbydesign.com\/fr\/wp-json\/wp\/v2\/product_brand?post=5394"},{"taxonomy":"product_cat","embeddable":true,"href":"https:\/\/asymmetricbydesign.com\/fr\/wp-json\/wp\/v2\/product_cat?post=5394"},{"taxonomy":"product_tag","embeddable":true,"href":"https:\/\/asymmetricbydesign.com\/fr\/wp-json\/wp\/v2\/product_tag?post=5394"}],"curies":[{"name":"wp","href":"https:\/\/api.w.org\/{rel}","templated":true}]}}