{"id":5395,"date":"2023-09-24T16:21:40","date_gmt":"2023-09-24T16:21:40","guid":{"rendered":"https:\/\/asymmetricbydesign.com\/product\/chic\/"},"modified":"2023-09-24T16:21:40","modified_gmt":"2023-09-24T16:21:40","slug":"chic","status":"publish","type":"product","link":"https:\/\/asymmetricbydesign.com\/fr\/produit\/chic\/","title":{"rendered":"Chic !"},"content":{"rendered":"","protected":false},"excerpt":{"rendered":"<p><strong>CAD<\/strong><\/p>\n<p>Rien de tel qu&rsquo;un collier de perles pour rehausser une tenue ! Et je pense que nous sommes tous pr\u00eats, plus que pr\u00eats, \u00e0 sortir !<\/p>\n<p>Trois perles coiff\u00e9es de strass et des perles de verre bleu et vert fonc\u00e9 ajoutent une petite touche de couleur et rehaussent la sophistication de ce collier de perles. Les perles sont g\u00e9n\u00e9ralement rondes (5 mm de profondeur et 6,5 mm) et l\u00e9g\u00e8rement irr\u00e9guli\u00e8res. Il est de longueur moyenne, plus long que la plupart des colliers de notre collection.<\/p>\n<p>\u00ab\u00a0<a href=\"https:\/\/www.thepearlsource.com\/blog\/wedding-traditions-wedding-jewelry-history\/\" target=\"_blank\" rel=\"noreferrer noopener\">Selon l&rsquo;histoire<\/a> et les mythes, les perles symbolisent la sagesse acquise par l&rsquo;<a href=\"http:\/\/blog.longsjewelers.com\/estate\/mythology-of-pearls\" target=\"_blank\" rel=\"noreferrer noopener\">exp\u00e9rience<\/a>. On pense que ces pierres pr\u00e9cieuses offrent une protection et qu&rsquo;elles attirent la chance et la richesse. Elles sont connues pour leurs effets calmants. Les perles ont la capacit\u00e9 d&rsquo;\u00e9quilibrer votre karma\u00a0\u00bb. Thepearlsource.com<\/p>\n<p>Longueur : 23 pouces<\/p>\n<p>Poids : 98 grammes<\/p>\n<p>Note : Nous pouvons ajuster le poids et la longueur.<\/p>\n","protected":false},"featured_media":4630,"template":"","meta":{"_acf_changed":false,"site-sidebar-layout":"default","site-content-layout":"default","ast-site-content-layout":"default","site-content-style":"default","site-sidebar-style":"default","ast-global-header-display":"","ast-banner-title-visibility":"","ast-main-header-display":"","ast-hfb-above-header-display":"","ast-hfb-below-header-display":"","ast-hfb-mobile-header-display":"","site-post-title":"","ast-breadcrumbs-content":"","ast-featured-img":"","footer-sml-layout":"","ast-disable-related-posts":"","theme-transparent-header-meta":"default","adv-header-id-meta":"","stick-header-meta":"","header-above-stick-meta":"","header-main-stick-meta":"","header-below-stick-meta":"","astra-migrate-meta-layouts":"default","ast-page-background-enabled":"default","ast-page-background-meta":{"desktop":{"background-color":"var(--ast-global-color-4)","background-image":"","background-repeat":"repeat","background-position":"center center","background-size":"auto","background-attachment":"scroll","background-type":"","background-media":"","overlay-type":"","overlay-color":"","overlay-opacity":"","overlay-gradient":""},"tablet":{"background-color":"","background-image":"","background-repeat":"repeat","background-position":"center center","background-size":"auto","background-attachment":"scroll","background-type":"","background-media":"","overlay-type":"","overlay-color":"","overlay-opacity":"","overlay-gradient":""},"mobile":{"background-color":"","background-image":"","background-repeat":"repeat","background-position":"center center","background-size":"auto","background-attachment":"scroll","background-type":"","background-media":"","overlay-type":"","overlay-color":"","overlay-opacity":"","overlay-gradient":""}},"ast-content-background-meta":{"desktop":{"background-color":"var(--ast-global-color-5)","background-image":"","background-repeat":"repeat","background-position":"center center","background-size":"auto","background-attachment":"scroll","background-type":"","background-media":"","overlay-type":"","overlay-color":"","overlay-opacity":"","overlay-gradient":""},"tablet":{"background-color":"var(--ast-global-color-5)","background-image":"","background-repeat":"repeat","background-position":"center center","background-size":"auto","background-attachment":"scroll","background-type":"","background-media":"","overlay-type":"","overlay-color":"","overlay-opacity":"","overlay-gradient":""},"mobile":{"background-color":"var(--ast-global-color-5)","background-image":"","background-repeat":"repeat","background-position":"center center","background-size":"auto","background-attachment":"scroll","background-type":"","background-media":"","overlay-type":"","overlay-color":"","overlay-opacity":"","overlay-gradient":""}}},"product_brand":[],"product_cat":[73],"product_tag":[],"class_list":{"0":"post-5395","1":"product","2":"type-product","3":"status-publish","4":"has-post-thumbnail","6":"product_cat-elegance-intemporelle-pearl","7":"desktop-align-center","8":"tablet-align-left","9":"mobile-align-left","10":"ast-product-gallery-layout-vertical-slider","11":"ast-product-tabs-layout-accordion","12":"ast-qv-on-image","14":"first","15":"outofstock","16":"shipping-taxable","17":"purchasable","18":"product-type-simple"},"acf":[],"_links":{"self":[{"href":"https:\/\/asymmetricbydesign.com\/fr\/wp-json\/wp\/v2\/product\/5395","targetHints":{"allow":["GET"]}}],"collection":[{"href":"https:\/\/asymmetricbydesign.com\/fr\/wp-json\/wp\/v2\/product"}],"about":[{"href":"https:\/\/asymmetricbydesign.com\/fr\/wp-json\/wp\/v2\/types\/product"}],"version-history":[{"count":0,"href":"https:\/\/asymmetricbydesign.com\/fr\/wp-json\/wp\/v2\/product\/5395\/revisions"}],"wp:featuredmedia":[{"embeddable":true,"href":"https:\/\/asymmetricbydesign.com\/fr\/wp-json\/wp\/v2\/media\/4630"}],"wp:attachment":[{"href":"https:\/\/asymmetricbydesign.com\/fr\/wp-json\/wp\/v2\/media?parent=5395"}],"wp:term":[{"taxonomy":"product_brand","embeddable":true,"href":"https:\/\/asymmetricbydesign.com\/fr\/wp-json\/wp\/v2\/product_brand?post=5395"},{"taxonomy":"product_cat","embeddable":true,"href":"https:\/\/asymmetricbydesign.com\/fr\/wp-json\/wp\/v2\/product_cat?post=5395"},{"taxonomy":"product_tag","embeddable":true,"href":"https:\/\/asymmetricbydesign.com\/fr\/wp-json\/wp\/v2\/product_tag?post=5395"}],"curies":[{"name":"wp","href":"https:\/\/api.w.org\/{rel}","templated":true}]}}