{"id":5398,"date":"2023-09-24T16:21:40","date_gmt":"2023-09-24T16:21:40","guid":{"rendered":"https:\/\/asymmetricbydesign.com\/product\/la-diversite-est-une-bonne-chose\/"},"modified":"2023-11-27T17:13:58","modified_gmt":"2023-11-27T17:13:58","slug":"la-diversite-est-une-bonne-chose","status":"publish","type":"product","link":"https:\/\/asymmetricbydesign.com\/fr\/produit\/la-diversite-est-une-bonne-chose\/","title":{"rendered":"La diversit\u00e9 est une bonne chose"},"content":{"rendered":"<p>Ce collier fait partie de notre collection 2022 Pride. Chez <span class=\"bnpdmtie diy96o5h\" spellcheck=\"false\">Asymmetric by Design,<\/span> nous pensons que tout le monde doit \u00eatre trait\u00e9 de la m\u00eame mani\u00e8re, ind\u00e9pendamment de ce qu&rsquo;il est ou de ce qu&rsquo;il aime.<br \/>\nJ&rsquo;adore ces perles en verre recycl\u00e9 et ces pi\u00e8ces en laiton \u00e0 la cire perdue, chacune coul\u00e9e individuellement au Ghana et combin\u00e9e \u00e0 des rondelles de noix de coco. Je m&rsquo;amuse beaucoup avec \u00e7a !<\/p>\n<p>Comme beaucoup de nos pi\u00e8ces, nous voulons faire une d\u00e9claration. Les rondelles de noix de coco rendent ce collier plus l\u00e9ger.<\/p>\n","protected":false},"excerpt":{"rendered":"<p>Ce collier fait partie de notre collection 2022 Pride. Chez <span class=\"bnpdmtie diy96o5h\" spellcheck=\"false\">Asymmetric by Design,<\/span> nous pensons que tout le monde doit \u00eatre trait\u00e9 de la m\u00eame mani\u00e8re, ind\u00e9pendamment de qui il est ou de qui il aime.<br \/>\nJ&rsquo;adore ces perles en verre recycl\u00e9 et ces pi\u00e8ces en laiton \u00e0 la cire perdue, chacune coul\u00e9e individuellement au Ghana et combin\u00e9e \u00e0 des rondelles de noix de coco. Je m&rsquo;amuse beaucoup avec \u00e7a !<\/p>\n<p>Comme beaucoup de nos pi\u00e8ces, nous voulons faire une d\u00e9claration. Les rondelles de noix de coco rendent ce collier plus l\u00e9ger.<\/p>\n","protected":false},"featured_media":4631,"template":"","meta":{"_acf_changed":false,"site-sidebar-layout":"default","site-content-layout":"default","ast-site-content-layout":"default","site-content-style":"default","site-sidebar-style":"default","ast-global-header-display":"","ast-banner-title-visibility":"","ast-main-header-display":"","ast-hfb-above-header-display":"","ast-hfb-below-header-display":"","ast-hfb-mobile-header-display":"","site-post-title":"","ast-breadcrumbs-content":"","ast-featured-img":"","footer-sml-layout":"","ast-disable-related-posts":"","theme-transparent-header-meta":"default","adv-header-id-meta":"","stick-header-meta":"","header-above-stick-meta":"","header-main-stick-meta":"","header-below-stick-meta":"","astra-migrate-meta-layouts":"default","ast-page-background-enabled":"default","ast-page-background-meta":{"desktop":{"background-color":"var(--ast-global-color-4)","background-image":"","background-repeat":"repeat","background-position":"center center","background-size":"auto","background-attachment":"scroll","background-type":"","background-media":"","overlay-type":"","overlay-color":"","overlay-opacity":"","overlay-gradient":""},"tablet":{"background-color":"","background-image":"","background-repeat":"repeat","background-position":"center center","background-size":"auto","background-attachment":"scroll","background-type":"","background-media":"","overlay-type":"","overlay-color":"","overlay-opacity":"","overlay-gradient":""},"mobile":{"background-color":"","background-image":"","background-repeat":"repeat","background-position":"center center","background-size":"auto","background-attachment":"scroll","background-type":"","background-media":"","overlay-type":"","overlay-color":"","overlay-opacity":"","overlay-gradient":""}},"ast-content-background-meta":{"desktop":{"background-color":"var(--ast-global-color-5)","background-image":"","background-repeat":"repeat","background-position":"center center","background-size":"auto","background-attachment":"scroll","background-type":"","background-media":"","overlay-type":"","overlay-color":"","overlay-opacity":"","overlay-gradient":""},"tablet":{"background-color":"var(--ast-global-color-5)","background-image":"","background-repeat":"repeat","background-position":"center center","background-size":"auto","background-attachment":"scroll","background-type":"","background-media":"","overlay-type":"","overlay-color":"","overlay-opacity":"","overlay-gradient":""},"mobile":{"background-color":"var(--ast-global-color-5)","background-image":"","background-repeat":"repeat","background-position":"center center","background-size":"auto","background-attachment":"scroll","background-type":"","background-media":"","overlay-type":"","overlay-color":"","overlay-opacity":"","overlay-gradient":""}}},"product_brand":[],"product_cat":[71],"product_tag":[75,77],"class_list":{"0":"post-5398","1":"product","2":"type-product","3":"status-publish","4":"has-post-thumbnail","6":"product_cat-durable","7":"product_tag-durable","8":"product_tag-fierte","9":"desktop-align-center","10":"tablet-align-left","11":"mobile-align-left","12":"ast-product-gallery-layout-vertical-slider","13":"ast-product-gallery-with-no-image","14":"ast-product-tabs-layout-accordion","15":"ast-qv-on-image","17":"first","18":"outofstock","19":"shipping-taxable","20":"purchasable","21":"product-type-simple"},"acf":[],"_links":{"self":[{"href":"https:\/\/asymmetricbydesign.com\/fr\/wp-json\/wp\/v2\/product\/5398","targetHints":{"allow":["GET"]}}],"collection":[{"href":"https:\/\/asymmetricbydesign.com\/fr\/wp-json\/wp\/v2\/product"}],"about":[{"href":"https:\/\/asymmetricbydesign.com\/fr\/wp-json\/wp\/v2\/types\/product"}],"version-history":[{"count":0,"href":"https:\/\/asymmetricbydesign.com\/fr\/wp-json\/wp\/v2\/product\/5398\/revisions"}],"wp:featuredmedia":[{"embeddable":true,"href":"https:\/\/asymmetricbydesign.com\/fr\/wp-json\/wp\/v2\/media\/4631"}],"wp:attachment":[{"href":"https:\/\/asymmetricbydesign.com\/fr\/wp-json\/wp\/v2\/media?parent=5398"}],"wp:term":[{"taxonomy":"product_brand","embeddable":true,"href":"https:\/\/asymmetricbydesign.com\/fr\/wp-json\/wp\/v2\/product_brand?post=5398"},{"taxonomy":"product_cat","embeddable":true,"href":"https:\/\/asymmetricbydesign.com\/fr\/wp-json\/wp\/v2\/product_cat?post=5398"},{"taxonomy":"product_tag","embeddable":true,"href":"https:\/\/asymmetricbydesign.com\/fr\/wp-json\/wp\/v2\/product_tag?post=5398"}],"curies":[{"name":"wp","href":"https:\/\/api.w.org\/{rel}","templated":true}]}}