{"id":5402,"date":"2022-12-02T18:25:21","date_gmt":"2022-12-02T18:25:21","guid":{"rendered":"https:\/\/asymmetricbydesign.com\/product\/coupe-davis-2022\/"},"modified":"2024-07-25T03:45:30","modified_gmt":"2024-07-25T03:45:30","slug":"coupe-davis-2022","status":"publish","type":"product","link":"https:\/\/asymmetricbydesign.com\/fr\/produit\/coupe-davis-2022\/","title":{"rendered":"Coupe Davis &#8211; 2022"},"content":{"rendered":"<p>250 $ CAD et 25 $ Boucles d&rsquo;oreilles (les boucles d&rsquo;oreilles seront factur\u00e9es s\u00e9par\u00e9ment) Ce collier est un hommage \u00e0 F\u00e9lix Auger-Aliassime, Denis Shapovalov et \u00e0 l&rsquo;\u00e9quipe du Canada pour leur victoire historique en Coupe Davis. C&rsquo;est la premi\u00e8re fois que le Canada participe \u00e0 un tel \u00e9v\u00e9nement depuis 1913 ! Le tennis est le sport que je pr\u00e9f\u00e8re regarder et pratiquer. En l&rsquo;honneur de leur performance historique, nous avons renomm\u00e9 ce collier : Coupe Davis 2022. F\u00e9licitations ! Qu&rsquo;y a-t-il \u00e0 ne pas \u00ab\u00a0aimer\u00a0\u00bb dans le tennis ? Une grande perle y\u00e9m\u00e9nite en argent pur, estamp\u00e9e et emboss\u00e9e de mani\u00e8re complexe, est le point central, associ\u00e9e \u00e0 des rondelles de corail rouge et \u00e0 des branches vintage. Le rouge rappelle la couleur des maillots canadiens et la forme ronde celle d&rsquo;une balle de tennis. Le corail est une substance tr\u00e8s pris\u00e9e car on lui pr\u00eate des propri\u00e9t\u00e9s myst\u00e9rieuses et sacr\u00e9es. Il est le symbole de la modestie, de la sagesse, du bonheur et de l&rsquo;immortalit\u00e9.<\/p>\n","protected":false},"excerpt":{"rendered":"<p><span style=\"font-size: 16px;\">250 $ CAD et 25 $ boucles d&rsquo;oreilles (les boucles d&rsquo;oreilles seront factur\u00e9es s\u00e9par\u00e9ment)<\/span><span style=\"font-size: 16px;\">Rare, grande perle y\u00e9m\u00e9nite en argent pur et emboss\u00e9e de fa\u00e7on complexe comme point focal (elle est estampill\u00e9e pour l&rsquo;argent pur), associ\u00e9e \u00e0 des rondelles de corail rouge et \u00e0 des branches vintage<\/span>. Ce collier fait partie de<span style=\"font-size: 16px;\"> notre collection 2022 Summer : L&rsquo;eau. <\/span> <span style=\"font-size: 16px;\">L&rsquo;eau est si puissante : elle est essentielle \u00e0 la vie et constitue un baume pour l&rsquo;\u00e2me. C&rsquo;est en \u00e9coutant le reflux apaisant des vagues, au bord du lac Champlain, mon lieu de pr\u00e9dilection, que cette collection est n\u00e9e.<\/span><\/p>\n<div class=\"cxmmr5t8 oygrvhab hcukyx3x c1et5uql o9v6fnle ii04i59q\">\n<div dir=\"auto\">Le corail est une substance tr\u00e8s pris\u00e9e car on lui pr\u00eate de myst\u00e9rieuses propri\u00e9t\u00e9s sacr\u00e9es. Il est le symbole de la modestie, de la sagesse, du bonheur et de l&rsquo;immortalit\u00e9.<\/div>\n<\/div>\n<div dir=\"auto\"><\/div>\n<div dir=\"auto\">Longueur : XX pouces. Poids : XX grammes<\/div>\n","protected":false},"featured_media":4635,"template":"","meta":{"_acf_changed":false,"site-sidebar-layout":"default","site-content-layout":"default","ast-site-content-layout":"default","site-content-style":"default","site-sidebar-style":"default","ast-global-header-display":"","ast-banner-title-visibility":"","ast-main-header-display":"","ast-hfb-above-header-display":"","ast-hfb-below-header-display":"","ast-hfb-mobile-header-display":"","site-post-title":"","ast-breadcrumbs-content":"","ast-featured-img":"","footer-sml-layout":"","ast-disable-related-posts":"","theme-transparent-header-meta":"default","adv-header-id-meta":"","stick-header-meta":"default","header-above-stick-meta":"","header-main-stick-meta":"","header-below-stick-meta":"","astra-migrate-meta-layouts":"default","ast-page-background-enabled":"default","ast-page-background-meta":{"desktop":{"background-color":"var(--ast-global-color-4)","background-image":"","background-repeat":"repeat","background-position":"center center","background-size":"auto","background-attachment":"scroll","background-type":"","background-media":"","overlay-type":"","overlay-color":"","overlay-opacity":"","overlay-gradient":""},"tablet":{"background-color":"","background-image":"","background-repeat":"repeat","background-position":"center center","background-size":"auto","background-attachment":"scroll","background-type":"","background-media":"","overlay-type":"","overlay-color":"","overlay-opacity":"","overlay-gradient":""},"mobile":{"background-color":"","background-image":"","background-repeat":"repeat","background-position":"center center","background-size":"auto","background-attachment":"scroll","background-type":"","background-media":"","overlay-type":"","overlay-color":"","overlay-opacity":"","overlay-gradient":""}},"ast-content-background-meta":{"desktop":{"background-color":"var(--ast-global-color-5)","background-image":"","background-repeat":"repeat","background-position":"center center","background-size":"auto","background-attachment":"scroll","background-type":"","background-media":"","overlay-type":"","overlay-color":"","overlay-opacity":"","overlay-gradient":""},"tablet":{"background-color":"var(--ast-global-color-5)","background-image":"","background-repeat":"repeat","background-position":"center center","background-size":"auto","background-attachment":"scroll","background-type":"","background-media":"","overlay-type":"","overlay-color":"","overlay-opacity":"","overlay-gradient":""},"mobile":{"background-color":"var(--ast-global-color-5)","background-image":"","background-repeat":"repeat","background-position":"center center","background-size":"auto","background-attachment":"scroll","background-type":"","background-media":"","overlay-type":"","overlay-color":"","overlay-opacity":"","overlay-gradient":""}}},"product_brand":[],"product_cat":[71,94,84,89],"product_tag":[],"class_list":{"0":"post-5402","1":"product","2":"type-product","3":"status-publish","4":"has-post-thumbnail","6":"product_cat-durable","7":"product_cat-fabrique-au-quebec","8":"product_cat-journee-de-la-terre","9":"product_cat-vintage-antique-fr","10":"desktop-align-center","11":"tablet-align-left","12":"mobile-align-left","13":"ast-product-gallery-layout-vertical-slider","14":"ast-product-gallery-with-no-image","15":"ast-product-tabs-layout-accordion","16":"ast-qv-on-image","18":"first","19":"instock","20":"shipping-taxable","21":"purchasable","22":"product-type-simple"},"acf":[],"_links":{"self":[{"href":"https:\/\/asymmetricbydesign.com\/fr\/wp-json\/wp\/v2\/product\/5402","targetHints":{"allow":["GET"]}}],"collection":[{"href":"https:\/\/asymmetricbydesign.com\/fr\/wp-json\/wp\/v2\/product"}],"about":[{"href":"https:\/\/asymmetricbydesign.com\/fr\/wp-json\/wp\/v2\/types\/product"}],"version-history":[{"count":0,"href":"https:\/\/asymmetricbydesign.com\/fr\/wp-json\/wp\/v2\/product\/5402\/revisions"}],"wp:featuredmedia":[{"embeddable":true,"href":"https:\/\/asymmetricbydesign.com\/fr\/wp-json\/wp\/v2\/media\/4635"}],"wp:attachment":[{"href":"https:\/\/asymmetricbydesign.com\/fr\/wp-json\/wp\/v2\/media?parent=5402"}],"wp:term":[{"taxonomy":"product_brand","embeddable":true,"href":"https:\/\/asymmetricbydesign.com\/fr\/wp-json\/wp\/v2\/product_brand?post=5402"},{"taxonomy":"product_cat","embeddable":true,"href":"https:\/\/asymmetricbydesign.com\/fr\/wp-json\/wp\/v2\/product_cat?post=5402"},{"taxonomy":"product_tag","embeddable":true,"href":"https:\/\/asymmetricbydesign.com\/fr\/wp-json\/wp\/v2\/product_tag?post=5402"}],"curies":[{"name":"wp","href":"https:\/\/api.w.org\/{rel}","templated":true}]}}