{"id":5413,"date":"2023-10-01T19:21:15","date_gmt":"2023-10-01T19:21:15","guid":{"rendered":"https:\/\/asymmetricbydesign.com\/product\/une-nouvelle-aube-sannonce\/"},"modified":"2024-07-25T03:44:09","modified_gmt":"2024-07-25T03:44:09","slug":"une-nouvelle-aube-sannonce","status":"publish","type":"product","link":"https:\/\/asymmetricbydesign.com\/fr\/produit\/une-nouvelle-aube-sannonce\/","title":{"rendered":"Une nouvelle aube s&rsquo;annonce"},"content":{"rendered":"","protected":false},"excerpt":{"rendered":"<p>$150.00 CAD <b>Fait partie de la collection Peace and Ukrainian : \u00ab\u00a0L&rsquo;<i>harmonie dans chaque perle, une symphonie pour la paix.<\/i><\/b> Cette pi\u00e8ce est 100% recycl\u00e9e et upcycl\u00e9e : Perles de verre bleu recycl\u00e9es et inserts de verre recycl\u00e9 du Ghana (de la tradition de la cire perdue) avec des perles de commerce africaines vintage. Le grand insert en laiton \u00e0 double soleil me rappelle le champ de tournesols.  <\/p>\n<p class=\"x_elementToProof\"><b>L&rsquo;histoire de cette collection : <\/b>Dans chaque perle d\u00e9licate, une pri\u00e8re chuchot\u00e9e r\u00e9sonne &#8211; une d\u00e9dicace \u00e0 la paix, \u00e0 la d\u00e9mocratie et \u00e0 la tranquillit\u00e9. Cette collection d\u00e9passe les simples accessoires, elle est un symbole d&rsquo;unit\u00e9, faisant \u00e9cho \u00e0 l&rsquo;espoir collectif d&rsquo;un monde baign\u00e9 dans la s\u00e9r\u00e9nit\u00e9 de la paix. En tant que Canadien ayant de profondes racines ukrainiennes, l&rsquo;impact de l&rsquo;invasion alimente mon engagement \u00e0 rendre la pareille et \u00e0 promouvoir la paix. Chaque perle bleue et jaune refl\u00e8te le drapeau ukrainien, qui symbolise la libert\u00e9, l&rsquo;ind\u00e9pendance, la bravoure et le dynamisme. La collection, qui rend hommage au courage des Ukrainiens, se veut un talisman d&rsquo;espoir, dans l&rsquo;attente d&rsquo;un jour o\u00f9 ils seront \u00e0 nouveau libres.<\/p>\n<div class=\"x_elementToProof\">Cela fait partie de la collecte de fonds en faveur de l&rsquo;Ukraine. En tant que Canadienne d&rsquo;origine ukrainienne \u00e0 50 %, mon c\u0153ur, mon esprit et mes mains ne cessent de chercher des perles bleues et jaunes, les couleurs du drapeau ukrainien. Les couleurs symbolisent le ciel bleu au-dessus du champ de bl\u00e9 jaune, repr\u00e9sentant l&rsquo;Ukraine et les Ukrainiens tels qu&rsquo;ils sont : \u00e9pris de libert\u00e9, ind\u00e9pendants, courageux et dynamiques. Avec son histoire ancienne, le drapeau ukrainien occupe une place importante dans le c\u0153ur du peuple ukrainien et constitue le talisman de la nation. Nous sommes absolument impressionn\u00e9s par le courage et la d\u00e9termination des Ukrainiens et nous esp\u00e9rons qu&rsquo;ils retrouveront bient\u00f4t la libert\u00e9.<\/div>\n<div><\/div>\n<div class=\"x_elementToProof\"><b>20% des ventes iront \u00e0 Unbroken.org.ua<\/b>, une ONG qui fournit des traitements. Proth\u00e8se. R\u00e9habilitation pour les Ukrainiens en Ukraine.<\/div>\n<div class=\"x_elementToProof\"><\/div>\n<div class=\"x_elementToProof\">Dans la mesure du possible, nous utilisons des mat\u00e9riaux recycl\u00e9s et anciens pour leurs qualit\u00e9s artistiques et leur faible impact sur l&rsquo;environnement. Nous aimons \u00e9galement soutenir les artisans dans les pays en d\u00e9veloppement, afin que les traditions et l&rsquo;artisanat restent vivants et soient transmis de g\u00e9n\u00e9ration en g\u00e9n\u00e9ration, et afin d&rsquo;aider leurs familles \u00e0 subvenir \u00e0 leurs besoins.<\/div>\n<p>  Cela fait partie de la collecte de fonds en faveur de l&rsquo;Ukraine. En tant que Canadienne d&rsquo;origine ukrainienne \u00e0 50 %, mon c\u0153ur, mon esprit et mes mains ne cessent de chercher des perles bleues et jaunes, les couleurs du drapeau ukrainien. Les couleurs symbolisent le ciel bleu au-dessus du champ de bl\u00e9 jaune, repr\u00e9sentant l&rsquo;Ukraine et les Ukrainiens tels qu&rsquo;ils sont : \u00e9pris de libert\u00e9, ind\u00e9pendants, courageux et dynamiques. Avec son histoire ancienne, le drapeau ukrainien occupe une place importante dans le c\u0153ur du peuple ukrainien et constitue le talisman de la nation \u00e0 travers les \u00e2ges. Nous sommes absolument impressionn\u00e9s par le courage et la d\u00e9termination des Ukrainiens et nous esp\u00e9rons qu&rsquo;ils retrouveront bient\u00f4t la libert\u00e9. Ceci fait partie de notre collecte de charit\u00e9 pour l&rsquo;Ukraine.<strong> En effet : 20% iront \u00e0 Unbroken-Ukraine, offrant : Traitement, Proth\u00e8se et R\u00e9habilitation pour les Ukrainiens en Ukraine<\/strong> Note : Nous pouvons ajuster le poids et la longueur et faire des boucles d&rsquo;oreilles assorties pour $25 Nous utilisons des mat\u00e9riaux recycl\u00e9s et vintage pour leurs m\u00e9rites artistiques et leur moindre impact sur l&rsquo;environnement chaque fois que possible. Nous aimons \u00e9galement soutenir les artisans dans les pays en d\u00e9veloppement, afin que les traditions et l&rsquo;artisanat restent vivants et soient transmis de g\u00e9n\u00e9ration en g\u00e9n\u00e9ration, et afin d&rsquo;aider leurs familles \u00e0 subvenir \u00e0 leurs besoins.<\/p>\n","protected":false},"featured_media":4871,"template":"","meta":{"_acf_changed":false,"site-sidebar-layout":"default","site-content-layout":"default","ast-site-content-layout":"default","site-content-style":"default","site-sidebar-style":"default","ast-global-header-display":"","ast-banner-title-visibility":"","ast-main-header-display":"","ast-hfb-above-header-display":"","ast-hfb-below-header-display":"","ast-hfb-mobile-header-display":"","site-post-title":"","ast-breadcrumbs-content":"","ast-featured-img":"","footer-sml-layout":"","ast-disable-related-posts":"","theme-transparent-header-meta":"default","adv-header-id-meta":"","stick-header-meta":"default","header-above-stick-meta":"","header-main-stick-meta":"","header-below-stick-meta":"","astra-migrate-meta-layouts":"default","ast-page-background-enabled":"default","ast-page-background-meta":{"desktop":{"background-color":"var(--ast-global-color-4)","background-image":"","background-repeat":"repeat","background-position":"center center","background-size":"auto","background-attachment":"scroll","background-type":"","background-media":"","overlay-type":"","overlay-color":"","overlay-opacity":"","overlay-gradient":""},"tablet":{"background-color":"","background-image":"","background-repeat":"repeat","background-position":"center center","background-size":"auto","background-attachment":"scroll","background-type":"","background-media":"","overlay-type":"","overlay-color":"","overlay-opacity":"","overlay-gradient":""},"mobile":{"background-color":"","background-image":"","background-repeat":"repeat","background-position":"center center","background-size":"auto","background-attachment":"scroll","background-type":"","background-media":"","overlay-type":"","overlay-color":"","overlay-opacity":"","overlay-gradient":""}},"ast-content-background-meta":{"desktop":{"background-color":"var(--ast-global-color-5)","background-image":"","background-repeat":"repeat","background-position":"center center","background-size":"auto","background-attachment":"scroll","background-type":"","background-media":"","overlay-type":"","overlay-color":"","overlay-opacity":"","overlay-gradient":""},"tablet":{"background-color":"var(--ast-global-color-5)","background-image":"","background-repeat":"repeat","background-position":"center center","background-size":"auto","background-attachment":"scroll","background-type":"","background-media":"","overlay-type":"","overlay-color":"","overlay-opacity":"","overlay-gradient":""},"mobile":{"background-color":"var(--ast-global-color-5)","background-image":"","background-repeat":"repeat","background-position":"center center","background-size":"auto","background-attachment":"scroll","background-type":"","background-media":"","overlay-type":"","overlay-color":"","overlay-opacity":"","overlay-gradient":""}}},"product_brand":[],"product_cat":[94,78,76],"product_tag":[],"class_list":{"0":"post-5413","1":"product","2":"type-product","3":"status-publish","4":"has-post-thumbnail","6":"product_cat-fabrique-au-quebec","7":"product_cat-paix-ukraine","8":"product_cat-recouvrement-des-prestations","9":"desktop-align-center","10":"tablet-align-left","11":"mobile-align-left","12":"ast-product-gallery-layout-vertical-slider","13":"ast-product-tabs-layout-accordion","14":"ast-qv-on-image","16":"first","17":"instock","18":"shipping-taxable","19":"purchasable","20":"product-type-simple"},"acf":[],"_links":{"self":[{"href":"https:\/\/asymmetricbydesign.com\/fr\/wp-json\/wp\/v2\/product\/5413","targetHints":{"allow":["GET"]}}],"collection":[{"href":"https:\/\/asymmetricbydesign.com\/fr\/wp-json\/wp\/v2\/product"}],"about":[{"href":"https:\/\/asymmetricbydesign.com\/fr\/wp-json\/wp\/v2\/types\/product"}],"version-history":[{"count":0,"href":"https:\/\/asymmetricbydesign.com\/fr\/wp-json\/wp\/v2\/product\/5413\/revisions"}],"wp:featuredmedia":[{"embeddable":true,"href":"https:\/\/asymmetricbydesign.com\/fr\/wp-json\/wp\/v2\/media\/4871"}],"wp:attachment":[{"href":"https:\/\/asymmetricbydesign.com\/fr\/wp-json\/wp\/v2\/media?parent=5413"}],"wp:term":[{"taxonomy":"product_brand","embeddable":true,"href":"https:\/\/asymmetricbydesign.com\/fr\/wp-json\/wp\/v2\/product_brand?post=5413"},{"taxonomy":"product_cat","embeddable":true,"href":"https:\/\/asymmetricbydesign.com\/fr\/wp-json\/wp\/v2\/product_cat?post=5413"},{"taxonomy":"product_tag","embeddable":true,"href":"https:\/\/asymmetricbydesign.com\/fr\/wp-json\/wp\/v2\/product_tag?post=5413"}],"curies":[{"name":"wp","href":"https:\/\/api.w.org\/{rel}","templated":true}]}}