{"id":5417,"date":"2023-09-24T16:19:28","date_gmt":"2023-09-24T16:19:28","guid":{"rendered":"https:\/\/asymmetricbydesign.com\/product\/born-equal-collection-des-droits-de-la-femme\/"},"modified":"2023-09-24T16:19:28","modified_gmt":"2023-09-24T16:19:28","slug":"born-equal-collection-des-droits-de-la-femme","status":"publish","type":"product","link":"https:\/\/asymmetricbydesign.com\/fr\/produit\/born-equal-collection-des-droits-de-la-femme\/","title":{"rendered":"Born Equal &#8211; Collection des droits de la femme"},"content":{"rendered":"","protected":false},"excerpt":{"rendered":"<p>$200<br \/>\nCAD<\/p>\n<p>Ce collier fait partie de notre collection 2022 Women&rsquo;s Rights Benefit.<\/p>\n<p>Au d\u00e9part, nous avons cherch\u00e9 \u00e0 cr\u00e9er des colliers de m\u00eame couleur, bleu et rose, car nous voulions exprimer le d\u00e9sir d&rsquo;\u00e9galit\u00e9 des droits. C&rsquo;est le seul collier bleu et rose que nous ayons r\u00e9ellement mis en place. 9 autres ont \u00e9t\u00e9 laiss\u00e9es \u00e0 l&rsquo;\u00e9tat de projet.<\/p>\n<p>Deux rangs de perles irr\u00e9guli\u00e8res d&rsquo;eau douce et d&rsquo;inserts en verre bleu et rose.<\/p>\n<p>Au d\u00e9part, nous voulions \u00e9quilibrer le bleu et le rose ; la mort tragique de Mahsa Amini nous a fait prendre de nouvelles directions :<br \/>\n\uf0a7 La c\u00e9l\u00e9bration du courage et de la force des femmes = perles roses et lumineuses<br \/>\n\uf0a7 La tristesse face \u00e0 la perte tragique de vies et de libert\u00e9s : Perles noires et roses en forme de larmes<br \/>\n\uf0a7 Le d\u00e9sir d&rsquo;\u00e9galit\u00e9 des sexes = m\u00e9lange de perles roses et bleues ou sa combinaison : le violet.<br \/>\n20 % des ventes seront revers\u00e9s \u00e0 Women for Women, une association \u00e0 but non lucratif qui aide les femmes. En ajoutant un but \u00e0 l&rsquo;art, Tonya esp\u00e8re que chaque achat apportera un changement positif l\u00e0 o\u00f9 c&rsquo;est n\u00e9cessaire.<\/p>\n<p>Longueur : XX pouces<\/p>\n<p>Poids XX grammes<\/p>\n<p>Note : Nous pouvons ajuster le poids et la longueur.<\/p>\n","protected":false},"featured_media":4662,"template":"","meta":{"_acf_changed":false,"site-sidebar-layout":"default","site-content-layout":"default","ast-site-content-layout":"default","site-content-style":"default","site-sidebar-style":"default","ast-global-header-display":"","ast-banner-title-visibility":"","ast-main-header-display":"","ast-hfb-above-header-display":"","ast-hfb-below-header-display":"","ast-hfb-mobile-header-display":"","site-post-title":"","ast-breadcrumbs-content":"","ast-featured-img":"","footer-sml-layout":"","ast-disable-related-posts":"","theme-transparent-header-meta":"default","adv-header-id-meta":"","stick-header-meta":"default","header-above-stick-meta":"","header-main-stick-meta":"","header-below-stick-meta":"","astra-migrate-meta-layouts":"default","ast-page-background-enabled":"default","ast-page-background-meta":{"desktop":{"background-color":"var(--ast-global-color-4)","background-image":"","background-repeat":"repeat","background-position":"center center","background-size":"auto","background-attachment":"scroll","background-type":"","background-media":"","overlay-type":"","overlay-color":"","overlay-opacity":"","overlay-gradient":""},"tablet":{"background-color":"","background-image":"","background-repeat":"repeat","background-position":"center center","background-size":"auto","background-attachment":"scroll","background-type":"","background-media":"","overlay-type":"","overlay-color":"","overlay-opacity":"","overlay-gradient":""},"mobile":{"background-color":"","background-image":"","background-repeat":"repeat","background-position":"center center","background-size":"auto","background-attachment":"scroll","background-type":"","background-media":"","overlay-type":"","overlay-color":"","overlay-opacity":"","overlay-gradient":""}},"ast-content-background-meta":{"desktop":{"background-color":"var(--ast-global-color-5)","background-image":"","background-repeat":"repeat","background-position":"center center","background-size":"auto","background-attachment":"scroll","background-type":"","background-media":"","overlay-type":"","overlay-color":"","overlay-opacity":"","overlay-gradient":""},"tablet":{"background-color":"var(--ast-global-color-5)","background-image":"","background-repeat":"repeat","background-position":"center center","background-size":"auto","background-attachment":"scroll","background-type":"","background-media":"","overlay-type":"","overlay-color":"","overlay-opacity":"","overlay-gradient":""},"mobile":{"background-color":"var(--ast-global-color-5)","background-image":"","background-repeat":"repeat","background-position":"center center","background-size":"auto","background-attachment":"scroll","background-type":"","background-media":"","overlay-type":"","overlay-color":"","overlay-opacity":"","overlay-gradient":""}}},"product_brand":[],"product_cat":[74],"product_tag":[],"class_list":{"0":"post-5417","1":"product","2":"type-product","3":"status-publish","4":"has-post-thumbnail","6":"product_cat-fracassons-les-plafonds-de-verre","7":"desktop-align-center","8":"tablet-align-left","9":"mobile-align-left","10":"ast-product-gallery-layout-vertical-slider","11":"ast-product-gallery-with-no-image","12":"ast-product-tabs-layout-accordion","13":"ast-qv-on-image","15":"first","16":"outofstock","17":"shipping-taxable","18":"purchasable","19":"product-type-simple"},"acf":[],"_links":{"self":[{"href":"https:\/\/asymmetricbydesign.com\/fr\/wp-json\/wp\/v2\/product\/5417","targetHints":{"allow":["GET"]}}],"collection":[{"href":"https:\/\/asymmetricbydesign.com\/fr\/wp-json\/wp\/v2\/product"}],"about":[{"href":"https:\/\/asymmetricbydesign.com\/fr\/wp-json\/wp\/v2\/types\/product"}],"version-history":[{"count":0,"href":"https:\/\/asymmetricbydesign.com\/fr\/wp-json\/wp\/v2\/product\/5417\/revisions"}],"wp:featuredmedia":[{"embeddable":true,"href":"https:\/\/asymmetricbydesign.com\/fr\/wp-json\/wp\/v2\/media\/4662"}],"wp:attachment":[{"href":"https:\/\/asymmetricbydesign.com\/fr\/wp-json\/wp\/v2\/media?parent=5417"}],"wp:term":[{"taxonomy":"product_brand","embeddable":true,"href":"https:\/\/asymmetricbydesign.com\/fr\/wp-json\/wp\/v2\/product_brand?post=5417"},{"taxonomy":"product_cat","embeddable":true,"href":"https:\/\/asymmetricbydesign.com\/fr\/wp-json\/wp\/v2\/product_cat?post=5417"},{"taxonomy":"product_tag","embeddable":true,"href":"https:\/\/asymmetricbydesign.com\/fr\/wp-json\/wp\/v2\/product_tag?post=5417"}],"curies":[{"name":"wp","href":"https:\/\/api.w.org\/{rel}","templated":true}]}}