{"id":5423,"date":"2022-12-07T21:21:59","date_gmt":"2022-12-07T21:21:59","guid":{"rendered":"https:\/\/asymmetricbydesign.com\/product\/il-faut-la-cherir-collection-droits-de-la-femme\/"},"modified":"2024-07-25T03:44:47","modified_gmt":"2024-07-25T03:44:47","slug":"il-faut-la-cherir-collection-droits-de-la-femme","status":"publish","type":"product","link":"https:\/\/asymmetricbydesign.com\/fr\/produit\/il-faut-la-cherir-collection-droits-de-la-femme\/","title":{"rendered":"Il faut la ch\u00e9rir &#8211; Collection Droits de la femme"},"content":{"rendered":"","protected":false},"excerpt":{"rendered":"<p><b>Fait partie de la collection Women&rsquo;s Right BENEFIT : <i>\u00ab\u00a0Radiance of Equality : Une tapisserie de r\u00e9silience\u00a0\u00bb<\/i><\/b> Il est 100% recycl\u00e9 et upcycl\u00e9 : des perles de verre rose mat et doux recycl\u00e9es du Ghana entourent une perle d&rsquo;os vintage sculpt\u00e9e et peinte \u00e0 la main, sign\u00e9e et provenant de Chine.  <\/p>\n<div><b>L&rsquo;histoire de cette collection :<\/b> Dans un contexte de remise en cause des droits des femmes \u00e0 l&rsquo;\u00e9chelle mondiale, cette collection pr\u00e9sente des histoires de courage et de force. Les perles roses vibrantes c\u00e9l\u00e8brent l&rsquo;\u00e9mancipation, tandis que les perles noires en forme de larmes expriment le chagrin pour les libert\u00e9s perdues. Le d\u00e9sir d&rsquo;\u00e9galit\u00e9 des sexes est symbolis\u00e9 par un m\u00e9lange de rose et de bleu, ou par la fusion en violet. Chaque collier devient le r\u00e9cit d&rsquo;un engagement in\u00e9branlable, un hommage radieux aux femmes qui ont d\u00e9fendu et continuent de d\u00e9fendre leurs droits avec audace.<\/div>\n<div><\/div>\n<div><b>20 % des recettes de cette collection de bienfaisance pour les femmes seront vers\u00e9s \u00e0 WomenforWomen.org &#8211; une ONG qui <\/b><b>qui permet aux femmes ayant surv\u00e9cu \u00e0 la guerre et aux conflits d&rsquo;acqu\u00e9rir les comp\u00e9tences n\u00e9cessaires pour subvenir aux besoins de leur famille et cr\u00e9er un changement durable. <\/b><strong><span style=\"font-size: 16px;\">En ajoutant un but \u00e0 l&rsquo;art, nous esp\u00e9rons que chaque achat apportera un changement positif l\u00e0 o\u00f9 c&rsquo;est n\u00e9cessaire.<\/span><\/strong><\/div>\n","protected":false},"featured_media":4847,"template":"","meta":{"_acf_changed":false,"site-sidebar-layout":"default","site-content-layout":"default","ast-site-content-layout":"default","site-content-style":"default","site-sidebar-style":"default","ast-global-header-display":"","ast-banner-title-visibility":"","ast-main-header-display":"","ast-hfb-above-header-display":"","ast-hfb-below-header-display":"","ast-hfb-mobile-header-display":"","site-post-title":"","ast-breadcrumbs-content":"","ast-featured-img":"","footer-sml-layout":"","ast-disable-related-posts":"","theme-transparent-header-meta":"default","adv-header-id-meta":"","stick-header-meta":"default","header-above-stick-meta":"","header-main-stick-meta":"","header-below-stick-meta":"","astra-migrate-meta-layouts":"default","ast-page-background-enabled":"default","ast-page-background-meta":{"desktop":{"background-color":"var(--ast-global-color-4)","background-image":"","background-repeat":"repeat","background-position":"center center","background-size":"auto","background-attachment":"scroll","background-type":"","background-media":"","overlay-type":"","overlay-color":"","overlay-opacity":"","overlay-gradient":""},"tablet":{"background-color":"","background-image":"","background-repeat":"repeat","background-position":"center center","background-size":"auto","background-attachment":"scroll","background-type":"","background-media":"","overlay-type":"","overlay-color":"","overlay-opacity":"","overlay-gradient":""},"mobile":{"background-color":"","background-image":"","background-repeat":"repeat","background-position":"center center","background-size":"auto","background-attachment":"scroll","background-type":"","background-media":"","overlay-type":"","overlay-color":"","overlay-opacity":"","overlay-gradient":""}},"ast-content-background-meta":{"desktop":{"background-color":"var(--ast-global-color-5)","background-image":"","background-repeat":"repeat","background-position":"center center","background-size":"auto","background-attachment":"scroll","background-type":"","background-media":"","overlay-type":"","overlay-color":"","overlay-opacity":"","overlay-gradient":""},"tablet":{"background-color":"var(--ast-global-color-5)","background-image":"","background-repeat":"repeat","background-position":"center center","background-size":"auto","background-attachment":"scroll","background-type":"","background-media":"","overlay-type":"","overlay-color":"","overlay-opacity":"","overlay-gradient":""},"mobile":{"background-color":"var(--ast-global-color-5)","background-image":"","background-repeat":"repeat","background-position":"center center","background-size":"auto","background-attachment":"scroll","background-type":"","background-media":"","overlay-type":"","overlay-color":"","overlay-opacity":"","overlay-gradient":""}}},"product_brand":[],"product_cat":[94,74],"product_tag":[],"class_list":{"0":"post-5423","1":"product","2":"type-product","3":"status-publish","4":"has-post-thumbnail","6":"product_cat-fabrique-au-quebec","7":"product_cat-fracassons-les-plafonds-de-verre","8":"desktop-align-center","9":"tablet-align-left","10":"mobile-align-left","11":"ast-product-gallery-layout-vertical-slider","12":"ast-product-tabs-layout-accordion","13":"ast-qv-on-image","15":"first","16":"instock","17":"shipping-taxable","18":"purchasable","19":"product-type-simple"},"acf":[],"_links":{"self":[{"href":"https:\/\/asymmetricbydesign.com\/fr\/wp-json\/wp\/v2\/product\/5423","targetHints":{"allow":["GET"]}}],"collection":[{"href":"https:\/\/asymmetricbydesign.com\/fr\/wp-json\/wp\/v2\/product"}],"about":[{"href":"https:\/\/asymmetricbydesign.com\/fr\/wp-json\/wp\/v2\/types\/product"}],"version-history":[{"count":0,"href":"https:\/\/asymmetricbydesign.com\/fr\/wp-json\/wp\/v2\/product\/5423\/revisions"}],"wp:featuredmedia":[{"embeddable":true,"href":"https:\/\/asymmetricbydesign.com\/fr\/wp-json\/wp\/v2\/media\/4847"}],"wp:attachment":[{"href":"https:\/\/asymmetricbydesign.com\/fr\/wp-json\/wp\/v2\/media?parent=5423"}],"wp:term":[{"taxonomy":"product_brand","embeddable":true,"href":"https:\/\/asymmetricbydesign.com\/fr\/wp-json\/wp\/v2\/product_brand?post=5423"},{"taxonomy":"product_cat","embeddable":true,"href":"https:\/\/asymmetricbydesign.com\/fr\/wp-json\/wp\/v2\/product_cat?post=5423"},{"taxonomy":"product_tag","embeddable":true,"href":"https:\/\/asymmetricbydesign.com\/fr\/wp-json\/wp\/v2\/product_tag?post=5423"}],"curies":[{"name":"wp","href":"https:\/\/api.w.org\/{rel}","templated":true}]}}