{"id":5425,"date":"2023-09-24T16:21:45","date_gmt":"2023-09-24T16:21:45","guid":{"rendered":"https:\/\/asymmetricbydesign.com\/product\/celebration\/"},"modified":"2023-09-24T16:21:45","modified_gmt":"2023-09-24T16:21:45","slug":"celebration","status":"publish","type":"product","link":"https:\/\/asymmetricbydesign.com\/fr\/produit\/celebration\/","title":{"rendered":"C\u00e9l\u00e9bration !"},"content":{"rendered":"","protected":false},"excerpt":{"rendered":"<p><strong>$275<\/strong><\/p>\n<p><strong>CAD  <\/strong><\/p>\n<p><span style=\"font-size: 16px;\">Rien de tel qu&rsquo;un collier de perles pour rehausser une tenue ! Et je pense que nous sommes tous pr\u00eats, plus que pr\u00eats, \u00e0 sortir !<\/span><\/p>\n<p>J&rsquo;adore m\u00e9langer des perles de couleurs et de formes diff\u00e9rentes avec des \u00e9pingles anciennes et une broche ancienne spectaculaire. Une bonne fa\u00e7on de recycler les boucles d&rsquo;oreilles \u00e0 clip ou les broches que nous aimons mais que nous ne portons plus. Il a \u00e9t\u00e9 r\u00e9alis\u00e9 pour \u00eatre assorti \u00e0 une jupe que je portais lors d&rsquo;un \u00e9v\u00e9nement sp\u00e9cial.<\/p>\n<p>\u00ab\u00a0<a href=\"https:\/\/www.thepearlsource.com\/blog\/wedding-traditions-wedding-jewelry-history\/\" target=\"_blank\" rel=\"noreferrer noopener\">Selon l&rsquo;histoire<\/a> et les mythes, les perles symbolisent la sagesse acquise par l&rsquo;<a href=\"http:\/\/blog.longsjewelers.com\/estate\/mythology-of-pearls\" target=\"_blank\" rel=\"noreferrer noopener\">exp\u00e9rience<\/a>. On pense que ces pierres pr\u00e9cieuses offrent une protection et qu&rsquo;elles attirent la chance et la richesse. Elles sont connues pour leurs effets calmants. Les perles ont la capacit\u00e9 d&rsquo;\u00e9quilibrer votre karma\u00a0\u00bb. Thepearlsource.com<\/p>\n<p>&nbsp;<\/p>\n","protected":false},"featured_media":4675,"template":"","meta":{"_acf_changed":false,"site-sidebar-layout":"default","site-content-layout":"default","ast-site-content-layout":"default","site-content-style":"default","site-sidebar-style":"default","ast-global-header-display":"","ast-banner-title-visibility":"","ast-main-header-display":"","ast-hfb-above-header-display":"","ast-hfb-below-header-display":"","ast-hfb-mobile-header-display":"","site-post-title":"","ast-breadcrumbs-content":"","ast-featured-img":"","footer-sml-layout":"","ast-disable-related-posts":"","theme-transparent-header-meta":"default","adv-header-id-meta":"","stick-header-meta":"","header-above-stick-meta":"","header-main-stick-meta":"","header-below-stick-meta":"","astra-migrate-meta-layouts":"default","ast-page-background-enabled":"default","ast-page-background-meta":{"desktop":{"background-color":"var(--ast-global-color-4)","background-image":"","background-repeat":"repeat","background-position":"center center","background-size":"auto","background-attachment":"scroll","background-type":"","background-media":"","overlay-type":"","overlay-color":"","overlay-opacity":"","overlay-gradient":""},"tablet":{"background-color":"","background-image":"","background-repeat":"repeat","background-position":"center center","background-size":"auto","background-attachment":"scroll","background-type":"","background-media":"","overlay-type":"","overlay-color":"","overlay-opacity":"","overlay-gradient":""},"mobile":{"background-color":"","background-image":"","background-repeat":"repeat","background-position":"center center","background-size":"auto","background-attachment":"scroll","background-type":"","background-media":"","overlay-type":"","overlay-color":"","overlay-opacity":"","overlay-gradient":""}},"ast-content-background-meta":{"desktop":{"background-color":"var(--ast-global-color-5)","background-image":"","background-repeat":"repeat","background-position":"center center","background-size":"auto","background-attachment":"scroll","background-type":"","background-media":"","overlay-type":"","overlay-color":"","overlay-opacity":"","overlay-gradient":""},"tablet":{"background-color":"var(--ast-global-color-5)","background-image":"","background-repeat":"repeat","background-position":"center center","background-size":"auto","background-attachment":"scroll","background-type":"","background-media":"","overlay-type":"","overlay-color":"","overlay-opacity":"","overlay-gradient":""},"mobile":{"background-color":"var(--ast-global-color-5)","background-image":"","background-repeat":"repeat","background-position":"center center","background-size":"auto","background-attachment":"scroll","background-type":"","background-media":"","overlay-type":"","overlay-color":"","overlay-opacity":"","overlay-gradient":""}}},"product_brand":[],"product_cat":[73,94,89],"product_tag":[],"class_list":{"0":"post-5425","1":"product","2":"type-product","3":"status-publish","4":"has-post-thumbnail","6":"product_cat-elegance-intemporelle-pearl","7":"product_cat-fabrique-au-quebec","8":"product_cat-vintage-antique-fr","9":"desktop-align-center","10":"tablet-align-left","11":"mobile-align-left","12":"ast-product-gallery-layout-vertical-slider","13":"ast-product-gallery-with-no-image","14":"ast-product-tabs-layout-accordion","15":"ast-qv-on-image","17":"first","18":"outofstock","19":"shipping-taxable","20":"purchasable","21":"product-type-simple"},"acf":[],"_links":{"self":[{"href":"https:\/\/asymmetricbydesign.com\/fr\/wp-json\/wp\/v2\/product\/5425","targetHints":{"allow":["GET"]}}],"collection":[{"href":"https:\/\/asymmetricbydesign.com\/fr\/wp-json\/wp\/v2\/product"}],"about":[{"href":"https:\/\/asymmetricbydesign.com\/fr\/wp-json\/wp\/v2\/types\/product"}],"version-history":[{"count":0,"href":"https:\/\/asymmetricbydesign.com\/fr\/wp-json\/wp\/v2\/product\/5425\/revisions"}],"wp:featuredmedia":[{"embeddable":true,"href":"https:\/\/asymmetricbydesign.com\/fr\/wp-json\/wp\/v2\/media\/4675"}],"wp:attachment":[{"href":"https:\/\/asymmetricbydesign.com\/fr\/wp-json\/wp\/v2\/media?parent=5425"}],"wp:term":[{"taxonomy":"product_brand","embeddable":true,"href":"https:\/\/asymmetricbydesign.com\/fr\/wp-json\/wp\/v2\/product_brand?post=5425"},{"taxonomy":"product_cat","embeddable":true,"href":"https:\/\/asymmetricbydesign.com\/fr\/wp-json\/wp\/v2\/product_cat?post=5425"},{"taxonomy":"product_tag","embeddable":true,"href":"https:\/\/asymmetricbydesign.com\/fr\/wp-json\/wp\/v2\/product_tag?post=5425"}],"curies":[{"name":"wp","href":"https:\/\/api.w.org\/{rel}","templated":true}]}}