{"id":5432,"date":"2023-05-01T22:46:42","date_gmt":"2023-05-01T22:46:42","guid":{"rendered":"https:\/\/asymmetricbydesign.com\/product\/le-monde-est-a-vous\/"},"modified":"2024-07-25T03:44:46","modified_gmt":"2024-07-25T03:44:46","slug":"le-monde-est-a-vous","status":"publish","type":"product","link":"https:\/\/asymmetricbydesign.com\/fr\/produit\/le-monde-est-a-vous\/","title":{"rendered":"Le monde est \u00e0 vous"},"content":{"rendered":"","protected":false},"excerpt":{"rendered":"<p><span style=\"font-size: 16px;\">125 $ CADPartie<\/span><b>de la <\/b><b>collection \u00c9l\u00e9gance intemporelle :<i> \u00ab\u00a0H\u00e9ritages du patrimoine : Crafting Stories of Timeless Beauty\u00a0\u00bb<\/i><\/b> Magnifique pendentif vintage avec de la nacre, des perles grises de diff\u00e9rentes couleurs et des morceaux de nacre grise. <strong>L&rsquo;histoire de cette collection :<\/strong> Plongez dans les histoires enchanteresses du pass\u00e9 avec notre collection Timeless Elegance. Ces colliers ne sont pas seulement des accessoires, ils sont une invitation \u00e0 ch\u00e9rir l&rsquo;histoire et \u00e0 porter sa gr\u00e2ce dans l&rsquo;avenir. Con\u00e7ue avec une touche moderne et asym\u00e9trique, chaque pi\u00e8ce est une \u0153uvre d&rsquo;art intemporelle qui raconte avec \u00e9l\u00e9gance des histoires d&rsquo;h\u00e9ritage. Votre collier, comme vous, est un chef-d&rsquo;\u0153uvre unique avec son propre nom et sa propre histoire, contribuant \u00e0 un ensemble d&rsquo;objets patrimoniaux qui transcendent le temps. En portant ces pi\u00e8ces, vous devenez l&rsquo;incarnation vivante des riches r\u00e9cits qui ont fa\u00e7onn\u00e9 notre histoire.  &nbsp;<\/p>\n<p>&nbsp;  Note : Nous pouvons ajuster le poids et la longueur.<\/p>\n","protected":false},"featured_media":4681,"template":"","meta":{"_acf_changed":false,"site-sidebar-layout":"default","site-content-layout":"default","ast-site-content-layout":"default","site-content-style":"default","site-sidebar-style":"default","ast-global-header-display":"","ast-banner-title-visibility":"","ast-main-header-display":"","ast-hfb-above-header-display":"","ast-hfb-below-header-display":"","ast-hfb-mobile-header-display":"","site-post-title":"","ast-breadcrumbs-content":"","ast-featured-img":"","footer-sml-layout":"","ast-disable-related-posts":"","theme-transparent-header-meta":"default","adv-header-id-meta":"","stick-header-meta":"default","header-above-stick-meta":"","header-main-stick-meta":"","header-below-stick-meta":"","astra-migrate-meta-layouts":"default","ast-page-background-enabled":"default","ast-page-background-meta":{"desktop":{"background-color":"var(--ast-global-color-4)","background-image":"","background-repeat":"repeat","background-position":"center center","background-size":"auto","background-attachment":"scroll","background-type":"","background-media":"","overlay-type":"","overlay-color":"","overlay-opacity":"","overlay-gradient":""},"tablet":{"background-color":"","background-image":"","background-repeat":"repeat","background-position":"center center","background-size":"auto","background-attachment":"scroll","background-type":"","background-media":"","overlay-type":"","overlay-color":"","overlay-opacity":"","overlay-gradient":""},"mobile":{"background-color":"","background-image":"","background-repeat":"repeat","background-position":"center center","background-size":"auto","background-attachment":"scroll","background-type":"","background-media":"","overlay-type":"","overlay-color":"","overlay-opacity":"","overlay-gradient":""}},"ast-content-background-meta":{"desktop":{"background-color":"var(--ast-global-color-5)","background-image":"","background-repeat":"repeat","background-position":"center center","background-size":"auto","background-attachment":"scroll","background-type":"","background-media":"","overlay-type":"","overlay-color":"","overlay-opacity":"","overlay-gradient":""},"tablet":{"background-color":"var(--ast-global-color-5)","background-image":"","background-repeat":"repeat","background-position":"center center","background-size":"auto","background-attachment":"scroll","background-type":"","background-media":"","overlay-type":"","overlay-color":"","overlay-opacity":"","overlay-gradient":""},"mobile":{"background-color":"var(--ast-global-color-5)","background-image":"","background-repeat":"repeat","background-position":"center center","background-size":"auto","background-attachment":"scroll","background-type":"","background-media":"","overlay-type":"","overlay-color":"","overlay-opacity":"","overlay-gradient":""}}},"product_brand":[],"product_cat":[73,94],"product_tag":[],"class_list":{"0":"post-5432","1":"product","2":"type-product","3":"status-publish","4":"has-post-thumbnail","6":"product_cat-elegance-intemporelle-pearl","7":"product_cat-fabrique-au-quebec","8":"desktop-align-center","9":"tablet-align-left","10":"mobile-align-left","11":"ast-product-gallery-layout-vertical-slider","12":"ast-product-tabs-layout-accordion","13":"ast-qv-on-image","15":"first","16":"outofstock","17":"shipping-taxable","18":"purchasable","19":"product-type-simple"},"acf":[],"_links":{"self":[{"href":"https:\/\/asymmetricbydesign.com\/fr\/wp-json\/wp\/v2\/product\/5432","targetHints":{"allow":["GET"]}}],"collection":[{"href":"https:\/\/asymmetricbydesign.com\/fr\/wp-json\/wp\/v2\/product"}],"about":[{"href":"https:\/\/asymmetricbydesign.com\/fr\/wp-json\/wp\/v2\/types\/product"}],"version-history":[{"count":0,"href":"https:\/\/asymmetricbydesign.com\/fr\/wp-json\/wp\/v2\/product\/5432\/revisions"}],"wp:featuredmedia":[{"embeddable":true,"href":"https:\/\/asymmetricbydesign.com\/fr\/wp-json\/wp\/v2\/media\/4681"}],"wp:attachment":[{"href":"https:\/\/asymmetricbydesign.com\/fr\/wp-json\/wp\/v2\/media?parent=5432"}],"wp:term":[{"taxonomy":"product_brand","embeddable":true,"href":"https:\/\/asymmetricbydesign.com\/fr\/wp-json\/wp\/v2\/product_brand?post=5432"},{"taxonomy":"product_cat","embeddable":true,"href":"https:\/\/asymmetricbydesign.com\/fr\/wp-json\/wp\/v2\/product_cat?post=5432"},{"taxonomy":"product_tag","embeddable":true,"href":"https:\/\/asymmetricbydesign.com\/fr\/wp-json\/wp\/v2\/product_tag?post=5432"}],"curies":[{"name":"wp","href":"https:\/\/api.w.org\/{rel}","templated":true}]}}