{"id":5437,"date":"2023-05-02T00:47:27","date_gmt":"2023-05-02T00:47:27","guid":{"rendered":"https:\/\/asymmetricbydesign.com\/product\/les-elephants-sont-les-meilleurs\/"},"modified":"2024-07-25T03:44:48","modified_gmt":"2024-07-25T03:44:48","slug":"les-elephants-sont-les-meilleurs","status":"publish","type":"product","link":"https:\/\/asymmetricbydesign.com\/fr\/produit\/les-elephants-sont-les-meilleurs\/","title":{"rendered":"Les \u00e9l\u00e9phants sont les meilleurs"},"content":{"rendered":"","protected":false},"excerpt":{"rendered":"<p><span style=\"font-size: 16px;\">150 $ CAD<\/span> Ce collier fait partie de notre <strong>collection 2023 EARTH<\/strong> Ces \u00eatres majestueux symbolisent traditionnellement la chance, la noblesse, la sagesse, la fertilit\u00e9 et la protection. Leurs qualit\u00e9s sont NOMBREUSES : puissantes, royales, conscientes, intelligentes, sensibles, enjou\u00e9es, \u00e9motives, conscientes, fortes, sages, r\u00e9silientes, intuitives, attentionn\u00e9es&#8230; Ce collier ludique est compos\u00e9 de trois brins de \u00ab\u00a0perles de No\u00ebl*\u00a0\u00bb vintage, de perles coul\u00e9es \u00e0 la cire perdue et d&rsquo;un superbe \u00e9l\u00e9phant ! Chacun de ces \u00e9l\u00e9ments en cire perdue est r\u00e9alis\u00e9 un par un. *Les perles de No\u00ebl sont des perles de commerce en verre, brillantes et joliment color\u00e9es, avec parfois une perle d&rsquo;espacement en plastique. Initialement fabriqu\u00e9s dans le sud de l&rsquo;Espagne, \u00e0 Venise et en Tch\u00e9coslovaquie, notamment pour le commerce africain. Les tribus conservaient ces perles en h\u00e9ritage pendant des g\u00e9n\u00e9rations. Au Nig\u00e9ria et au Ghana, les perles sont maintenant accumul\u00e9es et reconstitu\u00e9es. Perles vintage en bois, en os et en r\u00e9sine sculpt\u00e9es d&rsquo;Asie et perles anciennes d&rsquo;Afghanistan (pour soutenir les familles sur place). Chez Asymmetric by Design, nous sommes fiers de nous joindre au mouvement mondial en faveur d&rsquo;une mode plus durable. Nous sommes ravis de vous pr\u00e9senter notre derni\u00e8re collection, enti\u00e8rement fabriqu\u00e9e \u00e0 partir de mat\u00e9riaux vintage, anciens et recycl\u00e9s. En utilisant des mat\u00e9riaux durables, nous r\u00e9duisons les d\u00e9chets et pr\u00e9servons la biodiversit\u00e9 de la plan\u00e8te, tout en cr\u00e9ant un art vestimentaire unique et stimulant. Cette collection vintage et recycl\u00e9e montre comment la mode et le d\u00e9veloppement durable peuvent aller de pair. Des boucles d&rsquo;oreilles assorties sont disponibles. Note : Nous pouvons ajuster le poids et la longueur.<\/p>\n","protected":false},"featured_media":4695,"template":"","meta":{"_acf_changed":false,"site-sidebar-layout":"default","site-content-layout":"default","ast-site-content-layout":"default","site-content-style":"default","site-sidebar-style":"default","ast-global-header-display":"","ast-banner-title-visibility":"","ast-main-header-display":"","ast-hfb-above-header-display":"","ast-hfb-below-header-display":"","ast-hfb-mobile-header-display":"","site-post-title":"","ast-breadcrumbs-content":"","ast-featured-img":"","footer-sml-layout":"","ast-disable-related-posts":"","theme-transparent-header-meta":"default","adv-header-id-meta":"","stick-header-meta":"default","header-above-stick-meta":"","header-main-stick-meta":"","header-below-stick-meta":"","astra-migrate-meta-layouts":"default","ast-page-background-enabled":"default","ast-page-background-meta":{"desktop":{"background-color":"var(--ast-global-color-4)","background-image":"","background-repeat":"repeat","background-position":"center center","background-size":"auto","background-attachment":"scroll","background-type":"","background-media":"","overlay-type":"","overlay-color":"","overlay-opacity":"","overlay-gradient":""},"tablet":{"background-color":"","background-image":"","background-repeat":"repeat","background-position":"center center","background-size":"auto","background-attachment":"scroll","background-type":"","background-media":"","overlay-type":"","overlay-color":"","overlay-opacity":"","overlay-gradient":""},"mobile":{"background-color":"","background-image":"","background-repeat":"repeat","background-position":"center center","background-size":"auto","background-attachment":"scroll","background-type":"","background-media":"","overlay-type":"","overlay-color":"","overlay-opacity":"","overlay-gradient":""}},"ast-content-background-meta":{"desktop":{"background-color":"var(--ast-global-color-5)","background-image":"","background-repeat":"repeat","background-position":"center center","background-size":"auto","background-attachment":"scroll","background-type":"","background-media":"","overlay-type":"","overlay-color":"","overlay-opacity":"","overlay-gradient":""},"tablet":{"background-color":"var(--ast-global-color-5)","background-image":"","background-repeat":"repeat","background-position":"center center","background-size":"auto","background-attachment":"scroll","background-type":"","background-media":"","overlay-type":"","overlay-color":"","overlay-opacity":"","overlay-gradient":""},"mobile":{"background-color":"var(--ast-global-color-5)","background-image":"","background-repeat":"repeat","background-position":"center center","background-size":"auto","background-attachment":"scroll","background-type":"","background-media":"","overlay-type":"","overlay-color":"","overlay-opacity":"","overlay-gradient":""}}},"product_brand":[],"product_cat":[81,71,94,89],"product_tag":[],"class_list":{"0":"post-5437","1":"product","2":"type-product","3":"status-publish","4":"has-post-thumbnail","6":"product_cat-amitie-diversite-et-inclusion","7":"product_cat-durable","8":"product_cat-fabrique-au-quebec","9":"product_cat-vintage-antique-fr","10":"desktop-align-center","11":"tablet-align-left","12":"mobile-align-left","13":"ast-product-gallery-layout-vertical-slider","14":"ast-product-tabs-layout-accordion","15":"ast-qv-on-image","17":"first","18":"outofstock","19":"shipping-taxable","20":"purchasable","21":"product-type-simple"},"acf":[],"_links":{"self":[{"href":"https:\/\/asymmetricbydesign.com\/fr\/wp-json\/wp\/v2\/product\/5437","targetHints":{"allow":["GET"]}}],"collection":[{"href":"https:\/\/asymmetricbydesign.com\/fr\/wp-json\/wp\/v2\/product"}],"about":[{"href":"https:\/\/asymmetricbydesign.com\/fr\/wp-json\/wp\/v2\/types\/product"}],"version-history":[{"count":0,"href":"https:\/\/asymmetricbydesign.com\/fr\/wp-json\/wp\/v2\/product\/5437\/revisions"}],"wp:featuredmedia":[{"embeddable":true,"href":"https:\/\/asymmetricbydesign.com\/fr\/wp-json\/wp\/v2\/media\/4695"}],"wp:attachment":[{"href":"https:\/\/asymmetricbydesign.com\/fr\/wp-json\/wp\/v2\/media?parent=5437"}],"wp:term":[{"taxonomy":"product_brand","embeddable":true,"href":"https:\/\/asymmetricbydesign.com\/fr\/wp-json\/wp\/v2\/product_brand?post=5437"},{"taxonomy":"product_cat","embeddable":true,"href":"https:\/\/asymmetricbydesign.com\/fr\/wp-json\/wp\/v2\/product_cat?post=5437"},{"taxonomy":"product_tag","embeddable":true,"href":"https:\/\/asymmetricbydesign.com\/fr\/wp-json\/wp\/v2\/product_tag?post=5437"}],"curies":[{"name":"wp","href":"https:\/\/api.w.org\/{rel}","templated":true}]}}