{"id":5438,"date":"2023-05-02T00:44:54","date_gmt":"2023-05-02T00:44:54","guid":{"rendered":"https:\/\/asymmetricbydesign.com\/product\/biodiversite\/"},"modified":"2024-07-25T03:44:47","modified_gmt":"2024-07-25T03:44:47","slug":"biodiversite","status":"publish","type":"product","link":"https:\/\/asymmetricbydesign.com\/fr\/produit\/biodiversite\/","title":{"rendered":"Biodiversit\u00e9"},"content":{"rendered":"","protected":false},"excerpt":{"rendered":"<p><span style=\"font-size: 16px;\">350 $ CADPartie<\/span><b>de la Collection Diversit\u00e9 et Inclusion : <\/b>Une exquise collection \u00e9clectique de perles <strong>sculpt\u00e9es<\/strong> provenant du monde entier dans des tons vari\u00e9s. L&rsquo;\u00e9l\u00e9ment central est une superbe perle de collection en argent pur (estampill\u00e9e de la signature du fabricant de la perle). Il s&rsquo;agit d&rsquo;une <strong>perle antique en ARGENT PUR<\/strong> unique en son genre, provenant du Y\u00e9men. Fabriqu\u00e9 \u00e0 la main par les meilleurs orf\u00e8vres y\u00e9m\u00e9nites de l&rsquo;\u00e9poque. Il s&rsquo;agit d&rsquo;une raret\u00e9. Perles anciennes sculpt\u00e9es en bois, en os et en r\u00e9sine provenant d&rsquo;Asie et perles antiques provenant d&rsquo;Afghanistan (pour soutenir les familles sur place).  &nbsp;<\/p>\n<div class=\"x_elementToProof\"><b>L&rsquo;histoire de cette collection : <\/b>Elle tisse de mani\u00e8re complexe une tapisserie vibrante d&rsquo;inclusion \u00e0 travers des symboles soigneusement choisis. Chaque collier constitue une d\u00e9claration puissante, affirmant que la beaut\u00e9 s&rsquo;\u00e9panouit dans l&rsquo;acceptation de la diversit\u00e9 sous toutes ses formes, qu&rsquo;il s&rsquo;agisse de sexe, de religion, de nationalit\u00e9, d&rsquo;orientation sexuelle, etc. Incorporant des perles \u00e9clectiques de formes, de tailles, de textures et de mat\u00e9riaux divers, provenant d&rsquo;\u00e9poques et de lieux diff\u00e9rents, cette collection c\u00e9l\u00e8bre profond\u00e9ment la riche mosa\u00efque de l&rsquo;humanit\u00e9. Il capture l&rsquo;essence d&rsquo;un monde plus inclusif et plus tol\u00e9rant en symbolisant l&rsquo;interconnexion et la force d\u00e9riv\u00e9e de l&rsquo;unit\u00e9.<\/div>\n<div class=\"x_elementToProof\"><\/div>\n<div class=\"x_elementToProof\">Dans la mesure du possible, nous utilisons des mat\u00e9riaux recycl\u00e9s et anciens pour leurs qualit\u00e9s artistiques et leur faible impact sur l&rsquo;environnement. Nous aimons \u00e9galement soutenir les artisans dans les pays en d\u00e9veloppement, afin que les traditions et l&rsquo;artisanat restent vivants et soient transmis de g\u00e9n\u00e9ration en g\u00e9n\u00e9ration, et afin d&rsquo;aider leurs familles \u00e0 subvenir \u00e0 leurs besoins.<\/div>\n<p>&nbsp;  Note : Nous pouvons ajuster le poids et la longueur et faire des boucles d&rsquo;oreilles assorties pour $25 &nbsp;&nbsp; Chez Asymmetric by Design, nous sommes fiers de rejoindre le mouvement global vers un avenir de mode plus durable. Nous sommes ravis de vous pr\u00e9senter notre derni\u00e8re collection, enti\u00e8rement fabriqu\u00e9e \u00e0 partir de mat\u00e9riaux vintage, anciens et recycl\u00e9s. En utilisant des mat\u00e9riaux durables, nous r\u00e9duisons les d\u00e9chets et pr\u00e9servons la biodiversit\u00e9 de la plan\u00e8te, tout en cr\u00e9ant un art vestimentaire unique et stimulant. Cette collection vintage et recycl\u00e9e montre comment la mode et le d\u00e9veloppement durable peuvent aller de pair. Des boucles d&rsquo;oreilles assorties sont disponibles. Note : Nous pouvons ajuster le poids et la longueur.<\/p>\n","protected":false},"featured_media":4693,"template":"","meta":{"_acf_changed":false,"site-sidebar-layout":"default","site-content-layout":"default","ast-site-content-layout":"default","site-content-style":"default","site-sidebar-style":"default","ast-global-header-display":"","ast-banner-title-visibility":"","ast-main-header-display":"","ast-hfb-above-header-display":"","ast-hfb-below-header-display":"","ast-hfb-mobile-header-display":"","site-post-title":"","ast-breadcrumbs-content":"","ast-featured-img":"","footer-sml-layout":"","ast-disable-related-posts":"","theme-transparent-header-meta":"default","adv-header-id-meta":"","stick-header-meta":"default","header-above-stick-meta":"","header-main-stick-meta":"","header-below-stick-meta":"","astra-migrate-meta-layouts":"default","ast-page-background-enabled":"default","ast-page-background-meta":{"desktop":{"background-color":"var(--ast-global-color-4)","background-image":"","background-repeat":"repeat","background-position":"center center","background-size":"auto","background-attachment":"scroll","background-type":"","background-media":"","overlay-type":"","overlay-color":"","overlay-opacity":"","overlay-gradient":""},"tablet":{"background-color":"","background-image":"","background-repeat":"repeat","background-position":"center center","background-size":"auto","background-attachment":"scroll","background-type":"","background-media":"","overlay-type":"","overlay-color":"","overlay-opacity":"","overlay-gradient":""},"mobile":{"background-color":"","background-image":"","background-repeat":"repeat","background-position":"center center","background-size":"auto","background-attachment":"scroll","background-type":"","background-media":"","overlay-type":"","overlay-color":"","overlay-opacity":"","overlay-gradient":""}},"ast-content-background-meta":{"desktop":{"background-color":"var(--ast-global-color-5)","background-image":"","background-repeat":"repeat","background-position":"center center","background-size":"auto","background-attachment":"scroll","background-type":"","background-media":"","overlay-type":"","overlay-color":"","overlay-opacity":"","overlay-gradient":""},"tablet":{"background-color":"var(--ast-global-color-5)","background-image":"","background-repeat":"repeat","background-position":"center center","background-size":"auto","background-attachment":"scroll","background-type":"","background-media":"","overlay-type":"","overlay-color":"","overlay-opacity":"","overlay-gradient":""},"mobile":{"background-color":"var(--ast-global-color-5)","background-image":"","background-repeat":"repeat","background-position":"center center","background-size":"auto","background-attachment":"scroll","background-type":"","background-media":"","overlay-type":"","overlay-color":"","overlay-opacity":"","overlay-gradient":""}}},"product_brand":[],"product_cat":[117,71,94,89],"product_tag":[],"class_list":{"0":"post-5438","1":"product","2":"type-product","3":"status-publish","4":"has-post-thumbnail","6":"product_cat-beaute-dans-la-diversite","7":"product_cat-durable","8":"product_cat-fabrique-au-quebec","9":"product_cat-vintage-antique-fr","10":"desktop-align-center","11":"tablet-align-left","12":"mobile-align-left","13":"ast-product-gallery-layout-vertical-slider","14":"ast-product-tabs-layout-accordion","15":"ast-qv-on-image","17":"first","18":"instock","19":"shipping-taxable","20":"purchasable","21":"product-type-simple"},"acf":[],"_links":{"self":[{"href":"https:\/\/asymmetricbydesign.com\/fr\/wp-json\/wp\/v2\/product\/5438","targetHints":{"allow":["GET"]}}],"collection":[{"href":"https:\/\/asymmetricbydesign.com\/fr\/wp-json\/wp\/v2\/product"}],"about":[{"href":"https:\/\/asymmetricbydesign.com\/fr\/wp-json\/wp\/v2\/types\/product"}],"version-history":[{"count":0,"href":"https:\/\/asymmetricbydesign.com\/fr\/wp-json\/wp\/v2\/product\/5438\/revisions"}],"wp:featuredmedia":[{"embeddable":true,"href":"https:\/\/asymmetricbydesign.com\/fr\/wp-json\/wp\/v2\/media\/4693"}],"wp:attachment":[{"href":"https:\/\/asymmetricbydesign.com\/fr\/wp-json\/wp\/v2\/media?parent=5438"}],"wp:term":[{"taxonomy":"product_brand","embeddable":true,"href":"https:\/\/asymmetricbydesign.com\/fr\/wp-json\/wp\/v2\/product_brand?post=5438"},{"taxonomy":"product_cat","embeddable":true,"href":"https:\/\/asymmetricbydesign.com\/fr\/wp-json\/wp\/v2\/product_cat?post=5438"},{"taxonomy":"product_tag","embeddable":true,"href":"https:\/\/asymmetricbydesign.com\/fr\/wp-json\/wp\/v2\/product_tag?post=5438"}],"curies":[{"name":"wp","href":"https:\/\/api.w.org\/{rel}","templated":true}]}}