{"id":5439,"date":"2023-05-02T00:39:59","date_gmt":"2023-05-02T00:39:59","guid":{"rendered":"https:\/\/asymmetricbydesign.com\/product\/dragon-deau\/"},"modified":"2023-11-27T17:14:08","modified_gmt":"2023-11-27T17:14:08","slug":"dragon-deau","status":"publish","type":"product","link":"https:\/\/asymmetricbydesign.com\/fr\/produit\/dragon-deau\/","title":{"rendered":"Dragon d&rsquo;eau"},"content":{"rendered":"","protected":false},"excerpt":{"rendered":"<p><span style=\"font-size: 16px;\">450 CAD<\/span><\/p>\n<p>Ce collier fait partie de la <strong>collection 2023 EARTH<\/strong>.<\/p>\n<p><span style=\"font-size: 16px;\">Au Vi\u00eat Nam, je suis tomb\u00e9 sur ces \u00e9tonnantes pipes de dragon antiques. Je suis tomb\u00e9e amoureuse. J&rsquo;ai toujours aim\u00e9 le symbolisme des dragons : pouvoir, chance, fortune et prosp\u00e9rit\u00e9.<\/span><\/p>\n<p>J&rsquo;ai appel\u00e9 cette pi\u00e8ce dragon d&rsquo;eau : on dit qu&rsquo;il apporte la paix et l&rsquo;unit\u00e9 &#8211; ce que je souhaite pour le monde.<\/p>\n<p>Perles anciennes d&rsquo;Afghanistan (pour soutenir les familles sur place) et perles en verre indon\u00e9sien Naga* Cobalt Teardrop (ann\u00e9es 1950) provenant de <a class=\"x1i10hfl xjbqb8w x6umtig x1b1mbwd xaqea5y xav7gou x9f619 x1ypdohk xt0psk2 xe8uvvx xdj266r x11i5rnm xat24cr x1mh8g0r xexx8yu x4uap5 x18d9i69 xkhd6sd x16tdsg8 x1hl2dhg xggy1nq x1a2a7pz xt0b8zv xzsf02u x1s688f\" tabindex=\"0\" role=\"link\" href=\"https:\/\/www.facebook.com\/beadsofparadis\/?__tn__=kK*F\"><br \/>\n  <span class=\"xt0psk2\">Perles du Paradis<\/span><br \/>\n<\/a><\/p>\n<p>*Le peuple Naga du nord-est de l&rsquo;Inde et du nord-ouest de la Birmanie est un conglom\u00e9rat de diff\u00e9rentes tribus, r\u00e9unies sous le nom de \u00ab\u00a0Naga\u00a0\u00bb pour se distinguer en tant que soci\u00e9t\u00e9 politique et culturelle unique \u00e0 l&rsquo;int\u00e9rieur des fronti\u00e8res d&rsquo;autres nations. Bien que l&rsquo;on sache peu de choses sur les origines et l&rsquo;histoire du peuple Naga, les bijoux et les perles pour lesquels ils sont connus sont consid\u00e9r\u00e9s par certains sp\u00e9cialistes comme les \u00ab\u00a0ornements les plus beaux et les plus \u00e9labor\u00e9s de toutes les cultures tribales\u00a0\u00bb. Pour les Naga, les ornements ne sont pas de simples d\u00e9corations &#8211; ils font partie de l&rsquo;identit\u00e9 du porteur et de la tribu \u00e0 laquelle il appartient.Chez Asymmetric by Design, nous sommes fiers de nous joindre au mouvement mondial en faveur d&rsquo;une mode plus durable.<\/p>\n<p>Nous sommes ravis de vous pr\u00e9senter notre derni\u00e8re collection, enti\u00e8rement fabriqu\u00e9e \u00e0 partir de mat\u00e9riaux vintage, anciens et recycl\u00e9s. En utilisant des mat\u00e9riaux durables, nous r\u00e9duisons les d\u00e9chets et pr\u00e9servons la biodiversit\u00e9 de la plan\u00e8te, tout en cr\u00e9ant un art vestimentaire unique et stimulant. Cette collection vintage et recycl\u00e9e montre comment la mode et le d\u00e9veloppement durable peuvent aller de pair.<\/p>\n<p>Des boucles d&rsquo;oreilles assorties sont disponibles.<\/p>\n<p>Note : Nous pouvons ajuster le poids et la longueur.<\/p>\n","protected":false},"featured_media":4725,"template":"","meta":{"_acf_changed":false,"site-sidebar-layout":"default","site-content-layout":"default","ast-site-content-layout":"default","site-content-style":"default","site-sidebar-style":"default","ast-global-header-display":"","ast-banner-title-visibility":"","ast-main-header-display":"","ast-hfb-above-header-display":"","ast-hfb-below-header-display":"","ast-hfb-mobile-header-display":"","site-post-title":"","ast-breadcrumbs-content":"","ast-featured-img":"","footer-sml-layout":"","ast-disable-related-posts":"","theme-transparent-header-meta":"default","adv-header-id-meta":"","stick-header-meta":"default","header-above-stick-meta":"","header-main-stick-meta":"","header-below-stick-meta":"","astra-migrate-meta-layouts":"default","ast-page-background-enabled":"default","ast-page-background-meta":{"desktop":{"background-color":"var(--ast-global-color-4)","background-image":"","background-repeat":"repeat","background-position":"center center","background-size":"auto","background-attachment":"scroll","background-type":"","background-media":"","overlay-type":"","overlay-color":"","overlay-opacity":"","overlay-gradient":""},"tablet":{"background-color":"","background-image":"","background-repeat":"repeat","background-position":"center center","background-size":"auto","background-attachment":"scroll","background-type":"","background-media":"","overlay-type":"","overlay-color":"","overlay-opacity":"","overlay-gradient":""},"mobile":{"background-color":"","background-image":"","background-repeat":"repeat","background-position":"center center","background-size":"auto","background-attachment":"scroll","background-type":"","background-media":"","overlay-type":"","overlay-color":"","overlay-opacity":"","overlay-gradient":""}},"ast-content-background-meta":{"desktop":{"background-color":"var(--ast-global-color-5)","background-image":"","background-repeat":"repeat","background-position":"center center","background-size":"auto","background-attachment":"scroll","background-type":"","background-media":"","overlay-type":"","overlay-color":"","overlay-opacity":"","overlay-gradient":""},"tablet":{"background-color":"var(--ast-global-color-5)","background-image":"","background-repeat":"repeat","background-position":"center center","background-size":"auto","background-attachment":"scroll","background-type":"","background-media":"","overlay-type":"","overlay-color":"","overlay-opacity":"","overlay-gradient":""},"mobile":{"background-color":"var(--ast-global-color-5)","background-image":"","background-repeat":"repeat","background-position":"center center","background-size":"auto","background-attachment":"scroll","background-type":"","background-media":"","overlay-type":"","overlay-color":"","overlay-opacity":"","overlay-gradient":""}}},"product_brand":[],"product_cat":[71,89],"product_tag":[],"class_list":{"0":"post-5439","1":"product","2":"type-product","3":"status-publish","4":"has-post-thumbnail","6":"product_cat-durable","7":"product_cat-vintage-antique-fr","8":"desktop-align-center","9":"tablet-align-left","10":"mobile-align-left","11":"ast-product-gallery-layout-vertical-slider","12":"ast-product-tabs-layout-accordion","13":"ast-qv-on-image","15":"first","16":"outofstock","17":"shipping-taxable","18":"purchasable","19":"product-type-simple"},"acf":[],"_links":{"self":[{"href":"https:\/\/asymmetricbydesign.com\/fr\/wp-json\/wp\/v2\/product\/5439","targetHints":{"allow":["GET"]}}],"collection":[{"href":"https:\/\/asymmetricbydesign.com\/fr\/wp-json\/wp\/v2\/product"}],"about":[{"href":"https:\/\/asymmetricbydesign.com\/fr\/wp-json\/wp\/v2\/types\/product"}],"version-history":[{"count":0,"href":"https:\/\/asymmetricbydesign.com\/fr\/wp-json\/wp\/v2\/product\/5439\/revisions"}],"wp:featuredmedia":[{"embeddable":true,"href":"https:\/\/asymmetricbydesign.com\/fr\/wp-json\/wp\/v2\/media\/4725"}],"wp:attachment":[{"href":"https:\/\/asymmetricbydesign.com\/fr\/wp-json\/wp\/v2\/media?parent=5439"}],"wp:term":[{"taxonomy":"product_brand","embeddable":true,"href":"https:\/\/asymmetricbydesign.com\/fr\/wp-json\/wp\/v2\/product_brand?post=5439"},{"taxonomy":"product_cat","embeddable":true,"href":"https:\/\/asymmetricbydesign.com\/fr\/wp-json\/wp\/v2\/product_cat?post=5439"},{"taxonomy":"product_tag","embeddable":true,"href":"https:\/\/asymmetricbydesign.com\/fr\/wp-json\/wp\/v2\/product_tag?post=5439"}],"curies":[{"name":"wp","href":"https:\/\/api.w.org\/{rel}","templated":true}]}}