{"id":5440,"date":"2023-05-02T00:57:31","date_gmt":"2023-05-02T00:57:31","guid":{"rendered":"https:\/\/asymmetricbydesign.com\/product\/briller-comme-un-arc-en-ciel\/"},"modified":"2024-07-25T03:44:49","modified_gmt":"2024-07-25T03:44:49","slug":"briller-comme-un-arc-en-ciel","status":"publish","type":"product","link":"https:\/\/asymmetricbydesign.com\/fr\/produit\/briller-comme-un-arc-en-ciel\/","title":{"rendered":"Briller comme un arc-en-ciel"},"content":{"rendered":"","protected":false},"excerpt":{"rendered":"<p><span style=\"font-size: 16px;\">350 $ CADPartie<\/span><b>de la <\/b><b>collection Diversit\u00e9 et Inclusion :<\/b> \u00ab\u00a0<b> <i>Dans chaque perle, embrasser la beaut\u00e9 de l&rsquo;unit\u00e9\u00a0\u00bb <\/i><\/b> Ce style est l&rsquo;un de nos best-sellers. L&rsquo;incorporation de l&rsquo;arc-en-ciel refl\u00e8te l&rsquo;espoir (apr\u00e8s la pand\u00e9mie) ET notre acceptation de la diversit\u00e9. La diff\u00e9rence est belle. Pour ajouter une dimension suppl\u00e9mentaire \u00e0 la diversit\u00e9, nous avons m\u00e9lang\u00e9 des \u00e9l\u00e9ments du monde entier : nous avons incorpor\u00e9 des rondelles de verre recycl\u00e9 du Ghana, des rondelles de noix de coco des Maldives et des perles anciennes d&rsquo;Afghanistan, ainsi qu&rsquo;un pendentif Hirz antique en argent du Y\u00e9men. <b>L&rsquo;histoire de cette collection : <\/b>Elle tisse de mani\u00e8re complexe une tapisserie vibrante d&rsquo;inclusion \u00e0 travers des symboles soigneusement choisis. Chaque collier constitue une d\u00e9claration puissante, affirmant que la beaut\u00e9 s&rsquo;\u00e9panouit dans l&rsquo;acceptation de la diversit\u00e9 sous toutes ses formes &#8211; qu&rsquo;il s&rsquo;agisse de sexe, de religion, de nationalit\u00e9, d&rsquo;orientation sexuelle, etc. Incorporant des perles \u00e9clectiques de formes, de tailles, de textures et de mat\u00e9riaux divers, provenant d&rsquo;\u00e9poques et de lieux diff\u00e9rents, cette collection c\u00e9l\u00e8bre profond\u00e9ment la riche mosa\u00efque de l&rsquo;humanit\u00e9. Il capture l&rsquo;essence d&rsquo;un monde plus inclusif et plus tol\u00e9rant en symbolisant l&rsquo;interconnexion et la force d\u00e9riv\u00e9e de l&rsquo;unit\u00e9.<\/p>\n","protected":false},"featured_media":4692,"template":"","meta":{"_acf_changed":false,"site-sidebar-layout":"default","site-content-layout":"default","ast-site-content-layout":"default","site-content-style":"default","site-sidebar-style":"default","ast-global-header-display":"","ast-banner-title-visibility":"","ast-main-header-display":"","ast-hfb-above-header-display":"","ast-hfb-below-header-display":"","ast-hfb-mobile-header-display":"","site-post-title":"","ast-breadcrumbs-content":"","ast-featured-img":"","footer-sml-layout":"","ast-disable-related-posts":"","theme-transparent-header-meta":"default","adv-header-id-meta":"","stick-header-meta":"default","header-above-stick-meta":"","header-main-stick-meta":"","header-below-stick-meta":"","astra-migrate-meta-layouts":"default","ast-page-background-enabled":"default","ast-page-background-meta":{"desktop":{"background-color":"var(--ast-global-color-4)","background-image":"","background-repeat":"repeat","background-position":"center center","background-size":"auto","background-attachment":"scroll","background-type":"","background-media":"","overlay-type":"","overlay-color":"","overlay-opacity":"","overlay-gradient":""},"tablet":{"background-color":"","background-image":"","background-repeat":"repeat","background-position":"center center","background-size":"auto","background-attachment":"scroll","background-type":"","background-media":"","overlay-type":"","overlay-color":"","overlay-opacity":"","overlay-gradient":""},"mobile":{"background-color":"","background-image":"","background-repeat":"repeat","background-position":"center center","background-size":"auto","background-attachment":"scroll","background-type":"","background-media":"","overlay-type":"","overlay-color":"","overlay-opacity":"","overlay-gradient":""}},"ast-content-background-meta":{"desktop":{"background-color":"var(--ast-global-color-5)","background-image":"","background-repeat":"repeat","background-position":"center center","background-size":"auto","background-attachment":"scroll","background-type":"","background-media":"","overlay-type":"","overlay-color":"","overlay-opacity":"","overlay-gradient":""},"tablet":{"background-color":"var(--ast-global-color-5)","background-image":"","background-repeat":"repeat","background-position":"center center","background-size":"auto","background-attachment":"scroll","background-type":"","background-media":"","overlay-type":"","overlay-color":"","overlay-opacity":"","overlay-gradient":""},"mobile":{"background-color":"var(--ast-global-color-5)","background-image":"","background-repeat":"repeat","background-position":"center center","background-size":"auto","background-attachment":"scroll","background-type":"","background-media":"","overlay-type":"","overlay-color":"","overlay-opacity":"","overlay-gradient":""}}},"product_brand":[],"product_cat":[117,71,94,89],"product_tag":[],"class_list":{"0":"post-5440","1":"product","2":"type-product","3":"status-publish","4":"has-post-thumbnail","6":"product_cat-beaute-dans-la-diversite","7":"product_cat-durable","8":"product_cat-fabrique-au-quebec","9":"product_cat-vintage-antique-fr","10":"desktop-align-center","11":"tablet-align-left","12":"mobile-align-left","13":"ast-product-gallery-layout-vertical-slider","14":"ast-product-tabs-layout-accordion","15":"ast-qv-on-image","17":"first","18":"instock","19":"shipping-taxable","20":"purchasable","21":"product-type-simple"},"acf":[],"_links":{"self":[{"href":"https:\/\/asymmetricbydesign.com\/fr\/wp-json\/wp\/v2\/product\/5440","targetHints":{"allow":["GET"]}}],"collection":[{"href":"https:\/\/asymmetricbydesign.com\/fr\/wp-json\/wp\/v2\/product"}],"about":[{"href":"https:\/\/asymmetricbydesign.com\/fr\/wp-json\/wp\/v2\/types\/product"}],"version-history":[{"count":0,"href":"https:\/\/asymmetricbydesign.com\/fr\/wp-json\/wp\/v2\/product\/5440\/revisions"}],"wp:featuredmedia":[{"embeddable":true,"href":"https:\/\/asymmetricbydesign.com\/fr\/wp-json\/wp\/v2\/media\/4692"}],"wp:attachment":[{"href":"https:\/\/asymmetricbydesign.com\/fr\/wp-json\/wp\/v2\/media?parent=5440"}],"wp:term":[{"taxonomy":"product_brand","embeddable":true,"href":"https:\/\/asymmetricbydesign.com\/fr\/wp-json\/wp\/v2\/product_brand?post=5440"},{"taxonomy":"product_cat","embeddable":true,"href":"https:\/\/asymmetricbydesign.com\/fr\/wp-json\/wp\/v2\/product_cat?post=5440"},{"taxonomy":"product_tag","embeddable":true,"href":"https:\/\/asymmetricbydesign.com\/fr\/wp-json\/wp\/v2\/product_tag?post=5440"}],"curies":[{"name":"wp","href":"https:\/\/api.w.org\/{rel}","templated":true}]}}