{"id":5445,"date":"2023-05-31T16:50:43","date_gmt":"2023-05-31T16:50:43","guid":{"rendered":"https:\/\/asymmetricbydesign.com\/product\/toi-et-moi-pour-toujours\/"},"modified":"2024-07-25T03:44:50","modified_gmt":"2024-07-25T03:44:50","slug":"toi-et-moi-pour-toujours","status":"publish","type":"product","link":"https:\/\/asymmetricbydesign.com\/fr\/produit\/toi-et-moi-pour-toujours\/","title":{"rendered":"Toi et moi pour toujours"},"content":{"rendered":"","protected":false},"excerpt":{"rendered":"<p><span style=\"font-size: 16px;\">25 $ CAD (une large gamme de couleurs est disponible et peut \u00eatre personnalis\u00e9e)<\/span> Ces boucles d&rsquo;oreilles font partie de notre <strong>collection 2023 Friendship<\/strong>.<\/p>\n<p class=\"x_elementToProof\">Les femmes du Laos ont jou\u00e9 un r\u00f4le d\u00e9terminant dans la<span class=\"x_ContentPasted0\">pr\u00e9servation et la modernisation de cette magnifique forme d&rsquo;art<\/span>. Chaque r\u00e9gion poss\u00e8de des styles et des motifs uniques qui m&rsquo;ont s\u00e9duite avec des \u0153uvres brod\u00e9es anciennes et contemporaines.<\/p>\n<p class=\"x_elementToProof\">Dans les march\u00e9s anim\u00e9s, j&rsquo;ai d\u00e9couvert les gracieuses broderies florales anciennes du peuple Tai Daeng. Aujourd&rsquo;hui, les motifs g\u00e9om\u00e9triques vibrants des femmes Hmong dominent la sc\u00e8ne artistique. Des liens f\u00e9minins ind\u00e9fectibles se forment au fur et \u00e0 mesure qu&rsquo;elles brodent ensemble, partagent des histoires et des rires tout en s&rsquo;occupant de leurs petits. La patience et l&rsquo;habilet\u00e9 d\u00e9ploy\u00e9es pour broder, coudre et rembourrer ces petits c\u0153urs exquis me laissent admirative.<\/p>\n<p class=\"x_elementToProof\">Je n&rsquo;ai pas pu r\u00e9sister \u00e0 l&rsquo;envie d&rsquo;acqu\u00e9rir une collection, m\u00eame sans utilisation apparente. Mais l&rsquo;inspiration est venue ! Lors de la cr\u00e9ation de la premi\u00e8re collection Friendship d&rsquo;Asymmetric by Design, je savais que ces c\u0153urs symboliseraient parfaitement l&rsquo;amour et l&rsquo;amiti\u00e9, ainsi que l&rsquo;autonomisation des femmes les unes par rapport aux autres.<\/p>\n<p>  D\u00e9couvrez la joie de cette collection affectueuse, qui rayonne d&rsquo;une v\u00e9ritable amiti\u00e9. N&rsquo;oubliez pas d&rsquo;\u00e9tiqueter vos amis ! Je suis immens\u00e9ment reconnaissante \u00e0 la tribu qui me donne du pouvoir chaque jour.<\/p>\n","protected":false},"featured_media":4729,"template":"","meta":{"_acf_changed":false,"site-sidebar-layout":"default","site-content-layout":"default","ast-site-content-layout":"default","site-content-style":"default","site-sidebar-style":"default","ast-global-header-display":"","ast-banner-title-visibility":"","ast-main-header-display":"","ast-hfb-above-header-display":"","ast-hfb-below-header-display":"","ast-hfb-mobile-header-display":"","site-post-title":"","ast-breadcrumbs-content":"","ast-featured-img":"","footer-sml-layout":"","ast-disable-related-posts":"","theme-transparent-header-meta":"default","adv-header-id-meta":"","stick-header-meta":"default","header-above-stick-meta":"","header-main-stick-meta":"","header-below-stick-meta":"","astra-migrate-meta-layouts":"default","ast-page-background-enabled":"default","ast-page-background-meta":{"desktop":{"background-color":"var(--ast-global-color-4)","background-image":"","background-repeat":"repeat","background-position":"center center","background-size":"auto","background-attachment":"scroll","background-type":"","background-media":"","overlay-type":"","overlay-color":"","overlay-opacity":"","overlay-gradient":""},"tablet":{"background-color":"","background-image":"","background-repeat":"repeat","background-position":"center center","background-size":"auto","background-attachment":"scroll","background-type":"","background-media":"","overlay-type":"","overlay-color":"","overlay-opacity":"","overlay-gradient":""},"mobile":{"background-color":"","background-image":"","background-repeat":"repeat","background-position":"center center","background-size":"auto","background-attachment":"scroll","background-type":"","background-media":"","overlay-type":"","overlay-color":"","overlay-opacity":"","overlay-gradient":""}},"ast-content-background-meta":{"desktop":{"background-color":"var(--ast-global-color-5)","background-image":"","background-repeat":"repeat","background-position":"center center","background-size":"auto","background-attachment":"scroll","background-type":"","background-media":"","overlay-type":"","overlay-color":"","overlay-opacity":"","overlay-gradient":""},"tablet":{"background-color":"var(--ast-global-color-5)","background-image":"","background-repeat":"repeat","background-position":"center center","background-size":"auto","background-attachment":"scroll","background-type":"","background-media":"","overlay-type":"","overlay-color":"","overlay-opacity":"","overlay-gradient":""},"mobile":{"background-color":"var(--ast-global-color-5)","background-image":"","background-repeat":"repeat","background-position":"center center","background-size":"auto","background-attachment":"scroll","background-type":"","background-media":"","overlay-type":"","overlay-color":"","overlay-opacity":"","overlay-gradient":""}}},"product_brand":[],"product_cat":[80,71,94],"product_tag":[],"class_list":{"0":"post-5445","1":"product","2":"type-product","3":"status-publish","4":"has-post-thumbnail","6":"product_cat-boucles-doreilles","7":"product_cat-durable","8":"product_cat-fabrique-au-quebec","9":"desktop-align-center","10":"tablet-align-left","11":"mobile-align-left","12":"ast-product-gallery-layout-vertical-slider","13":"ast-product-tabs-layout-accordion","14":"ast-qv-on-image","16":"first","17":"outofstock","18":"shipping-taxable","19":"purchasable","20":"product-type-simple"},"acf":[],"_links":{"self":[{"href":"https:\/\/asymmetricbydesign.com\/fr\/wp-json\/wp\/v2\/product\/5445","targetHints":{"allow":["GET"]}}],"collection":[{"href":"https:\/\/asymmetricbydesign.com\/fr\/wp-json\/wp\/v2\/product"}],"about":[{"href":"https:\/\/asymmetricbydesign.com\/fr\/wp-json\/wp\/v2\/types\/product"}],"version-history":[{"count":0,"href":"https:\/\/asymmetricbydesign.com\/fr\/wp-json\/wp\/v2\/product\/5445\/revisions"}],"wp:featuredmedia":[{"embeddable":true,"href":"https:\/\/asymmetricbydesign.com\/fr\/wp-json\/wp\/v2\/media\/4729"}],"wp:attachment":[{"href":"https:\/\/asymmetricbydesign.com\/fr\/wp-json\/wp\/v2\/media?parent=5445"}],"wp:term":[{"taxonomy":"product_brand","embeddable":true,"href":"https:\/\/asymmetricbydesign.com\/fr\/wp-json\/wp\/v2\/product_brand?post=5445"},{"taxonomy":"product_cat","embeddable":true,"href":"https:\/\/asymmetricbydesign.com\/fr\/wp-json\/wp\/v2\/product_cat?post=5445"},{"taxonomy":"product_tag","embeddable":true,"href":"https:\/\/asymmetricbydesign.com\/fr\/wp-json\/wp\/v2\/product_tag?post=5445"}],"curies":[{"name":"wp","href":"https:\/\/api.w.org\/{rel}","templated":true}]}}