{"id":5446,"date":"2023-05-02T00:26:38","date_gmt":"2023-05-02T00:26:38","guid":{"rendered":"https:\/\/asymmetricbydesign.com\/product\/dragon-de-terre\/"},"modified":"2024-07-25T03:44:47","modified_gmt":"2024-07-25T03:44:47","slug":"dragon-de-terre","status":"publish","type":"product","link":"https:\/\/asymmetricbydesign.com\/fr\/produit\/dragon-de-terre\/","title":{"rendered":"Dragon de terre"},"content":{"rendered":"","protected":false},"excerpt":{"rendered":"<p><span style=\"font-size: 16px;\">$350 CAD<\/span> Ce collier fait partie de notre <strong>collection 2023 EARTH<\/strong> Dragon de Terre : VENDU Au Vietnam, je suis tomb\u00e9e sur ces \u00e9tonnants tuyaux de dragon antiques (celui-ci en laiton). Je suis tomb\u00e9e amoureuse. J&rsquo;ai toujours aim\u00e9 le symbolisme des dragons : pouvoir, chance, fortune et prosp\u00e9rit\u00e9. J&rsquo;ai appel\u00e9 cette \u0153uvre Earth Dragon (dragon de terre) : Dans la culture chinoise, le bleu et le vert repr\u00e9sentent la nature, la sant\u00e9, la gu\u00e9rison et la paix, ce que je souhaite pour le monde. Diff\u00e9rents styles et tailles de perles de verre et de laiton recycl\u00e9s provenant du Ghana (pour soutenir les familles de ce pays).  &nbsp;  Chez Asymmetric by Design, nous sommes fiers de nous joindre au mouvement mondial en faveur d&rsquo;une mode plus durable. Nous sommes ravis de vous pr\u00e9senter notre derni\u00e8re collection, enti\u00e8rement fabriqu\u00e9e \u00e0 partir de mat\u00e9riaux vintage, anciens et recycl\u00e9s. En utilisant des mat\u00e9riaux durables, nous r\u00e9duisons les d\u00e9chets et pr\u00e9servons la biodiversit\u00e9 de la plan\u00e8te, tout en cr\u00e9ant un art vestimentaire unique et stimulant. Cette collection vintage et recycl\u00e9e montre comment la mode et le d\u00e9veloppement durable peuvent aller de pair. 350 $ CAD Des boucles d&rsquo;oreilles assorties sont disponibles. Note : Nous pouvons ajuster le poids et la longueur.<\/p>\n","protected":false},"featured_media":4724,"template":"","meta":{"_acf_changed":false,"site-sidebar-layout":"default","site-content-layout":"default","ast-site-content-layout":"default","site-content-style":"default","site-sidebar-style":"default","ast-global-header-display":"","ast-banner-title-visibility":"","ast-main-header-display":"","ast-hfb-above-header-display":"","ast-hfb-below-header-display":"","ast-hfb-mobile-header-display":"","site-post-title":"","ast-breadcrumbs-content":"","ast-featured-img":"","footer-sml-layout":"","ast-disable-related-posts":"","theme-transparent-header-meta":"default","adv-header-id-meta":"","stick-header-meta":"default","header-above-stick-meta":"","header-main-stick-meta":"","header-below-stick-meta":"","astra-migrate-meta-layouts":"default","ast-page-background-enabled":"default","ast-page-background-meta":{"desktop":{"background-color":"var(--ast-global-color-4)","background-image":"","background-repeat":"repeat","background-position":"center center","background-size":"auto","background-attachment":"scroll","background-type":"","background-media":"","overlay-type":"","overlay-color":"","overlay-opacity":"","overlay-gradient":""},"tablet":{"background-color":"","background-image":"","background-repeat":"repeat","background-position":"center center","background-size":"auto","background-attachment":"scroll","background-type":"","background-media":"","overlay-type":"","overlay-color":"","overlay-opacity":"","overlay-gradient":""},"mobile":{"background-color":"","background-image":"","background-repeat":"repeat","background-position":"center center","background-size":"auto","background-attachment":"scroll","background-type":"","background-media":"","overlay-type":"","overlay-color":"","overlay-opacity":"","overlay-gradient":""}},"ast-content-background-meta":{"desktop":{"background-color":"var(--ast-global-color-5)","background-image":"","background-repeat":"repeat","background-position":"center center","background-size":"auto","background-attachment":"scroll","background-type":"","background-media":"","overlay-type":"","overlay-color":"","overlay-opacity":"","overlay-gradient":""},"tablet":{"background-color":"var(--ast-global-color-5)","background-image":"","background-repeat":"repeat","background-position":"center center","background-size":"auto","background-attachment":"scroll","background-type":"","background-media":"","overlay-type":"","overlay-color":"","overlay-opacity":"","overlay-gradient":""},"mobile":{"background-color":"var(--ast-global-color-5)","background-image":"","background-repeat":"repeat","background-position":"center center","background-size":"auto","background-attachment":"scroll","background-type":"","background-media":"","overlay-type":"","overlay-color":"","overlay-opacity":"","overlay-gradient":""}}},"product_brand":[],"product_cat":[73,94],"product_tag":[],"class_list":{"0":"post-5446","1":"product","2":"type-product","3":"status-publish","4":"has-post-thumbnail","6":"product_cat-elegance-intemporelle-pearl","7":"product_cat-fabrique-au-quebec","8":"desktop-align-center","9":"tablet-align-left","10":"mobile-align-left","11":"ast-product-gallery-layout-vertical-slider","12":"ast-product-tabs-layout-accordion","13":"ast-qv-on-image","15":"first","16":"instock","17":"shipping-taxable","18":"purchasable","19":"product-type-simple"},"acf":[],"_links":{"self":[{"href":"https:\/\/asymmetricbydesign.com\/fr\/wp-json\/wp\/v2\/product\/5446","targetHints":{"allow":["GET"]}}],"collection":[{"href":"https:\/\/asymmetricbydesign.com\/fr\/wp-json\/wp\/v2\/product"}],"about":[{"href":"https:\/\/asymmetricbydesign.com\/fr\/wp-json\/wp\/v2\/types\/product"}],"version-history":[{"count":0,"href":"https:\/\/asymmetricbydesign.com\/fr\/wp-json\/wp\/v2\/product\/5446\/revisions"}],"wp:featuredmedia":[{"embeddable":true,"href":"https:\/\/asymmetricbydesign.com\/fr\/wp-json\/wp\/v2\/media\/4724"}],"wp:attachment":[{"href":"https:\/\/asymmetricbydesign.com\/fr\/wp-json\/wp\/v2\/media?parent=5446"}],"wp:term":[{"taxonomy":"product_brand","embeddable":true,"href":"https:\/\/asymmetricbydesign.com\/fr\/wp-json\/wp\/v2\/product_brand?post=5446"},{"taxonomy":"product_cat","embeddable":true,"href":"https:\/\/asymmetricbydesign.com\/fr\/wp-json\/wp\/v2\/product_cat?post=5446"},{"taxonomy":"product_tag","embeddable":true,"href":"https:\/\/asymmetricbydesign.com\/fr\/wp-json\/wp\/v2\/product_tag?post=5446"}],"curies":[{"name":"wp","href":"https:\/\/api.w.org\/{rel}","templated":true}]}}