{"id":5448,"date":"2023-05-02T00:52:57","date_gmt":"2023-05-02T00:52:57","guid":{"rendered":"https:\/\/asymmetricbydesign.com\/product\/la-tombee-de-la-nuit\/"},"modified":"2023-05-02T00:52:57","modified_gmt":"2023-05-02T00:52:57","slug":"la-tombee-de-la-nuit","status":"publish","type":"product","link":"https:\/\/asymmetricbydesign.com\/fr\/produit\/la-tombee-de-la-nuit\/","title":{"rendered":"La tomb\u00e9e de la nuit"},"content":{"rendered":"","protected":false},"excerpt":{"rendered":"<p><span style=\"font-size: 16px;\">250 $ CAD<\/span><\/p>\n<p>Ce collier fait partie de la <strong>collection 2023 EARTH<\/strong>.<\/p>\n<p>J&rsquo;adore voir les cerfs sortir au cr\u00e9puscule. En voiture, je les cherche toujours car ils paissent dans les champs \u00e0 proximit\u00e9 d&rsquo;une for\u00eat. Cela me fait plaisir quand j&rsquo;en vois un.<\/p>\n<p>Perle en m\u00e9tal gaufr\u00e9 en forme de goutte d&rsquo;eau provenant d&rsquo;Afrique du Nord, associ\u00e9e \u00e0 un onyx taill\u00e9 en forme de goutte d&rsquo;eau et \u00e0 un onyx contemporain. Perles anciennes du Y\u00e9men. Toutes les perles sont grandes et magnifiques !<\/p>\n<p>Chez Asymmetric by Design, nous sommes fiers de nous joindre au mouvement mondial en faveur d&rsquo;une mode plus durable.<\/p>\n<p>Nous sommes ravis de vous pr\u00e9senter notre derni\u00e8re collection, enti\u00e8rement fabriqu\u00e9e \u00e0 partir de mat\u00e9riaux vintage, anciens et recycl\u00e9s. En utilisant des mat\u00e9riaux durables, nous r\u00e9duisons les d\u00e9chets et pr\u00e9servons la biodiversit\u00e9 de la plan\u00e8te, tout en cr\u00e9ant un art vestimentaire unique et stimulant. Cette collection vintage et recycl\u00e9e montre comment la mode et le d\u00e9veloppement durable peuvent aller de pair.<\/p>\n<p>Des boucles d&rsquo;oreilles assorties sont disponibles.<\/p>\n<p>Note : Nous pouvons ajuster le poids et la longueur.<\/p>\n","protected":false},"featured_media":4694,"template":"","meta":{"_acf_changed":false,"site-sidebar-layout":"default","site-content-layout":"default","ast-site-content-layout":"default","site-content-style":"default","site-sidebar-style":"default","ast-global-header-display":"","ast-banner-title-visibility":"","ast-main-header-display":"","ast-hfb-above-header-display":"","ast-hfb-below-header-display":"","ast-hfb-mobile-header-display":"","site-post-title":"","ast-breadcrumbs-content":"","ast-featured-img":"","footer-sml-layout":"","ast-disable-related-posts":"","theme-transparent-header-meta":"default","adv-header-id-meta":"","stick-header-meta":"","header-above-stick-meta":"","header-main-stick-meta":"","header-below-stick-meta":"","astra-migrate-meta-layouts":"default","ast-page-background-enabled":"default","ast-page-background-meta":{"desktop":{"background-color":"var(--ast-global-color-4)","background-image":"","background-repeat":"repeat","background-position":"center center","background-size":"auto","background-attachment":"scroll","background-type":"","background-media":"","overlay-type":"","overlay-color":"","overlay-opacity":"","overlay-gradient":""},"tablet":{"background-color":"","background-image":"","background-repeat":"repeat","background-position":"center center","background-size":"auto","background-attachment":"scroll","background-type":"","background-media":"","overlay-type":"","overlay-color":"","overlay-opacity":"","overlay-gradient":""},"mobile":{"background-color":"","background-image":"","background-repeat":"repeat","background-position":"center center","background-size":"auto","background-attachment":"scroll","background-type":"","background-media":"","overlay-type":"","overlay-color":"","overlay-opacity":"","overlay-gradient":""}},"ast-content-background-meta":{"desktop":{"background-color":"var(--ast-global-color-5)","background-image":"","background-repeat":"repeat","background-position":"center center","background-size":"auto","background-attachment":"scroll","background-type":"","background-media":"","overlay-type":"","overlay-color":"","overlay-opacity":"","overlay-gradient":""},"tablet":{"background-color":"var(--ast-global-color-5)","background-image":"","background-repeat":"repeat","background-position":"center center","background-size":"auto","background-attachment":"scroll","background-type":"","background-media":"","overlay-type":"","overlay-color":"","overlay-opacity":"","overlay-gradient":""},"mobile":{"background-color":"var(--ast-global-color-5)","background-image":"","background-repeat":"repeat","background-position":"center center","background-size":"auto","background-attachment":"scroll","background-type":"","background-media":"","overlay-type":"","overlay-color":"","overlay-opacity":"","overlay-gradient":""}}},"product_brand":[],"product_cat":[71,69],"product_tag":[],"class_list":{"0":"post-5448","1":"product","2":"type-product","3":"status-publish","4":"has-post-thumbnail","6":"product_cat-durable","7":"product_cat-non-classifiee","8":"desktop-align-center","9":"tablet-align-left","10":"mobile-align-left","11":"ast-product-gallery-layout-vertical-slider","12":"ast-product-tabs-layout-accordion","13":"ast-qv-on-image","15":"first","16":"outofstock","17":"shipping-taxable","18":"purchasable","19":"product-type-simple"},"acf":[],"_links":{"self":[{"href":"https:\/\/asymmetricbydesign.com\/fr\/wp-json\/wp\/v2\/product\/5448","targetHints":{"allow":["GET"]}}],"collection":[{"href":"https:\/\/asymmetricbydesign.com\/fr\/wp-json\/wp\/v2\/product"}],"about":[{"href":"https:\/\/asymmetricbydesign.com\/fr\/wp-json\/wp\/v2\/types\/product"}],"version-history":[{"count":0,"href":"https:\/\/asymmetricbydesign.com\/fr\/wp-json\/wp\/v2\/product\/5448\/revisions"}],"wp:featuredmedia":[{"embeddable":true,"href":"https:\/\/asymmetricbydesign.com\/fr\/wp-json\/wp\/v2\/media\/4694"}],"wp:attachment":[{"href":"https:\/\/asymmetricbydesign.com\/fr\/wp-json\/wp\/v2\/media?parent=5448"}],"wp:term":[{"taxonomy":"product_brand","embeddable":true,"href":"https:\/\/asymmetricbydesign.com\/fr\/wp-json\/wp\/v2\/product_brand?post=5448"},{"taxonomy":"product_cat","embeddable":true,"href":"https:\/\/asymmetricbydesign.com\/fr\/wp-json\/wp\/v2\/product_cat?post=5448"},{"taxonomy":"product_tag","embeddable":true,"href":"https:\/\/asymmetricbydesign.com\/fr\/wp-json\/wp\/v2\/product_tag?post=5448"}],"curies":[{"name":"wp","href":"https:\/\/api.w.org\/{rel}","templated":true}]}}