{"id":5450,"date":"2023-05-02T00:36:42","date_gmt":"2023-05-02T00:36:42","guid":{"rendered":"https:\/\/asymmetricbydesign.com\/product\/la-nature-dans-toute-sa-splendeur\/"},"modified":"2024-02-09T16:46:35","modified_gmt":"2024-02-09T16:46:35","slug":"la-nature-dans-toute-sa-splendeur","status":"publish","type":"product","link":"https:\/\/asymmetricbydesign.com\/fr\/produit\/la-nature-dans-toute-sa-splendeur\/","title":{"rendered":"La nature dans toute sa splendeur"},"content":{"rendered":"","protected":false},"excerpt":{"rendered":"<p><span style=\"font-size: 16px;\">325 $ CAD<\/span><\/p>\n<p><b>Fait partie de la <\/b><b>Collection Terre : <i>\u00ab\u00a0Les fleurs de la durabilit\u00e9 pour gu\u00e9rir notre plan\u00e8te\u00a0\u00bb<\/i><\/b><i> <\/i><\/p>\n<p>J&rsquo;adore le vert, c&rsquo;est une couleur tellement vivifiante qui symbolise le printemps, la croissance et la nature. Superbe pendentif y\u00e9m\u00e9nite ancien, perles et cloche avec des pompons contemporains. Ce sont les glands qui ont inspir\u00e9 la couleur de cette pi\u00e8ce. Ils ajoutent une autre dimension \u00e0 la pi\u00e8ce. Diff\u00e9rents styles et tailles de perles de verre et de m\u00e9tal recycl\u00e9s provenant du Ghana (soutien aux familles de ce pays).<\/p>\n<p><b>L&rsquo;histoire de cette collection :<\/b> Cette collection est plus qu&rsquo;un bijou, c&rsquo;est un engagement envers la plan\u00e8te, une invitation \u00e0 contribuer au bien-\u00eatre de la plan\u00e8te et de sa biodiversit\u00e9. Fabriqu\u00e9 essentiellement \u00e0 partir de composants vintage, antiques et recycl\u00e9s, chaque collier est un engagement \u00e0 gu\u00e9rir la Terre et \u00e0 prot\u00e9ger sa biodiversit\u00e9. En vous parant de ces pi\u00e8ces, vous nous rejoignez dans un voyage significatif vers un monde plus durable et plus beau. Chaque perle raconte une histoire de renouveau, faisant \u00e9cho \u00e0 l&rsquo;importance d&rsquo;adopter des choix \u00e9cologiques pour une Terre harmonieuse et florissante.<\/p>\n","protected":false},"featured_media":4691,"template":"","meta":{"_acf_changed":false,"site-sidebar-layout":"default","site-content-layout":"default","ast-site-content-layout":"default","site-content-style":"default","site-sidebar-style":"default","ast-global-header-display":"","ast-banner-title-visibility":"","ast-main-header-display":"","ast-hfb-above-header-display":"","ast-hfb-below-header-display":"","ast-hfb-mobile-header-display":"","site-post-title":"","ast-breadcrumbs-content":"","ast-featured-img":"","footer-sml-layout":"","ast-disable-related-posts":"","theme-transparent-header-meta":"default","adv-header-id-meta":"","stick-header-meta":"default","header-above-stick-meta":"","header-main-stick-meta":"","header-below-stick-meta":"","astra-migrate-meta-layouts":"default","ast-page-background-enabled":"default","ast-page-background-meta":{"desktop":{"background-color":"var(--ast-global-color-4)","background-image":"","background-repeat":"repeat","background-position":"center center","background-size":"auto","background-attachment":"scroll","background-type":"","background-media":"","overlay-type":"","overlay-color":"","overlay-opacity":"","overlay-gradient":""},"tablet":{"background-color":"","background-image":"","background-repeat":"repeat","background-position":"center center","background-size":"auto","background-attachment":"scroll","background-type":"","background-media":"","overlay-type":"","overlay-color":"","overlay-opacity":"","overlay-gradient":""},"mobile":{"background-color":"","background-image":"","background-repeat":"repeat","background-position":"center center","background-size":"auto","background-attachment":"scroll","background-type":"","background-media":"","overlay-type":"","overlay-color":"","overlay-opacity":"","overlay-gradient":""}},"ast-content-background-meta":{"desktop":{"background-color":"var(--ast-global-color-5)","background-image":"","background-repeat":"repeat","background-position":"center center","background-size":"auto","background-attachment":"scroll","background-type":"","background-media":"","overlay-type":"","overlay-color":"","overlay-opacity":"","overlay-gradient":""},"tablet":{"background-color":"var(--ast-global-color-5)","background-image":"","background-repeat":"repeat","background-position":"center center","background-size":"auto","background-attachment":"scroll","background-type":"","background-media":"","overlay-type":"","overlay-color":"","overlay-opacity":"","overlay-gradient":""},"mobile":{"background-color":"var(--ast-global-color-5)","background-image":"","background-repeat":"repeat","background-position":"center center","background-size":"auto","background-attachment":"scroll","background-type":"","background-media":"","overlay-type":"","overlay-color":"","overlay-opacity":"","overlay-gradient":""}}},"product_brand":[],"product_cat":[84],"product_tag":[],"class_list":{"0":"post-5450","1":"product","2":"type-product","3":"status-publish","4":"has-post-thumbnail","6":"product_cat-journee-de-la-terre","7":"desktop-align-center","8":"tablet-align-left","9":"mobile-align-left","10":"ast-product-gallery-layout-vertical-slider","11":"ast-product-tabs-layout-accordion","12":"ast-qv-on-image","14":"first","15":"outofstock","16":"shipping-taxable","17":"purchasable","18":"product-type-simple"},"acf":[],"_links":{"self":[{"href":"https:\/\/asymmetricbydesign.com\/fr\/wp-json\/wp\/v2\/product\/5450","targetHints":{"allow":["GET"]}}],"collection":[{"href":"https:\/\/asymmetricbydesign.com\/fr\/wp-json\/wp\/v2\/product"}],"about":[{"href":"https:\/\/asymmetricbydesign.com\/fr\/wp-json\/wp\/v2\/types\/product"}],"version-history":[{"count":0,"href":"https:\/\/asymmetricbydesign.com\/fr\/wp-json\/wp\/v2\/product\/5450\/revisions"}],"wp:featuredmedia":[{"embeddable":true,"href":"https:\/\/asymmetricbydesign.com\/fr\/wp-json\/wp\/v2\/media\/4691"}],"wp:attachment":[{"href":"https:\/\/asymmetricbydesign.com\/fr\/wp-json\/wp\/v2\/media?parent=5450"}],"wp:term":[{"taxonomy":"product_brand","embeddable":true,"href":"https:\/\/asymmetricbydesign.com\/fr\/wp-json\/wp\/v2\/product_brand?post=5450"},{"taxonomy":"product_cat","embeddable":true,"href":"https:\/\/asymmetricbydesign.com\/fr\/wp-json\/wp\/v2\/product_cat?post=5450"},{"taxonomy":"product_tag","embeddable":true,"href":"https:\/\/asymmetricbydesign.com\/fr\/wp-json\/wp\/v2\/product_tag?post=5450"}],"curies":[{"name":"wp","href":"https:\/\/api.w.org\/{rel}","templated":true}]}}