{"id":5462,"date":"2023-11-12T22:14:08","date_gmt":"2023-11-12T22:14:08","guid":{"rendered":"https:\/\/asymmetricbydesign.com\/product\/endossement-de-lanneau\/"},"modified":"2024-07-25T03:44:12","modified_gmt":"2024-07-25T03:44:12","slug":"endossement-de-lanneau","status":"publish","type":"product","link":"https:\/\/asymmetricbydesign.com\/fr\/produit\/endossement-de-lanneau\/","title":{"rendered":"Endossement de l&rsquo;anneau"},"content":{"rendered":"","protected":false},"excerpt":{"rendered":"<p>$150.00. CAD <b>Earth Collection : <i>\u00ab\u00a0Les fleurs de la durabilit\u00e9 pour gu\u00e9rir notre plan\u00e8te\u00a0\u00bb<\/i>.<\/b><i>  <\/i>J&rsquo;ai collectionn\u00e9 ces diff\u00e9rentes perles VINTAGE en forme de \u00ab\u00a0cloche\u00a0\u00bb, toutes sont ultra-rare &#8211; des cloches vintage en m\u00e9tal blanc de trois couleurs diff\u00e9rentes provenant du Maroc, les perles filigran\u00e9es complexes proviennent du Y\u00e9men. La cha\u00eene est \u00e9galement vintage. Tout en m\u00e9tal, PAS en argent.  <\/p>\n<div class=\"x_elementToProof\"><b>L&rsquo;histoire de cette collection : <\/b>Cette collection est plus qu&rsquo;un bijou, c&rsquo;est un engagement envers la plan\u00e8te, une invitation \u00e0 contribuer au bien-\u00eatre de la plan\u00e8te et de sa biodiversit\u00e9. Fabriqu\u00e9 essentiellement \u00e0 partir de composants vintage, antiques et recycl\u00e9s, chaque collier est un engagement \u00e0 gu\u00e9rir la Terre et \u00e0 prot\u00e9ger sa biodiversit\u00e9. En vous parant de ces pi\u00e8ces, vous nous rejoignez dans un voyage significatif vers un monde plus durable et plus beau. Chaque perle raconte une histoire de renouveau, faisant \u00e9cho \u00e0 l&rsquo;importance d&rsquo;adopter des choix \u00e9cologiques pour une Terre harmonieuse et florissante.<\/div>\n<div class=\"x_elementToProof\"><\/div>\n<div>Notre activit\u00e9 repose sur une profonde appr\u00e9ciation de l&rsquo;artisanat, de l&rsquo;histoire et de l&rsquo;authenticit\u00e9. Nous utilisons consciemment des mat\u00e9riaux recycl\u00e9s et vintage, non seulement pour leur attrait artistique, mais aussi pour leur empreinte \u00e9cologique. Cet engagement s&rsquo;\u00e9tend \u00e0 notre soutien aux artisans du monde entier, qui pr\u00e9servent les traditions et l&rsquo;artisanat tout en ayant un impact positif sur les moyens de subsistance de leurs familles. Nos fondements reposent sur une passion pour l&rsquo;artisanat, un grand respect de l&rsquo;histoire et un attachement \u00e0 l&rsquo;authenticit\u00e9. Nous s\u00e9lectionnons avec soin une collection d&rsquo;objets m\u00e9ticuleusement fabriqu\u00e9s \u00e0 la main et de pi\u00e8ces vintage rares provenant du monde entier. Notre processus d&rsquo;approvisionnement privil\u00e9gie les mat\u00e9riaux durables et \u00e9thiques, garantissant ainsi que nos produits incarnent l&rsquo;h\u00e9ritage culturel et la durabilit\u00e9.<\/div>\n<p>  Note : Nous pouvons ajuster le poids et la longueur et faire des boucles d&rsquo;oreilles assorties pour 25$.  &nbsp;<\/p>\n","protected":false},"featured_media":5231,"template":"","meta":{"_acf_changed":false,"site-sidebar-layout":"default","site-content-layout":"default","ast-site-content-layout":"default","site-content-style":"default","site-sidebar-style":"default","ast-global-header-display":"","ast-banner-title-visibility":"","ast-main-header-display":"disabled","ast-hfb-above-header-display":"","ast-hfb-below-header-display":"","ast-hfb-mobile-header-display":"","site-post-title":"","ast-breadcrumbs-content":"","ast-featured-img":"","footer-sml-layout":"","ast-disable-related-posts":"","theme-transparent-header-meta":"default","adv-header-id-meta":"","stick-header-meta":"default","header-above-stick-meta":"","header-main-stick-meta":"","header-below-stick-meta":"","astra-migrate-meta-layouts":"default","ast-page-background-enabled":"default","ast-page-background-meta":{"desktop":{"background-color":"var(--ast-global-color-4)","background-image":"","background-repeat":"repeat","background-position":"center center","background-size":"auto","background-attachment":"scroll","background-type":"","background-media":"","overlay-type":"","overlay-color":"","overlay-opacity":"","overlay-gradient":""},"tablet":{"background-color":"","background-image":"","background-repeat":"repeat","background-position":"center center","background-size":"auto","background-attachment":"scroll","background-type":"","background-media":"","overlay-type":"","overlay-color":"","overlay-opacity":"","overlay-gradient":""},"mobile":{"background-color":"","background-image":"","background-repeat":"repeat","background-position":"center center","background-size":"auto","background-attachment":"scroll","background-type":"","background-media":"","overlay-type":"","overlay-color":"","overlay-opacity":"","overlay-gradient":""}},"ast-content-background-meta":{"desktop":{"background-color":"var(--ast-global-color-5)","background-image":"","background-repeat":"repeat","background-position":"center center","background-size":"auto","background-attachment":"scroll","background-type":"","background-media":"","overlay-type":"","overlay-color":"","overlay-opacity":"","overlay-gradient":""},"tablet":{"background-color":"var(--ast-global-color-5)","background-image":"","background-repeat":"repeat","background-position":"center center","background-size":"auto","background-attachment":"scroll","background-type":"","background-media":"","overlay-type":"","overlay-color":"","overlay-opacity":"","overlay-gradient":""},"mobile":{"background-color":"var(--ast-global-color-5)","background-image":"","background-repeat":"repeat","background-position":"center center","background-size":"auto","background-attachment":"scroll","background-type":"","background-media":"","overlay-type":"","overlay-color":"","overlay-opacity":"","overlay-gradient":""}}},"product_brand":[],"product_cat":[120,82,71,94,84,89],"product_tag":[],"class_list":{"0":"post-5462","1":"product","2":"type-product","3":"status-publish","4":"has-post-thumbnail","6":"product_cat-100-circulaire","7":"product_cat-colliers","8":"product_cat-durable","9":"product_cat-fabrique-au-quebec","10":"product_cat-journee-de-la-terre","11":"product_cat-vintage-antique-fr","12":"desktop-align-center","13":"tablet-align-left","14":"mobile-align-left","15":"ast-product-gallery-layout-vertical-slider","16":"ast-product-tabs-layout-accordion","17":"ast-qv-on-image","19":"first","20":"outofstock","21":"shipping-taxable","22":"purchasable","23":"product-type-simple"},"acf":[],"_links":{"self":[{"href":"https:\/\/asymmetricbydesign.com\/fr\/wp-json\/wp\/v2\/product\/5462","targetHints":{"allow":["GET"]}}],"collection":[{"href":"https:\/\/asymmetricbydesign.com\/fr\/wp-json\/wp\/v2\/product"}],"about":[{"href":"https:\/\/asymmetricbydesign.com\/fr\/wp-json\/wp\/v2\/types\/product"}],"version-history":[{"count":0,"href":"https:\/\/asymmetricbydesign.com\/fr\/wp-json\/wp\/v2\/product\/5462\/revisions"}],"wp:featuredmedia":[{"embeddable":true,"href":"https:\/\/asymmetricbydesign.com\/fr\/wp-json\/wp\/v2\/media\/5231"}],"wp:attachment":[{"href":"https:\/\/asymmetricbydesign.com\/fr\/wp-json\/wp\/v2\/media?parent=5462"}],"wp:term":[{"taxonomy":"product_brand","embeddable":true,"href":"https:\/\/asymmetricbydesign.com\/fr\/wp-json\/wp\/v2\/product_brand?post=5462"},{"taxonomy":"product_cat","embeddable":true,"href":"https:\/\/asymmetricbydesign.com\/fr\/wp-json\/wp\/v2\/product_cat?post=5462"},{"taxonomy":"product_tag","embeddable":true,"href":"https:\/\/asymmetricbydesign.com\/fr\/wp-json\/wp\/v2\/product_tag?post=5462"}],"curies":[{"name":"wp","href":"https:\/\/api.w.org\/{rel}","templated":true}]}}