{"id":5463,"date":"2023-11-12T21:10:46","date_gmt":"2023-11-12T21:10:46","guid":{"rendered":"https:\/\/asymmetricbydesign.com\/product\/lelegance-au-service-de-lautonomie\/"},"modified":"2024-07-25T03:44:11","modified_gmt":"2024-07-25T03:44:11","slug":"lelegance-au-service-de-lautonomie","status":"publish","type":"product","link":"https:\/\/asymmetricbydesign.com\/fr\/produit\/lelegance-au-service-de-lautonomie\/","title":{"rendered":"L&rsquo;\u00e9l\u00e9gance au service de l&rsquo;autonomie"},"content":{"rendered":"","protected":false},"excerpt":{"rendered":"<p>250,00 $ CAD  <\/p>\n<div><b>Fait partie de la <\/b><b>Collection \u00ab\u00a0Audace et pouvoir\u00a0\u00bb : \u00ab\u00a0<\/b><b><i>Embrasser l&rsquo;individualit\u00e9 et la confiance en soi<\/i><\/b><b><i>\u00a0\u00bb <\/i><\/b> <\/div>\n<p>  Nous sommes tomb\u00e9s amoureux d&rsquo;un fil vintage de perles en r\u00e9sine avec des inserts spectaculaires de turquoise en cabochon. Nous avons r\u00e9alis\u00e9 5 motifs tr\u00e8s diff\u00e9rents et distincts avec ce seul fil de cr\u00e9ateur. Le contraste entre le noir et le turquoise est tr\u00e8s frappant. La turquoise est une pierre pr\u00e9cieuse populaire qui est depuis longtemps appr\u00e9ci\u00e9e dans de nombreuses cultures. On dit qu&rsquo;elle apporte chance, paix et protection, et c&rsquo;est aussi l&rsquo;une des pierres de naissance associ\u00e9es au mois de d\u00e9cembre <b>L&rsquo;histoire de cette collection<\/b>: Cette collection est une c\u00e9l\u00e9bration vibrante de l&rsquo;autonomisation, offrant plus qu&rsquo;un simple bijou &#8211; c&rsquo;est une d\u00e9claration audacieuse d&rsquo;individualit\u00e9. Les cr\u00e9ations m\u00e9ticuleusement \u00e9labor\u00e9es transcendent les simples accessoires, devenant l&rsquo;incarnation de la confiance et de l&rsquo;unicit\u00e9 de la personne qui les porte. Chaque pi\u00e8ce est une invitation \u00e0 embrasser l&rsquo;essence de votre esprit, de vos valeurs et de votre personnalit\u00e9, vous permettant de rayonner avec une brillance in\u00e9gal\u00e9e. Lorsque vous portez fi\u00e8rement ces colliers, ils deviennent un t\u00e9moignage de votre pouvoir d&rsquo;action sans peur, faisant \u00e9cho \u00e0 la force d&#8217;embrasser et d&rsquo;exprimer votre identit\u00e9 distinctive.  &nbsp;<\/p>\n<p>&nbsp;<\/p>\n","protected":false},"featured_media":5050,"template":"","meta":{"_acf_changed":false,"site-sidebar-layout":"default","site-content-layout":"default","ast-site-content-layout":"default","site-content-style":"default","site-sidebar-style":"default","ast-global-header-display":"","ast-banner-title-visibility":"","ast-main-header-display":"disabled","ast-hfb-above-header-display":"","ast-hfb-below-header-display":"","ast-hfb-mobile-header-display":"","site-post-title":"","ast-breadcrumbs-content":"","ast-featured-img":"","footer-sml-layout":"","ast-disable-related-posts":"","theme-transparent-header-meta":"default","adv-header-id-meta":"","stick-header-meta":"default","header-above-stick-meta":"","header-main-stick-meta":"","header-below-stick-meta":"","astra-migrate-meta-layouts":"default","ast-page-background-enabled":"default","ast-page-background-meta":{"desktop":{"background-color":"var(--ast-global-color-4)","background-image":"","background-repeat":"repeat","background-position":"center center","background-size":"auto","background-attachment":"scroll","background-type":"","background-media":"","overlay-type":"","overlay-color":"","overlay-opacity":"","overlay-gradient":""},"tablet":{"background-color":"","background-image":"","background-repeat":"repeat","background-position":"center center","background-size":"auto","background-attachment":"scroll","background-type":"","background-media":"","overlay-type":"","overlay-color":"","overlay-opacity":"","overlay-gradient":""},"mobile":{"background-color":"","background-image":"","background-repeat":"repeat","background-position":"center center","background-size":"auto","background-attachment":"scroll","background-type":"","background-media":"","overlay-type":"","overlay-color":"","overlay-opacity":"","overlay-gradient":""}},"ast-content-background-meta":{"desktop":{"background-color":"var(--ast-global-color-5)","background-image":"","background-repeat":"repeat","background-position":"center center","background-size":"auto","background-attachment":"scroll","background-type":"","background-media":"","overlay-type":"","overlay-color":"","overlay-opacity":"","overlay-gradient":""},"tablet":{"background-color":"var(--ast-global-color-5)","background-image":"","background-repeat":"repeat","background-position":"center center","background-size":"auto","background-attachment":"scroll","background-type":"","background-media":"","overlay-type":"","overlay-color":"","overlay-opacity":"","overlay-gradient":""},"mobile":{"background-color":"var(--ast-global-color-5)","background-image":"","background-repeat":"repeat","background-position":"center center","background-size":"auto","background-attachment":"scroll","background-type":"","background-media":"","overlay-type":"","overlay-color":"","overlay-opacity":"","overlay-gradient":""}}},"product_brand":[],"product_cat":[90,82,71,94,89],"product_tag":[],"class_list":{"0":"post-5463","1":"product","2":"type-product","3":"status-publish","4":"has-post-thumbnail","6":"product_cat-audace-et-puissance","7":"product_cat-colliers","8":"product_cat-durable","9":"product_cat-fabrique-au-quebec","10":"product_cat-vintage-antique-fr","11":"desktop-align-center","12":"tablet-align-left","13":"mobile-align-left","14":"ast-product-gallery-layout-vertical-slider","15":"ast-product-tabs-layout-accordion","16":"ast-qv-on-image","18":"first","19":"instock","20":"shipping-taxable","21":"purchasable","22":"product-type-simple"},"acf":[],"_links":{"self":[{"href":"https:\/\/asymmetricbydesign.com\/fr\/wp-json\/wp\/v2\/product\/5463","targetHints":{"allow":["GET"]}}],"collection":[{"href":"https:\/\/asymmetricbydesign.com\/fr\/wp-json\/wp\/v2\/product"}],"about":[{"href":"https:\/\/asymmetricbydesign.com\/fr\/wp-json\/wp\/v2\/types\/product"}],"version-history":[{"count":0,"href":"https:\/\/asymmetricbydesign.com\/fr\/wp-json\/wp\/v2\/product\/5463\/revisions"}],"wp:featuredmedia":[{"embeddable":true,"href":"https:\/\/asymmetricbydesign.com\/fr\/wp-json\/wp\/v2\/media\/5050"}],"wp:attachment":[{"href":"https:\/\/asymmetricbydesign.com\/fr\/wp-json\/wp\/v2\/media?parent=5463"}],"wp:term":[{"taxonomy":"product_brand","embeddable":true,"href":"https:\/\/asymmetricbydesign.com\/fr\/wp-json\/wp\/v2\/product_brand?post=5463"},{"taxonomy":"product_cat","embeddable":true,"href":"https:\/\/asymmetricbydesign.com\/fr\/wp-json\/wp\/v2\/product_cat?post=5463"},{"taxonomy":"product_tag","embeddable":true,"href":"https:\/\/asymmetricbydesign.com\/fr\/wp-json\/wp\/v2\/product_tag?post=5463"}],"curies":[{"name":"wp","href":"https:\/\/api.w.org\/{rel}","templated":true}]}}