{"id":5468,"date":"2023-11-14T01:58:25","date_gmt":"2023-11-14T01:58:25","guid":{"rendered":"https:\/\/asymmetricbydesign.com\/product\/beaute-terrestre\/"},"modified":"2024-07-25T03:44:13","modified_gmt":"2024-07-25T03:44:13","slug":"beaute-terrestre","status":"publish","type":"product","link":"https:\/\/asymmetricbydesign.com\/fr\/produit\/beaute-terrestre\/","title":{"rendered":"Beaut\u00e9 terrestre"},"content":{"rendered":"","protected":false},"excerpt":{"rendered":"<p>$350.00 CAD <b>Fait partie de la Collection Diversit\u00e9 et Inclusion :<\/b>\u00ab\u00a0Une exquise collection \u00e9clectique de <b> <i> perles <\/i><\/b> <strong>sculpt\u00e9es<\/strong> (os, agathe, jade et corail) provenant du monde entier, dont plus de la moiti\u00e9 sont anciennes et de couleurs vari\u00e9es &#8211; d\u00e9montrant que malgr\u00e9 les diff\u00e9rences d&rsquo;\u00e2ge et de provenance, la diversit\u00e9 est belle. J&rsquo;ADORE vraiment ce collier et j&rsquo;h\u00e9site \u00e0 le mettre en vente. Il est \u00e9galement empreint de symbolisme et d&rsquo;optimisme : Les deux points centraux sont le papillon, symbole d&rsquo;espoir, et le jade sculpt\u00e9 vert, qui porte chance, favorise le bien-\u00eatre \u00e9motionnel et prot\u00e8ge des \u00e9nergies n\u00e9gatives. Les Am\u00e9rindiens consid\u00e9raient les papillons comme des symboles de <b>transformation, d&rsquo;espoir et de renaissance<\/b>. Dans la culture chinoise, le symbolisme des papillons \u00e9voque les qualit\u00e9s de la libert\u00e9, de la beaut\u00e9 terrestre, de l&rsquo;amour et de l&rsquo;\u00e2me humaine.  <\/p>\n<div class=\"x_elementToProof\"><b>L&rsquo;histoire de cette collection : <\/b>Elle tisse de mani\u00e8re complexe une tapisserie vibrante d&rsquo;inclusion \u00e0 travers des symboles soigneusement choisis. Chaque collier constitue une d\u00e9claration puissante, affirmant que la beaut\u00e9 s&rsquo;\u00e9panouit dans l&rsquo;acceptation de la diversit\u00e9 sous toutes ses formes &#8211; qu&rsquo;il s&rsquo;agisse de sexe, de religion, de nationalit\u00e9, d&rsquo;orientation sexuelle, etc. Incorporant des perles \u00e9clectiques de formes, de tailles, de textures et de mat\u00e9riaux divers, provenant d&rsquo;\u00e9poques et de lieux diff\u00e9rents, cette collection c\u00e9l\u00e8bre profond\u00e9ment la riche mosa\u00efque de l&rsquo;humanit\u00e9. Il capture l&rsquo;essence d&rsquo;un monde plus inclusif et plus tol\u00e9rant en symbolisant l&rsquo;interconnexion et la force d\u00e9riv\u00e9e de l&rsquo;unit\u00e9.<\/div>\n<div class=\"x_elementToProof\"><\/div>\n<div class=\"x_elementToProof\">Dans la mesure du possible, nous utilisons des mat\u00e9riaux recycl\u00e9s et anciens pour leurs qualit\u00e9s artistiques et leur faible impact sur l&rsquo;environnement. Nous aimons \u00e9galement soutenir les artisans dans les pays en d\u00e9veloppement, afin que les traditions et l&rsquo;artisanat restent vivants et soient transmis de g\u00e9n\u00e9ration en g\u00e9n\u00e9ration, et afin d&rsquo;aider leurs familles \u00e0 subvenir \u00e0 leurs besoins.<\/div>\n<p>&nbsp;  Note : Nous pouvons ajuster le poids et la longueur et faire des boucles d&rsquo;oreilles assorties pour 25$.  &nbsp;<\/p>\n","protected":false},"featured_media":5148,"template":"","meta":{"_acf_changed":false,"site-sidebar-layout":"default","site-content-layout":"default","ast-site-content-layout":"default","site-content-style":"default","site-sidebar-style":"default","ast-global-header-display":"","ast-banner-title-visibility":"","ast-main-header-display":"disabled","ast-hfb-above-header-display":"","ast-hfb-below-header-display":"","ast-hfb-mobile-header-display":"","site-post-title":"","ast-breadcrumbs-content":"","ast-featured-img":"","footer-sml-layout":"","ast-disable-related-posts":"","theme-transparent-header-meta":"default","adv-header-id-meta":"","stick-header-meta":"default","header-above-stick-meta":"","header-main-stick-meta":"","header-below-stick-meta":"","astra-migrate-meta-layouts":"default","ast-page-background-enabled":"default","ast-page-background-meta":{"desktop":{"background-color":"var(--ast-global-color-4)","background-image":"","background-repeat":"repeat","background-position":"center center","background-size":"auto","background-attachment":"scroll","background-type":"","background-media":"","overlay-type":"","overlay-color":"","overlay-opacity":"","overlay-gradient":""},"tablet":{"background-color":"","background-image":"","background-repeat":"repeat","background-position":"center center","background-size":"auto","background-attachment":"scroll","background-type":"","background-media":"","overlay-type":"","overlay-color":"","overlay-opacity":"","overlay-gradient":""},"mobile":{"background-color":"","background-image":"","background-repeat":"repeat","background-position":"center center","background-size":"auto","background-attachment":"scroll","background-type":"","background-media":"","overlay-type":"","overlay-color":"","overlay-opacity":"","overlay-gradient":""}},"ast-content-background-meta":{"desktop":{"background-color":"var(--ast-global-color-5)","background-image":"","background-repeat":"repeat","background-position":"center center","background-size":"auto","background-attachment":"scroll","background-type":"","background-media":"","overlay-type":"","overlay-color":"","overlay-opacity":"","overlay-gradient":""},"tablet":{"background-color":"var(--ast-global-color-5)","background-image":"","background-repeat":"repeat","background-position":"center center","background-size":"auto","background-attachment":"scroll","background-type":"","background-media":"","overlay-type":"","overlay-color":"","overlay-opacity":"","overlay-gradient":""},"mobile":{"background-color":"var(--ast-global-color-5)","background-image":"","background-repeat":"repeat","background-position":"center center","background-size":"auto","background-attachment":"scroll","background-type":"","background-media":"","overlay-type":"","overlay-color":"","overlay-opacity":"","overlay-gradient":""}}},"product_brand":[],"product_cat":[117,82,71,94,89],"product_tag":[],"class_list":{"0":"post-5468","1":"product","2":"type-product","3":"status-publish","4":"has-post-thumbnail","6":"product_cat-beaute-dans-la-diversite","7":"product_cat-colliers","8":"product_cat-durable","9":"product_cat-fabrique-au-quebec","10":"product_cat-vintage-antique-fr","11":"desktop-align-center","12":"tablet-align-left","13":"mobile-align-left","14":"ast-product-gallery-layout-vertical-slider","15":"ast-product-tabs-layout-accordion","16":"ast-qv-on-image","18":"first","19":"instock","20":"shipping-taxable","21":"purchasable","22":"product-type-simple"},"acf":[],"_links":{"self":[{"href":"https:\/\/asymmetricbydesign.com\/fr\/wp-json\/wp\/v2\/product\/5468","targetHints":{"allow":["GET"]}}],"collection":[{"href":"https:\/\/asymmetricbydesign.com\/fr\/wp-json\/wp\/v2\/product"}],"about":[{"href":"https:\/\/asymmetricbydesign.com\/fr\/wp-json\/wp\/v2\/types\/product"}],"version-history":[{"count":0,"href":"https:\/\/asymmetricbydesign.com\/fr\/wp-json\/wp\/v2\/product\/5468\/revisions"}],"wp:featuredmedia":[{"embeddable":true,"href":"https:\/\/asymmetricbydesign.com\/fr\/wp-json\/wp\/v2\/media\/5148"}],"wp:attachment":[{"href":"https:\/\/asymmetricbydesign.com\/fr\/wp-json\/wp\/v2\/media?parent=5468"}],"wp:term":[{"taxonomy":"product_brand","embeddable":true,"href":"https:\/\/asymmetricbydesign.com\/fr\/wp-json\/wp\/v2\/product_brand?post=5468"},{"taxonomy":"product_cat","embeddable":true,"href":"https:\/\/asymmetricbydesign.com\/fr\/wp-json\/wp\/v2\/product_cat?post=5468"},{"taxonomy":"product_tag","embeddable":true,"href":"https:\/\/asymmetricbydesign.com\/fr\/wp-json\/wp\/v2\/product_tag?post=5468"}],"curies":[{"name":"wp","href":"https:\/\/api.w.org\/{rel}","templated":true}]}}