{"id":5469,"date":"2023-11-14T01:33:59","date_gmt":"2023-11-14T01:33:59","guid":{"rendered":"https:\/\/asymmetricbydesign.com\/product\/du-pays-du-bonheur\/"},"modified":"2024-02-09T16:35:56","modified_gmt":"2024-02-09T16:35:56","slug":"du-pays-du-bonheur","status":"publish","type":"product","link":"https:\/\/asymmetricbydesign.com\/fr\/produit\/du-pays-du-bonheur\/","title":{"rendered":"Du pays du bonheur"},"content":{"rendered":"","protected":false},"excerpt":{"rendered":"<p>325 $ CAD<\/p>\n<p><b>Fait partie de la collection Timeless Elegance :<i> \u00ab\u00a0H\u00e9ritages du patrimoine : Cr\u00e9er des histoires d&rsquo;une beaut\u00e9 intemporelle\u00a0\u00bb<\/i><\/b>  100% Vintage\/antique : Pendentif antique du Bhoutan (certaines pierres manquent en raison de son \u00e2ge et ajoutent \u00e0 son caract\u00e8re &#8211; voir photos), la plupart des perles sont vintage ou antiques : perles en bois rouge sculpt\u00e9 de Chine et corail antique avec des pierres turquoises contemporaines.<\/p>\n<p>Ce pendentif magnifique et d\u00e9licieusement travaill\u00e9 a \u00e9t\u00e9 achet\u00e9 lors d&rsquo;un voyage de trekking de deux semaines au Bhoutan, un pays enchanteur. J&rsquo;ai \u00e9t\u00e9 attir\u00e9e par le Bhoutan d\u00e8s mon plus jeune \u00e2ge, un pays o\u00f9 le produit int\u00e9rieur ne se mesure pas en termes de production, mais plut\u00f4t de bonheur ! La l\u00e9gende veut que des anges aient construit le remarquable et sacr\u00e9 Tiger&rsquo;s Nest, un site bouddhiste situ\u00e9 dans l&rsquo;Himalaya, dans la haute vall\u00e9e de Paro. J&rsquo;ai gard\u00e9 ce pendentif pendant de nombreuses ann\u00e9es, en essayant de trouver les perles appropri\u00e9es pour l&rsquo;associer. Ils devaient aussi \u00eatre tr\u00e8s sp\u00e9ciaux.<\/p>\n<div class=\"x_elementToProof\"><b>L&rsquo;histoire de cette collection : <\/b>Plongez dans les histoires enchanteresses du pass\u00e9 avec notre collection Timeless Elegance. Ces colliers ne sont pas seulement des accessoires, ils sont une invitation \u00e0 ch\u00e9rir l&rsquo;histoire et \u00e0 porter sa gr\u00e2ce dans l&rsquo;avenir. Con\u00e7ue avec une touche moderne et asym\u00e9trique, chaque pi\u00e8ce est une \u0153uvre d&rsquo;art intemporelle qui raconte avec \u00e9l\u00e9gance des histoires d&rsquo;h\u00e9ritage. Votre collier, comme vous, est un chef-d&rsquo;\u0153uvre unique avec son propre nom et sa propre histoire, contribuant \u00e0 un ensemble d&rsquo;objets patrimoniaux qui transcendent le temps. En portant ces pi\u00e8ces, vous devenez l&rsquo;incarnation vivante des riches r\u00e9cits qui ont fa\u00e7onn\u00e9 notre histoire.<\/div>\n<div class=\"x_elementToProof\"><\/div>\n<div class=\"x_elementToProof\">Notre activit\u00e9 repose sur une profonde appr\u00e9ciation de l&rsquo;artisanat, de l&rsquo;histoire et de l&rsquo;authenticit\u00e9. Nous utilisons consciemment des mat\u00e9riaux recycl\u00e9s et vintage, non seulement pour leur attrait artistique, mais aussi pour leur empreinte \u00e9cologique. Cet engagement s&rsquo;\u00e9tend \u00e0 notre soutien aux artisans du monde entier, qui pr\u00e9servent les traditions et l&rsquo;artisanat tout en ayant un impact positif sur les moyens de subsistance de leurs familles. Nos fondements reposent sur une passion pour l&rsquo;artisanat, un grand respect de l&rsquo;histoire et un attachement \u00e0 l&rsquo;authenticit\u00e9. Nous s\u00e9lectionnons avec soin une collection d&rsquo;objets m\u00e9ticuleusement fabriqu\u00e9s \u00e0 la main et de pi\u00e8ces vintage rares provenant du monde entier. Notre processus d&rsquo;approvisionnement privil\u00e9gie les mat\u00e9riaux durables et \u00e9thiques, garantissant ainsi que nos produits incarnent l&rsquo;h\u00e9ritage culturel et la durabilit\u00e9.<\/div>\n","protected":false},"featured_media":5170,"template":"","meta":{"_acf_changed":false,"site-sidebar-layout":"default","site-content-layout":"default","ast-site-content-layout":"default","site-content-style":"default","site-sidebar-style":"default","ast-global-header-display":"","ast-banner-title-visibility":"","ast-main-header-display":"","ast-hfb-above-header-display":"","ast-hfb-below-header-display":"","ast-hfb-mobile-header-display":"","site-post-title":"","ast-breadcrumbs-content":"","ast-featured-img":"","footer-sml-layout":"","ast-disable-related-posts":"","theme-transparent-header-meta":"default","adv-header-id-meta":"","stick-header-meta":"default","header-above-stick-meta":"","header-main-stick-meta":"","header-below-stick-meta":"","astra-migrate-meta-layouts":"default","ast-page-background-enabled":"default","ast-page-background-meta":{"desktop":{"background-color":"var(--ast-global-color-4)","background-image":"","background-repeat":"repeat","background-position":"center center","background-size":"auto","background-attachment":"scroll","background-type":"","background-media":"","overlay-type":"","overlay-color":"","overlay-opacity":"","overlay-gradient":""},"tablet":{"background-color":"","background-image":"","background-repeat":"repeat","background-position":"center center","background-size":"auto","background-attachment":"scroll","background-type":"","background-media":"","overlay-type":"","overlay-color":"","overlay-opacity":"","overlay-gradient":""},"mobile":{"background-color":"","background-image":"","background-repeat":"repeat","background-position":"center center","background-size":"auto","background-attachment":"scroll","background-type":"","background-media":"","overlay-type":"","overlay-color":"","overlay-opacity":"","overlay-gradient":""}},"ast-content-background-meta":{"desktop":{"background-color":"var(--ast-global-color-5)","background-image":"","background-repeat":"repeat","background-position":"center center","background-size":"auto","background-attachment":"scroll","background-type":"","background-media":"","overlay-type":"","overlay-color":"","overlay-opacity":"","overlay-gradient":""},"tablet":{"background-color":"var(--ast-global-color-5)","background-image":"","background-repeat":"repeat","background-position":"center center","background-size":"auto","background-attachment":"scroll","background-type":"","background-media":"","overlay-type":"","overlay-color":"","overlay-opacity":"","overlay-gradient":""},"mobile":{"background-color":"var(--ast-global-color-5)","background-image":"","background-repeat":"repeat","background-position":"center center","background-size":"auto","background-attachment":"scroll","background-type":"","background-media":"","overlay-type":"","overlay-color":"","overlay-opacity":"","overlay-gradient":""}}},"product_brand":[],"product_cat":[82,71,73,94,89],"product_tag":[],"class_list":{"0":"post-5469","1":"product","2":"type-product","3":"status-publish","4":"has-post-thumbnail","6":"product_cat-colliers","7":"product_cat-durable","8":"product_cat-elegance-intemporelle-pearl","9":"product_cat-fabrique-au-quebec","10":"product_cat-vintage-antique-fr","11":"desktop-align-center","12":"tablet-align-left","13":"mobile-align-left","14":"ast-product-gallery-layout-vertical-slider","15":"ast-product-tabs-layout-accordion","16":"ast-qv-on-image","18":"first","19":"outofstock","20":"shipping-taxable","21":"purchasable","22":"product-type-simple"},"acf":[],"_links":{"self":[{"href":"https:\/\/asymmetricbydesign.com\/fr\/wp-json\/wp\/v2\/product\/5469","targetHints":{"allow":["GET"]}}],"collection":[{"href":"https:\/\/asymmetricbydesign.com\/fr\/wp-json\/wp\/v2\/product"}],"about":[{"href":"https:\/\/asymmetricbydesign.com\/fr\/wp-json\/wp\/v2\/types\/product"}],"version-history":[{"count":0,"href":"https:\/\/asymmetricbydesign.com\/fr\/wp-json\/wp\/v2\/product\/5469\/revisions"}],"wp:featuredmedia":[{"embeddable":true,"href":"https:\/\/asymmetricbydesign.com\/fr\/wp-json\/wp\/v2\/media\/5170"}],"wp:attachment":[{"href":"https:\/\/asymmetricbydesign.com\/fr\/wp-json\/wp\/v2\/media?parent=5469"}],"wp:term":[{"taxonomy":"product_brand","embeddable":true,"href":"https:\/\/asymmetricbydesign.com\/fr\/wp-json\/wp\/v2\/product_brand?post=5469"},{"taxonomy":"product_cat","embeddable":true,"href":"https:\/\/asymmetricbydesign.com\/fr\/wp-json\/wp\/v2\/product_cat?post=5469"},{"taxonomy":"product_tag","embeddable":true,"href":"https:\/\/asymmetricbydesign.com\/fr\/wp-json\/wp\/v2\/product_tag?post=5469"}],"curies":[{"name":"wp","href":"https:\/\/api.w.org\/{rel}","templated":true}]}}