{"id":5471,"date":"2023-11-14T02:24:20","date_gmt":"2023-11-14T02:24:20","guid":{"rendered":"https:\/\/asymmetricbydesign.com\/product\/planete-sante\/"},"modified":"2024-07-25T03:44:13","modified_gmt":"2024-07-25T03:44:13","slug":"planete-sante","status":"publish","type":"product","link":"https:\/\/asymmetricbydesign.com\/fr\/produit\/planete-sante\/","title":{"rendered":"Plan\u00e8te Sant\u00e9"},"content":{"rendered":"","protected":false},"excerpt":{"rendered":"<p>200.00 CAD <b>Fait partie de la <\/b><b>collection Bold and Empowered : \u00ab\u00a0<\/b><b><i>Embrasser l&rsquo;individualit\u00e9 et la confiance en soi<\/i><\/b><b><i>\u00a0\u00bb <\/i><\/b>Un exquis pendentif en Jade sculpt\u00e9, sur un long fil de perles \u00e9clectiques en m\u00e9tal vintage provenant principalement d&rsquo;Afghanistan et de belles grosses perles vertes assorties. La couleur verte harmonieuse est cens\u00e9e apporter l&rsquo;\u00e9quilibre et l&rsquo;harmonie \u00e0 la vie, en favorisant un sentiment d&rsquo;\u00e9quilibre et de tranquillit\u00e9. <b>L&rsquo;histoire de cette collection :<\/b> Cette collection est une c\u00e9l\u00e9bration vibrante de l&rsquo;autonomisation, offrant plus qu&rsquo;un simple bijou &#8211; c&rsquo;est une d\u00e9claration audacieuse d&rsquo;individualit\u00e9. Les cr\u00e9ations m\u00e9ticuleusement \u00e9labor\u00e9es transcendent les simples accessoires, devenant l&rsquo;incarnation de la confiance et de l&rsquo;unicit\u00e9 de la personne qui les porte. Chaque pi\u00e8ce est une invitation \u00e0 embrasser l&rsquo;essence de votre esprit, de vos valeurs et de votre personnalit\u00e9, vous permettant de rayonner avec une brillance in\u00e9gal\u00e9e. Lorsque vous portez fi\u00e8rement ces colliers, ils deviennent un t\u00e9moignage de votre pouvoir d&rsquo;action sans peur, faisant \u00e9cho \u00e0 la force que vous trouvez en embrassant et en exprimant votre identit\u00e9 distinctive.  &nbsp;<\/p>\n","protected":false},"featured_media":5211,"template":"","meta":{"_acf_changed":false,"site-sidebar-layout":"default","site-content-layout":"default","ast-site-content-layout":"default","site-content-style":"default","site-sidebar-style":"default","ast-global-header-display":"","ast-banner-title-visibility":"","ast-main-header-display":"disabled","ast-hfb-above-header-display":"","ast-hfb-below-header-display":"","ast-hfb-mobile-header-display":"","site-post-title":"","ast-breadcrumbs-content":"","ast-featured-img":"","footer-sml-layout":"","ast-disable-related-posts":"","theme-transparent-header-meta":"default","adv-header-id-meta":"","stick-header-meta":"default","header-above-stick-meta":"","header-main-stick-meta":"","header-below-stick-meta":"","astra-migrate-meta-layouts":"default","ast-page-background-enabled":"default","ast-page-background-meta":{"desktop":{"background-color":"var(--ast-global-color-4)","background-image":"","background-repeat":"repeat","background-position":"center center","background-size":"auto","background-attachment":"scroll","background-type":"","background-media":"","overlay-type":"","overlay-color":"","overlay-opacity":"","overlay-gradient":""},"tablet":{"background-color":"","background-image":"","background-repeat":"repeat","background-position":"center center","background-size":"auto","background-attachment":"scroll","background-type":"","background-media":"","overlay-type":"","overlay-color":"","overlay-opacity":"","overlay-gradient":""},"mobile":{"background-color":"","background-image":"","background-repeat":"repeat","background-position":"center center","background-size":"auto","background-attachment":"scroll","background-type":"","background-media":"","overlay-type":"","overlay-color":"","overlay-opacity":"","overlay-gradient":""}},"ast-content-background-meta":{"desktop":{"background-color":"var(--ast-global-color-5)","background-image":"","background-repeat":"repeat","background-position":"center center","background-size":"auto","background-attachment":"scroll","background-type":"","background-media":"","overlay-type":"","overlay-color":"","overlay-opacity":"","overlay-gradient":""},"tablet":{"background-color":"var(--ast-global-color-5)","background-image":"","background-repeat":"repeat","background-position":"center center","background-size":"auto","background-attachment":"scroll","background-type":"","background-media":"","overlay-type":"","overlay-color":"","overlay-opacity":"","overlay-gradient":""},"mobile":{"background-color":"var(--ast-global-color-5)","background-image":"","background-repeat":"repeat","background-position":"center center","background-size":"auto","background-attachment":"scroll","background-type":"","background-media":"","overlay-type":"","overlay-color":"","overlay-opacity":"","overlay-gradient":""}}},"product_brand":[],"product_cat":[82,71,94,84,89],"product_tag":[],"class_list":{"0":"post-5471","1":"product","2":"type-product","3":"status-publish","4":"has-post-thumbnail","6":"product_cat-colliers","7":"product_cat-durable","8":"product_cat-fabrique-au-quebec","9":"product_cat-journee-de-la-terre","10":"product_cat-vintage-antique-fr","11":"desktop-align-center","12":"tablet-align-left","13":"mobile-align-left","14":"ast-product-gallery-layout-vertical-slider","15":"ast-product-tabs-layout-accordion","16":"ast-qv-on-image","18":"first","19":"instock","20":"shipping-taxable","21":"purchasable","22":"product-type-simple"},"acf":[],"_links":{"self":[{"href":"https:\/\/asymmetricbydesign.com\/fr\/wp-json\/wp\/v2\/product\/5471","targetHints":{"allow":["GET"]}}],"collection":[{"href":"https:\/\/asymmetricbydesign.com\/fr\/wp-json\/wp\/v2\/product"}],"about":[{"href":"https:\/\/asymmetricbydesign.com\/fr\/wp-json\/wp\/v2\/types\/product"}],"version-history":[{"count":0,"href":"https:\/\/asymmetricbydesign.com\/fr\/wp-json\/wp\/v2\/product\/5471\/revisions"}],"wp:featuredmedia":[{"embeddable":true,"href":"https:\/\/asymmetricbydesign.com\/fr\/wp-json\/wp\/v2\/media\/5211"}],"wp:attachment":[{"href":"https:\/\/asymmetricbydesign.com\/fr\/wp-json\/wp\/v2\/media?parent=5471"}],"wp:term":[{"taxonomy":"product_brand","embeddable":true,"href":"https:\/\/asymmetricbydesign.com\/fr\/wp-json\/wp\/v2\/product_brand?post=5471"},{"taxonomy":"product_cat","embeddable":true,"href":"https:\/\/asymmetricbydesign.com\/fr\/wp-json\/wp\/v2\/product_cat?post=5471"},{"taxonomy":"product_tag","embeddable":true,"href":"https:\/\/asymmetricbydesign.com\/fr\/wp-json\/wp\/v2\/product_tag?post=5471"}],"curies":[{"name":"wp","href":"https:\/\/api.w.org\/{rel}","templated":true}]}}