{"id":5472,"date":"2023-11-14T01:51:12","date_gmt":"2023-11-14T01:51:12","guid":{"rendered":"https:\/\/asymmetricbydesign.com\/product\/flamme-dautomne\/"},"modified":"2024-07-25T03:44:12","modified_gmt":"2024-07-25T03:44:12","slug":"flamme-dautomne","status":"publish","type":"product","link":"https:\/\/asymmetricbydesign.com\/fr\/produit\/flamme-dautomne\/","title":{"rendered":"Flamme d&rsquo;automne"},"content":{"rendered":"","protected":false},"excerpt":{"rendered":"<p>$350.00 CAD <b>Fait partie de la collection Timeless Elegance :<i> \u00ab\u00a0H\u00e9ritages du patrimoine : Crafting Stories of Timeless Beauty\u00a0\u00bb<\/i><\/b> Un pendentif vintage exquis de Turquie, l&rsquo;un des plus beaux et des plus d\u00e9licats que j&rsquo;aie vus et magnifiquement grav\u00e9, est couronn\u00e9 par deux rangs de magnifiques cornalines \u00e0 facettes avec des perles d&rsquo;eau douce et des inserts en m\u00e9tal vintage m\u00e9lang\u00e9s. Avec ses teintes chaudes et captivantes, la cornaline est plus qu&rsquo;une belle pierre pr\u00e9cieuse, c&rsquo;est un vaisseau d&rsquo;\u00e9nergie positive et d&rsquo;autonomisation. Cette pierre est cens\u00e9e insuffler motivation, courage et cr\u00e9ativit\u00e9 \u00e0 celui qui la porte. En tant que pierre d&rsquo;ancrage, la cornaline est cens\u00e9e renforcer la vitalit\u00e9 et stimuler le sens de l&rsquo;objectif. Avec sa riche histoire en tant que symbole de protection et de passion, porter un collier de cornaline vintage n&rsquo;est pas seulement un ornement mais une connexion aux \u00e9nergies ardentes qui stimulent la vie et l&rsquo;ambition. Embrassez l&rsquo;\u00e9nergie rayonnante de la cornaline et laissez sa pr\u00e9sence vibrante enflammer votre esprit.  <\/p>\n<div class=\"x_elementToProof\"><b>L&rsquo;histoire de cette collection : <\/b>Plongez dans les histoires enchanteresses du pass\u00e9 avec notre collection Timeless Elegance. Ces colliers ne sont pas seulement des accessoires, ils sont une invitation \u00e0 ch\u00e9rir l&rsquo;histoire et \u00e0 porter sa gr\u00e2ce dans l&rsquo;avenir. Con\u00e7ue avec une touche moderne et asym\u00e9trique, chaque pi\u00e8ce est une \u0153uvre d&rsquo;art intemporelle qui raconte avec \u00e9l\u00e9gance des histoires d&rsquo;h\u00e9ritage. Votre collier, comme vous, est un chef-d&rsquo;\u0153uvre unique avec son propre nom et sa propre histoire, contribuant \u00e0 un ensemble d&rsquo;objets patrimoniaux qui transcendent le temps. En portant ces pi\u00e8ces, vous devenez l&rsquo;incarnation vivante des riches r\u00e9cits qui ont fa\u00e7onn\u00e9 notre histoire.<\/div>\n<div class=\"x_elementToProof\"><\/div>\n<div class=\"x_elementToProof\">Notre activit\u00e9 repose sur une profonde appr\u00e9ciation de l&rsquo;artisanat, de l&rsquo;histoire et de l&rsquo;authenticit\u00e9. Nous utilisons consciemment des mat\u00e9riaux recycl\u00e9s et vintage, non seulement pour leur attrait artistique, mais aussi pour leur empreinte \u00e9cologique. Cet engagement s&rsquo;\u00e9tend \u00e0 notre soutien aux artisans du monde entier, qui pr\u00e9servent les traditions et l&rsquo;artisanat tout en ayant un impact positif sur les moyens de subsistance de leurs familles. Nos fondements reposent sur une passion pour l&rsquo;artisanat, un grand respect de l&rsquo;histoire et un attachement \u00e0 l&rsquo;authenticit\u00e9. Nous s\u00e9lectionnons avec soin une collection d&rsquo;objets m\u00e9ticuleusement fabriqu\u00e9s \u00e0 la main et de pi\u00e8ces vintage rares provenant du monde entier. Notre processus d&rsquo;approvisionnement privil\u00e9gie les mat\u00e9riaux durables et \u00e9thiques, garantissant ainsi que nos produits incarnent l&rsquo;h\u00e9ritage culturel et la durabilit\u00e9.<\/div>\n<p>  Note : Nous pouvons ajuster le poids et la longueur et faire des boucles d&rsquo;oreilles assorties pour 25$.  &nbsp;<\/p>\n","protected":false},"featured_media":5141,"template":"","meta":{"_acf_changed":false,"site-sidebar-layout":"default","site-content-layout":"default","ast-site-content-layout":"default","site-content-style":"default","site-sidebar-style":"default","ast-global-header-display":"","ast-banner-title-visibility":"","ast-main-header-display":"disabled","ast-hfb-above-header-display":"","ast-hfb-below-header-display":"","ast-hfb-mobile-header-display":"","site-post-title":"","ast-breadcrumbs-content":"","ast-featured-img":"","footer-sml-layout":"","ast-disable-related-posts":"","theme-transparent-header-meta":"default","adv-header-id-meta":"","stick-header-meta":"default","header-above-stick-meta":"","header-main-stick-meta":"","header-below-stick-meta":"","astra-migrate-meta-layouts":"default","ast-page-background-enabled":"default","ast-page-background-meta":{"desktop":{"background-color":"var(--ast-global-color-4)","background-image":"","background-repeat":"repeat","background-position":"center center","background-size":"auto","background-attachment":"scroll","background-type":"","background-media":"","overlay-type":"","overlay-color":"","overlay-opacity":"","overlay-gradient":""},"tablet":{"background-color":"","background-image":"","background-repeat":"repeat","background-position":"center center","background-size":"auto","background-attachment":"scroll","background-type":"","background-media":"","overlay-type":"","overlay-color":"","overlay-opacity":"","overlay-gradient":""},"mobile":{"background-color":"","background-image":"","background-repeat":"repeat","background-position":"center center","background-size":"auto","background-attachment":"scroll","background-type":"","background-media":"","overlay-type":"","overlay-color":"","overlay-opacity":"","overlay-gradient":""}},"ast-content-background-meta":{"desktop":{"background-color":"var(--ast-global-color-5)","background-image":"","background-repeat":"repeat","background-position":"center center","background-size":"auto","background-attachment":"scroll","background-type":"","background-media":"","overlay-type":"","overlay-color":"","overlay-opacity":"","overlay-gradient":""},"tablet":{"background-color":"var(--ast-global-color-5)","background-image":"","background-repeat":"repeat","background-position":"center center","background-size":"auto","background-attachment":"scroll","background-type":"","background-media":"","overlay-type":"","overlay-color":"","overlay-opacity":"","overlay-gradient":""},"mobile":{"background-color":"var(--ast-global-color-5)","background-image":"","background-repeat":"repeat","background-position":"center center","background-size":"auto","background-attachment":"scroll","background-type":"","background-media":"","overlay-type":"","overlay-color":"","overlay-opacity":"","overlay-gradient":""}}},"product_brand":[],"product_cat":[82,71,73,94,89],"product_tag":[],"class_list":{"0":"post-5472","1":"product","2":"type-product","3":"status-publish","4":"has-post-thumbnail","6":"product_cat-colliers","7":"product_cat-durable","8":"product_cat-elegance-intemporelle-pearl","9":"product_cat-fabrique-au-quebec","10":"product_cat-vintage-antique-fr","11":"desktop-align-center","12":"tablet-align-left","13":"mobile-align-left","14":"ast-product-gallery-layout-vertical-slider","15":"ast-product-tabs-layout-accordion","16":"ast-qv-on-image","18":"first","19":"outofstock","20":"shipping-taxable","21":"purchasable","22":"product-type-simple"},"acf":[],"_links":{"self":[{"href":"https:\/\/asymmetricbydesign.com\/fr\/wp-json\/wp\/v2\/product\/5472","targetHints":{"allow":["GET"]}}],"collection":[{"href":"https:\/\/asymmetricbydesign.com\/fr\/wp-json\/wp\/v2\/product"}],"about":[{"href":"https:\/\/asymmetricbydesign.com\/fr\/wp-json\/wp\/v2\/types\/product"}],"version-history":[{"count":0,"href":"https:\/\/asymmetricbydesign.com\/fr\/wp-json\/wp\/v2\/product\/5472\/revisions"}],"wp:featuredmedia":[{"embeddable":true,"href":"https:\/\/asymmetricbydesign.com\/fr\/wp-json\/wp\/v2\/media\/5141"}],"wp:attachment":[{"href":"https:\/\/asymmetricbydesign.com\/fr\/wp-json\/wp\/v2\/media?parent=5472"}],"wp:term":[{"taxonomy":"product_brand","embeddable":true,"href":"https:\/\/asymmetricbydesign.com\/fr\/wp-json\/wp\/v2\/product_brand?post=5472"},{"taxonomy":"product_cat","embeddable":true,"href":"https:\/\/asymmetricbydesign.com\/fr\/wp-json\/wp\/v2\/product_cat?post=5472"},{"taxonomy":"product_tag","embeddable":true,"href":"https:\/\/asymmetricbydesign.com\/fr\/wp-json\/wp\/v2\/product_tag?post=5472"}],"curies":[{"name":"wp","href":"https:\/\/api.w.org\/{rel}","templated":true}]}}