{"id":5478,"date":"2023-11-24T11:51:58","date_gmt":"2023-11-24T11:51:58","guid":{"rendered":"https:\/\/asymmetricbydesign.com\/product\/defenseurs-de-legalite-des-sexes\/"},"modified":"2024-07-25T03:41:06","modified_gmt":"2024-07-25T03:41:06","slug":"defenseurs-de-legalite-des-sexes","status":"publish","type":"product","link":"https:\/\/asymmetricbydesign.com\/fr\/produit\/defenseurs-de-legalite-des-sexes\/","title":{"rendered":"D\u00e9fenseurs de l&rsquo;\u00e9galit\u00e9 des sexes"},"content":{"rendered":"","protected":false},"excerpt":{"rendered":"<div><b>125 $ CAD Fait partie de la collection Women&rsquo;s Right BENEFIT : <i>\u00ab\u00a0Rayonnement de l&rsquo;\u00e9galit\u00e9 : Une tapisserie de r\u00e9silience\u00a0\u00bb<\/i><\/b><\/div>\n<div>Le collier est compos\u00e9 \u00e0 100% de perles vintage ; HUGE Multiple side bright made man pearls et perles de r\u00e9sine en forme de \u00ab\u00a0nut\u00a0\u00bb. Il s&rsquo;agit d&rsquo;un collier tr\u00e8s amusant et tr\u00e8s voyant. Nous utilisons le bleu pour symboliser et remercier tous les hommes qui nous soutiennent. Le blanc symbolise la paix et l&rsquo;harmonie &#8211; avec plus de femmes dans les instances dirigeantes, nous esp\u00e9rons que cela se produira.<\/div>\n<div><\/div>\n<div><b>L&rsquo;histoire de cette collection :<\/b> Dans un contexte de remise en cause des droits des femmes \u00e0 l&rsquo;\u00e9chelle mondiale, cette collection pr\u00e9sente des histoires de courage et de force. Les perles roses vibrantes c\u00e9l\u00e8brent l&rsquo;\u00e9mancipation, tandis que les perles noires en forme de larmes expriment le chagrin pour les libert\u00e9s perdues. Le d\u00e9sir d&rsquo;\u00e9galit\u00e9 des sexes est symbolis\u00e9 par un m\u00e9lange de rose et de bleu, ou par la fusion en violet. Chaque collier devient le r\u00e9cit d&rsquo;un engagement in\u00e9branlable, un hommage radieux aux femmes qui ont d\u00e9fendu et continuent de d\u00e9fendre leurs droits avec audace.<\/div>\n<div><\/div>\n<div><b>20 % des recettes de cette collection de bienfaits pour les femmes seront revers\u00e9es \u00e0 WomenforWomen.org, une ONG qui  <\/b><b>permet aux femmes ayant surv\u00e9cu \u00e0 la guerre et aux conflits d&rsquo;acqu\u00e9rir les comp\u00e9tences n\u00e9cessaires pour subvenir aux besoins de leur famille et cr\u00e9er un changement durable. En ajoutant un but \u00e0 l&rsquo;art, nous esp\u00e9rons que chaque achat apportera un changement positif l\u00e0 o\u00f9 c&rsquo;est n\u00e9cessaire.<\/b><\/div>\n<p>&nbsp;<\/p>\n<p>&nbsp;<\/p>\n","protected":false},"featured_media":5213,"template":"","meta":{"_acf_changed":false,"site-sidebar-layout":"default","site-content-layout":"default","ast-site-content-layout":"default","site-content-style":"default","site-sidebar-style":"default","ast-global-header-display":"","ast-banner-title-visibility":"","ast-main-header-display":"","ast-hfb-above-header-display":"","ast-hfb-below-header-display":"","ast-hfb-mobile-header-display":"","site-post-title":"","ast-breadcrumbs-content":"","ast-featured-img":"","footer-sml-layout":"","ast-disable-related-posts":"","theme-transparent-header-meta":"default","adv-header-id-meta":"","stick-header-meta":"default","header-above-stick-meta":"","header-main-stick-meta":"","header-below-stick-meta":"","astra-migrate-meta-layouts":"default","ast-page-background-enabled":"default","ast-page-background-meta":{"desktop":{"background-color":"var(--ast-global-color-4)","background-image":"","background-repeat":"repeat","background-position":"center center","background-size":"auto","background-attachment":"scroll","background-type":"","background-media":"","overlay-type":"","overlay-color":"","overlay-opacity":"","overlay-gradient":""},"tablet":{"background-color":"","background-image":"","background-repeat":"repeat","background-position":"center center","background-size":"auto","background-attachment":"scroll","background-type":"","background-media":"","overlay-type":"","overlay-color":"","overlay-opacity":"","overlay-gradient":""},"mobile":{"background-color":"","background-image":"","background-repeat":"repeat","background-position":"center center","background-size":"auto","background-attachment":"scroll","background-type":"","background-media":"","overlay-type":"","overlay-color":"","overlay-opacity":"","overlay-gradient":""}},"ast-content-background-meta":{"desktop":{"background-color":"var(--ast-global-color-5)","background-image":"","background-repeat":"repeat","background-position":"center center","background-size":"auto","background-attachment":"scroll","background-type":"","background-media":"","overlay-type":"","overlay-color":"","overlay-opacity":"","overlay-gradient":""},"tablet":{"background-color":"var(--ast-global-color-5)","background-image":"","background-repeat":"repeat","background-position":"center center","background-size":"auto","background-attachment":"scroll","background-type":"","background-media":"","overlay-type":"","overlay-color":"","overlay-opacity":"","overlay-gradient":""},"mobile":{"background-color":"var(--ast-global-color-5)","background-image":"","background-repeat":"repeat","background-position":"center center","background-size":"auto","background-attachment":"scroll","background-type":"","background-media":"","overlay-type":"","overlay-color":"","overlay-opacity":"","overlay-gradient":""}}},"product_brand":[],"product_cat":[71,94,74],"product_tag":[],"class_list":{"0":"post-5478","1":"product","2":"type-product","3":"status-publish","4":"has-post-thumbnail","6":"product_cat-durable","7":"product_cat-fabrique-au-quebec","8":"product_cat-fracassons-les-plafonds-de-verre","9":"desktop-align-center","10":"tablet-align-left","11":"mobile-align-left","12":"ast-product-gallery-layout-vertical-slider","13":"ast-product-tabs-layout-accordion","14":"ast-qv-on-image","16":"first","17":"outofstock","18":"shipping-taxable","19":"purchasable","20":"product-type-simple"},"acf":[],"_links":{"self":[{"href":"https:\/\/asymmetricbydesign.com\/fr\/wp-json\/wp\/v2\/product\/5478","targetHints":{"allow":["GET"]}}],"collection":[{"href":"https:\/\/asymmetricbydesign.com\/fr\/wp-json\/wp\/v2\/product"}],"about":[{"href":"https:\/\/asymmetricbydesign.com\/fr\/wp-json\/wp\/v2\/types\/product"}],"version-history":[{"count":0,"href":"https:\/\/asymmetricbydesign.com\/fr\/wp-json\/wp\/v2\/product\/5478\/revisions"}],"wp:featuredmedia":[{"embeddable":true,"href":"https:\/\/asymmetricbydesign.com\/fr\/wp-json\/wp\/v2\/media\/5213"}],"wp:attachment":[{"href":"https:\/\/asymmetricbydesign.com\/fr\/wp-json\/wp\/v2\/media?parent=5478"}],"wp:term":[{"taxonomy":"product_brand","embeddable":true,"href":"https:\/\/asymmetricbydesign.com\/fr\/wp-json\/wp\/v2\/product_brand?post=5478"},{"taxonomy":"product_cat","embeddable":true,"href":"https:\/\/asymmetricbydesign.com\/fr\/wp-json\/wp\/v2\/product_cat?post=5478"},{"taxonomy":"product_tag","embeddable":true,"href":"https:\/\/asymmetricbydesign.com\/fr\/wp-json\/wp\/v2\/product_tag?post=5478"}],"curies":[{"name":"wp","href":"https:\/\/api.w.org\/{rel}","templated":true}]}}