{"id":5488,"date":"2023-11-20T22:24:57","date_gmt":"2023-11-20T22:24:57","guid":{"rendered":"https:\/\/asymmetricbydesign.com\/product\/audacieuse-et-belle-2\/"},"modified":"2024-07-25T03:41:06","modified_gmt":"2024-07-25T03:41:06","slug":"audacieuse-et-belle-2","status":"publish","type":"product","link":"https:\/\/asymmetricbydesign.com\/fr\/produit\/audacieuse-et-belle-2\/","title":{"rendered":"Audacieuse et belle -2"},"content":{"rendered":"","protected":false},"excerpt":{"rendered":"<p>350<strong> CAD<img decoding=\"async\" class=\"alignnone wp-image-1470\" src=\"https:\/\/asymmetricbydesign.com\/wp-content\/uploads\/2021\/05\/hoja.png\" alt=\"\" width=\"20\" height=\"15\"><\/strong><b>Fait partie de la <\/b><b>collection Earth :<\/b>\u00ab\u00a0<b> <i>Blossoms of Sustainability to Heal our Planet \u00ab\u00a0<\/i><\/b>Le collier est compos\u00e9 de 2 ULTRA RARE grandes multi-turquoises en forme d&rsquo;\u0153uf (chaque c\u00f4t\u00e9 est d&rsquo;une couleur tr\u00e8s diff\u00e9rente), d&rsquo;une grande et d&rsquo;une moyenne perle berb\u00e8re vintage complexe, de superbes perles bic\u00f4nes \u00e9cras\u00e9es en m\u00e9tal argent\u00e9 du Mali et de superbes Tiger Eyes. Le collier peut \u00eatre port\u00e9 en turquoise ou en marron, selon le c\u00f4t\u00e9 o\u00f9 se trouvent les pierres. La pierre la plus grande pr\u00e9sente une l\u00e9g\u00e8re imperfection. Je ne trouve plus cette taille. Ils ont \u00e9t\u00e9 achet\u00e9s il y a environ 20 ans. <b>L&rsquo;histoire de cette collection :<\/b> Cette collection est plus qu&rsquo;un bijou, c&rsquo;est un engagement envers la plan\u00e8te, une invitation \u00e0 contribuer au bien-\u00eatre de la plan\u00e8te et de sa biodiversit\u00e9. Fabriqu\u00e9 essentiellement \u00e0 partir de composants vintage, antiques et recycl\u00e9s, chaque collier est un engagement \u00e0 gu\u00e9rir la Terre et \u00e0 prot\u00e9ger sa biodiversit\u00e9. En vous parant de ces pi\u00e8ces, vous nous rejoignez dans un voyage significatif vers un monde plus durable et plus beau. Chaque perle raconte une histoire de renouveau, faisant \u00e9cho \u00e0 l&rsquo;importance d&rsquo;adopter des choix \u00e9cologiques pour une Terre harmonieuse et florissante.<\/p>\n","protected":false},"featured_media":5226,"template":"","meta":{"_acf_changed":false,"site-sidebar-layout":"default","site-content-layout":"default","ast-site-content-layout":"default","site-content-style":"default","site-sidebar-style":"default","ast-global-header-display":"","ast-banner-title-visibility":"","ast-main-header-display":"","ast-hfb-above-header-display":"","ast-hfb-below-header-display":"","ast-hfb-mobile-header-display":"","site-post-title":"","ast-breadcrumbs-content":"","ast-featured-img":"","footer-sml-layout":"","ast-disable-related-posts":"","theme-transparent-header-meta":"default","adv-header-id-meta":"","stick-header-meta":"default","header-above-stick-meta":"","header-main-stick-meta":"","header-below-stick-meta":"","astra-migrate-meta-layouts":"default","ast-page-background-enabled":"default","ast-page-background-meta":{"desktop":{"background-color":"var(--ast-global-color-4)","background-image":"","background-repeat":"repeat","background-position":"center center","background-size":"auto","background-attachment":"scroll","background-type":"","background-media":"","overlay-type":"","overlay-color":"","overlay-opacity":"","overlay-gradient":""},"tablet":{"background-color":"","background-image":"","background-repeat":"repeat","background-position":"center center","background-size":"auto","background-attachment":"scroll","background-type":"","background-media":"","overlay-type":"","overlay-color":"","overlay-opacity":"","overlay-gradient":""},"mobile":{"background-color":"","background-image":"","background-repeat":"repeat","background-position":"center center","background-size":"auto","background-attachment":"scroll","background-type":"","background-media":"","overlay-type":"","overlay-color":"","overlay-opacity":"","overlay-gradient":""}},"ast-content-background-meta":{"desktop":{"background-color":"var(--ast-global-color-5)","background-image":"","background-repeat":"repeat","background-position":"center center","background-size":"auto","background-attachment":"scroll","background-type":"","background-media":"","overlay-type":"","overlay-color":"","overlay-opacity":"","overlay-gradient":""},"tablet":{"background-color":"var(--ast-global-color-5)","background-image":"","background-repeat":"repeat","background-position":"center center","background-size":"auto","background-attachment":"scroll","background-type":"","background-media":"","overlay-type":"","overlay-color":"","overlay-opacity":"","overlay-gradient":""},"mobile":{"background-color":"var(--ast-global-color-5)","background-image":"","background-repeat":"repeat","background-position":"center center","background-size":"auto","background-attachment":"scroll","background-type":"","background-media":"","overlay-type":"","overlay-color":"","overlay-opacity":"","overlay-gradient":""}}},"product_brand":[],"product_cat":[90,71,94,89],"product_tag":[],"class_list":{"0":"post-5488","1":"product","2":"type-product","3":"status-publish","4":"has-post-thumbnail","6":"product_cat-audace-et-puissance","7":"product_cat-durable","8":"product_cat-fabrique-au-quebec","9":"product_cat-vintage-antique-fr","10":"desktop-align-center","11":"tablet-align-left","12":"mobile-align-left","13":"ast-product-gallery-layout-vertical-slider","14":"ast-product-tabs-layout-accordion","15":"ast-qv-on-image","17":"first","18":"instock","19":"shipping-taxable","20":"purchasable","21":"product-type-simple"},"acf":[],"_links":{"self":[{"href":"https:\/\/asymmetricbydesign.com\/fr\/wp-json\/wp\/v2\/product\/5488","targetHints":{"allow":["GET"]}}],"collection":[{"href":"https:\/\/asymmetricbydesign.com\/fr\/wp-json\/wp\/v2\/product"}],"about":[{"href":"https:\/\/asymmetricbydesign.com\/fr\/wp-json\/wp\/v2\/types\/product"}],"version-history":[{"count":0,"href":"https:\/\/asymmetricbydesign.com\/fr\/wp-json\/wp\/v2\/product\/5488\/revisions"}],"wp:featuredmedia":[{"embeddable":true,"href":"https:\/\/asymmetricbydesign.com\/fr\/wp-json\/wp\/v2\/media\/5226"}],"wp:attachment":[{"href":"https:\/\/asymmetricbydesign.com\/fr\/wp-json\/wp\/v2\/media?parent=5488"}],"wp:term":[{"taxonomy":"product_brand","embeddable":true,"href":"https:\/\/asymmetricbydesign.com\/fr\/wp-json\/wp\/v2\/product_brand?post=5488"},{"taxonomy":"product_cat","embeddable":true,"href":"https:\/\/asymmetricbydesign.com\/fr\/wp-json\/wp\/v2\/product_cat?post=5488"},{"taxonomy":"product_tag","embeddable":true,"href":"https:\/\/asymmetricbydesign.com\/fr\/wp-json\/wp\/v2\/product_tag?post=5488"}],"curies":[{"name":"wp","href":"https:\/\/api.w.org\/{rel}","templated":true}]}}