{"id":5495,"date":"2023-09-24T16:20:31","date_gmt":"2023-09-24T16:20:31","guid":{"rendered":"https:\/\/asymmetricbydesign.com\/product\/masai-mara\/"},"modified":"2023-09-24T16:20:31","modified_gmt":"2023-09-24T16:20:31","slug":"masai-mara","status":"publish","type":"product","link":"https:\/\/asymmetricbydesign.com\/fr\/produit\/masai-mara\/","title":{"rendered":"Masai Mara"},"content":{"rendered":"","protected":false},"excerpt":{"rendered":"<p><strong>CAD<img decoding=\"async\" class=\"alignnone wp-image-1470\" src=\"https:\/\/asymmetricbydesign.com\/wp-content\/uploads\/2021\/05\/hoja.png\" alt=\"\" width=\"25\" height=\"20\"><\/strong><\/p>\n<p>Tout le laiton de cette pi\u00e8ce a \u00e9t\u00e9 fabriqu\u00e9 en utilisant la m\u00e9thode de la fonte \u00e0 la cire perdue, c&rsquo;est-\u00e0-dire que chaque pi\u00e8ce a \u00e9t\u00e9 sculpt\u00e9e dans une abeille avant que le m\u00e9tal recycl\u00e9 ne soit fondu et coul\u00e9 dans le moule. J&rsquo;ai m\u00e9lang\u00e9 des perles rouges chaudes (verre recycl\u00e9 et vintage) et de la r\u00e9sine blanche vintage avec cet adorable pendentif b\u00e9b\u00e9 \u00e9l\u00e9phant ou \u00ab\u00a0veau\u00a0\u00bb car les meilleurs moments pour voir les animaux sont au lever ou au coucher du soleil.<\/p>\n<p>Il n&rsquo;y a rien de plus magique qu&rsquo;un safari en Afrique. Chaque safari est rempli d&rsquo;anticipation et d&rsquo;excitation, et toujours diff\u00e9rent. Bien que beaucoup souhaitent voir les Big 5 ou une chasse, j&rsquo;aime rencontrer les majestueux troupeaux d&rsquo;\u00e9l\u00e9phants et observer leurs interactions les uns avec les autres, car il y a toujours une structure sociale tr\u00e8s d\u00e9finie. Elles sont dirig\u00e9es par une matriarche, g\u00e9n\u00e9ralement la femme la plus \u00e2g\u00e9e, et sont compos\u00e9es de filles, de s\u0153urs et de leur prog\u00e9niture. Les <b>\u00e9l\u00e9phants<\/b> m\u00e2les restent avec le <b>troupeau<\/b> jusqu&rsquo;\u00e0 l&rsquo;adolescence, puis s&rsquo;\u00e9loignent \u00e0 mesure qu&rsquo;ils grandissent.<\/p>\n<p>Longueur du collier : 21&Prime;.<br \/>\nCat\u00e9gorie : Durable\/Vintage\/Antique<\/p>\n","protected":false},"featured_media":4438,"template":"","meta":{"_acf_changed":false,"site-sidebar-layout":"default","site-content-layout":"default","ast-site-content-layout":"default","site-content-style":"default","site-sidebar-style":"default","ast-global-header-display":"","ast-banner-title-visibility":"","ast-main-header-display":"","ast-hfb-above-header-display":"","ast-hfb-below-header-display":"","ast-hfb-mobile-header-display":"","site-post-title":"","ast-breadcrumbs-content":"","ast-featured-img":"","footer-sml-layout":"","ast-disable-related-posts":"","theme-transparent-header-meta":"default","adv-header-id-meta":"","stick-header-meta":"","header-above-stick-meta":"","header-main-stick-meta":"","header-below-stick-meta":"","astra-migrate-meta-layouts":"default","ast-page-background-enabled":"default","ast-page-background-meta":{"desktop":{"background-color":"var(--ast-global-color-4)","background-image":"","background-repeat":"repeat","background-position":"center center","background-size":"auto","background-attachment":"scroll","background-type":"","background-media":"","overlay-type":"","overlay-color":"","overlay-opacity":"","overlay-gradient":""},"tablet":{"background-color":"","background-image":"","background-repeat":"repeat","background-position":"center center","background-size":"auto","background-attachment":"scroll","background-type":"","background-media":"","overlay-type":"","overlay-color":"","overlay-opacity":"","overlay-gradient":""},"mobile":{"background-color":"","background-image":"","background-repeat":"repeat","background-position":"center center","background-size":"auto","background-attachment":"scroll","background-type":"","background-media":"","overlay-type":"","overlay-color":"","overlay-opacity":"","overlay-gradient":""}},"ast-content-background-meta":{"desktop":{"background-color":"var(--ast-global-color-5)","background-image":"","background-repeat":"repeat","background-position":"center center","background-size":"auto","background-attachment":"scroll","background-type":"","background-media":"","overlay-type":"","overlay-color":"","overlay-opacity":"","overlay-gradient":""},"tablet":{"background-color":"var(--ast-global-color-5)","background-image":"","background-repeat":"repeat","background-position":"center center","background-size":"auto","background-attachment":"scroll","background-type":"","background-media":"","overlay-type":"","overlay-color":"","overlay-opacity":"","overlay-gradient":""},"mobile":{"background-color":"var(--ast-global-color-5)","background-image":"","background-repeat":"repeat","background-position":"center center","background-size":"auto","background-attachment":"scroll","background-type":"","background-media":"","overlay-type":"","overlay-color":"","overlay-opacity":"","overlay-gradient":""}}},"product_brand":[],"product_cat":[71,69],"product_tag":[],"class_list":{"0":"post-5495","1":"product","2":"type-product","3":"status-publish","4":"has-post-thumbnail","6":"product_cat-durable","7":"product_cat-non-classifiee","8":"desktop-align-center","9":"tablet-align-left","10":"mobile-align-left","11":"ast-product-gallery-layout-vertical-slider","12":"ast-product-tabs-layout-accordion","13":"ast-qv-on-image","15":"first","16":"outofstock","17":"shipping-taxable","18":"purchasable","19":"product-type-simple"},"acf":[],"_links":{"self":[{"href":"https:\/\/asymmetricbydesign.com\/fr\/wp-json\/wp\/v2\/product\/5495","targetHints":{"allow":["GET"]}}],"collection":[{"href":"https:\/\/asymmetricbydesign.com\/fr\/wp-json\/wp\/v2\/product"}],"about":[{"href":"https:\/\/asymmetricbydesign.com\/fr\/wp-json\/wp\/v2\/types\/product"}],"version-history":[{"count":0,"href":"https:\/\/asymmetricbydesign.com\/fr\/wp-json\/wp\/v2\/product\/5495\/revisions"}],"wp:featuredmedia":[{"embeddable":true,"href":"https:\/\/asymmetricbydesign.com\/fr\/wp-json\/wp\/v2\/media\/4438"}],"wp:attachment":[{"href":"https:\/\/asymmetricbydesign.com\/fr\/wp-json\/wp\/v2\/media?parent=5495"}],"wp:term":[{"taxonomy":"product_brand","embeddable":true,"href":"https:\/\/asymmetricbydesign.com\/fr\/wp-json\/wp\/v2\/product_brand?post=5495"},{"taxonomy":"product_cat","embeddable":true,"href":"https:\/\/asymmetricbydesign.com\/fr\/wp-json\/wp\/v2\/product_cat?post=5495"},{"taxonomy":"product_tag","embeddable":true,"href":"https:\/\/asymmetricbydesign.com\/fr\/wp-json\/wp\/v2\/product_tag?post=5495"}],"curies":[{"name":"wp","href":"https:\/\/api.w.org\/{rel}","templated":true}]}}