{"id":5497,"date":"2023-05-02T16:21:21","date_gmt":"2023-05-02T16:21:21","guid":{"rendered":"https:\/\/asymmetricbydesign.com\/product\/atoll-de-corail\/"},"modified":"2024-07-25T03:44:51","modified_gmt":"2024-07-25T03:44:51","slug":"atoll-de-corail","status":"publish","type":"product","link":"https:\/\/asymmetricbydesign.com\/fr\/produit\/atoll-de-corail\/","title":{"rendered":"Atoll de Corail"},"content":{"rendered":"","protected":false},"excerpt":{"rendered":"<p><strong>CAD<img decoding=\"async\" class=\"alignnone wp-image-1470\" src=\"https:\/\/asymmetricbydesign.com\/wp-content\/uploads\/2021\/05\/hoja.png\" alt=\"\" width=\"20\" height=\"15\"><\/strong> Fait partie de la collection F\u00e9vrier 2022, Saint-Valentin &#8211; corail rouge vif vintage associ\u00e9 \u00e0 de la roche de lave noire. J&rsquo;aime m\u00e9langer ces deux \u00e9l\u00e9ments naturels avec des couleurs \u00e9tonnamment diff\u00e9rentes, tous deux sont connus pour refl\u00e9ter la <strong>confiance, la concentration mentale et l&rsquo;\u00e9nergie ! <\/strong>C&rsquo;est exactement ce que nous voulons projeter. Le corail rouge est une pierre pr\u00e9cieuse qui optimise la vitalit\u00e9, le bien-\u00eatre et la concentration mentale. Il repr\u00e9sente le succ\u00e8s et la prosp\u00e9rit\u00e9 et signifie \u00e9galement la circulation, tant \u00e0 l&rsquo;int\u00e9rieur du corps qu&rsquo;\u00e0 l&rsquo;ext\u00e9rieur. La signification du corail rouge est l&rsquo;<b>utilisation correcte du pouvoir, de l&rsquo;\u00e9nergie inexploit\u00e9e et de l&rsquo;ambition qui cr\u00e9e le leadership, le courage et la confiance<\/b>. La pierre de lave est cens\u00e9e favoriser la tranquillit\u00e9 <strong>\u00e9motionnelle<\/strong><strong style=\"font-size: 16px; font-style: normal;\">et apporter le calme et des sentiments de relaxation<\/strong><span style=\"font-size: 16px;\">. t<\/span> Longueur : 16 pouces Poids 64 grammes Remarque : Nous pouvons ajuster le poids et la longueur.<\/p>\n","protected":false},"featured_media":4592,"template":"","meta":{"_acf_changed":false,"site-sidebar-layout":"default","site-content-layout":"default","ast-site-content-layout":"default","site-content-style":"default","site-sidebar-style":"default","ast-global-header-display":"","ast-banner-title-visibility":"","ast-main-header-display":"","ast-hfb-above-header-display":"","ast-hfb-below-header-display":"","ast-hfb-mobile-header-display":"","site-post-title":"","ast-breadcrumbs-content":"","ast-featured-img":"","footer-sml-layout":"","ast-disable-related-posts":"","theme-transparent-header-meta":"default","adv-header-id-meta":"","stick-header-meta":"","header-above-stick-meta":"","header-main-stick-meta":"","header-below-stick-meta":"","astra-migrate-meta-layouts":"default","ast-page-background-enabled":"default","ast-page-background-meta":{"desktop":{"background-color":"var(--ast-global-color-4)","background-image":"","background-repeat":"repeat","background-position":"center center","background-size":"auto","background-attachment":"scroll","background-type":"","background-media":"","overlay-type":"","overlay-color":"","overlay-opacity":"","overlay-gradient":""},"tablet":{"background-color":"","background-image":"","background-repeat":"repeat","background-position":"center center","background-size":"auto","background-attachment":"scroll","background-type":"","background-media":"","overlay-type":"","overlay-color":"","overlay-opacity":"","overlay-gradient":""},"mobile":{"background-color":"","background-image":"","background-repeat":"repeat","background-position":"center center","background-size":"auto","background-attachment":"scroll","background-type":"","background-media":"","overlay-type":"","overlay-color":"","overlay-opacity":"","overlay-gradient":""}},"ast-content-background-meta":{"desktop":{"background-color":"var(--ast-global-color-5)","background-image":"","background-repeat":"repeat","background-position":"center center","background-size":"auto","background-attachment":"scroll","background-type":"","background-media":"","overlay-type":"","overlay-color":"","overlay-opacity":"","overlay-gradient":""},"tablet":{"background-color":"var(--ast-global-color-5)","background-image":"","background-repeat":"repeat","background-position":"center center","background-size":"auto","background-attachment":"scroll","background-type":"","background-media":"","overlay-type":"","overlay-color":"","overlay-opacity":"","overlay-gradient":""},"mobile":{"background-color":"var(--ast-global-color-5)","background-image":"","background-repeat":"repeat","background-position":"center center","background-size":"auto","background-attachment":"scroll","background-type":"","background-media":"","overlay-type":"","overlay-color":"","overlay-opacity":"","overlay-gradient":""}}},"product_brand":[],"product_cat":[94,89],"product_tag":[],"class_list":{"0":"post-5497","1":"product","2":"type-product","3":"status-publish","4":"has-post-thumbnail","6":"product_cat-fabrique-au-quebec","7":"product_cat-vintage-antique-fr","8":"desktop-align-center","9":"tablet-align-left","10":"mobile-align-left","11":"ast-product-gallery-layout-vertical-slider","12":"ast-product-tabs-layout-accordion","13":"ast-qv-on-image","15":"first","16":"instock","17":"shipping-taxable","18":"purchasable","19":"product-type-simple"},"acf":[],"_links":{"self":[{"href":"https:\/\/asymmetricbydesign.com\/fr\/wp-json\/wp\/v2\/product\/5497","targetHints":{"allow":["GET"]}}],"collection":[{"href":"https:\/\/asymmetricbydesign.com\/fr\/wp-json\/wp\/v2\/product"}],"about":[{"href":"https:\/\/asymmetricbydesign.com\/fr\/wp-json\/wp\/v2\/types\/product"}],"version-history":[{"count":0,"href":"https:\/\/asymmetricbydesign.com\/fr\/wp-json\/wp\/v2\/product\/5497\/revisions"}],"wp:featuredmedia":[{"embeddable":true,"href":"https:\/\/asymmetricbydesign.com\/fr\/wp-json\/wp\/v2\/media\/4592"}],"wp:attachment":[{"href":"https:\/\/asymmetricbydesign.com\/fr\/wp-json\/wp\/v2\/media?parent=5497"}],"wp:term":[{"taxonomy":"product_brand","embeddable":true,"href":"https:\/\/asymmetricbydesign.com\/fr\/wp-json\/wp\/v2\/product_brand?post=5497"},{"taxonomy":"product_cat","embeddable":true,"href":"https:\/\/asymmetricbydesign.com\/fr\/wp-json\/wp\/v2\/product_cat?post=5497"},{"taxonomy":"product_tag","embeddable":true,"href":"https:\/\/asymmetricbydesign.com\/fr\/wp-json\/wp\/v2\/product_tag?post=5497"}],"curies":[{"name":"wp","href":"https:\/\/api.w.org\/{rel}","templated":true}]}}