{"id":5499,"date":"2022-12-03T18:56:25","date_gmt":"2022-12-03T18:56:25","guid":{"rendered":"https:\/\/asymmetricbydesign.com\/product\/solidarite-collection-ukraine\/"},"modified":"2022-12-03T18:56:25","modified_gmt":"2022-12-03T18:56:25","slug":"solidarite-collection-ukraine","status":"publish","type":"product","link":"https:\/\/asymmetricbydesign.com\/fr\/produit\/solidarite-collection-ukraine\/","title":{"rendered":"Solidarit\u00e9 &#8211; Collection Ukraine"},"content":{"rendered":"","protected":false},"excerpt":{"rendered":"<p>$225.00<\/p>\n<p>CAD \u267b\ufe0f<br \/>\nUne collection \u00e9clectique de perles anciennes provenant du monde entier : Perles berb\u00e8res anciennes, gros lapis-lazuli d&rsquo;Am\u00e9rique du Sud, os sculpt\u00e9 et perles en verre recycl\u00e9 du Ghana.<\/p>\n<p>Cela fait partie de la collecte de fonds en faveur de l&rsquo;Ukraine. En tant que Canadienne d&rsquo;origine ukrainienne \u00e0 50 %, mon c\u0153ur, mon esprit et mes mains ne cessent de chercher des perles bleues et jaunes, les couleurs du drapeau ukrainien. Les couleurs symbolisent le ciel bleu au-dessus du champ de bl\u00e9 jaune, repr\u00e9sentant l&rsquo;Ukraine et les Ukrainiens tels qu&rsquo;ils sont : \u00e9pris de libert\u00e9, ind\u00e9pendants, courageux et dynamiques. Avec son histoire ancienne, le drapeau ukrainien occupe une place importante dans le c\u0153ur du peuple ukrainien et constitue le talisman de la nation \u00e0 travers les \u00e2ges. Nous sommes absolument impressionn\u00e9s par le courage et la d\u00e9termination des Ukrainiens et nous esp\u00e9rons qu&rsquo;ils retrouveront bient\u00f4t la libert\u00e9.<\/p>\n<p>Ce produit fait partie de notre collection de bienfaits pour l&rsquo;Ukraine. 20 % iront \u00e0 WomenforWomen.org, une ONG qui travaille dans les pays d\u00e9chir\u00e9s par la guerre, comme l&rsquo;Ukraine.<\/p>\n<p>Longueur : 21 pouces<\/p>\n<p>Poids : 170 grammes<\/p>\n<p>Note : Nous pouvons ajuster le poids et la longueur et faire des boucles d&rsquo;oreilles assorties pour 25$.<\/p>\n<p>Dans la mesure du possible, nous utilisons des mat\u00e9riaux recycl\u00e9s et anciens pour leurs qualit\u00e9s artistiques et leur faible impact sur l&rsquo;environnement. Nous aimons \u00e9galement soutenir les artisans dans les pays en d\u00e9veloppement, afin que les traditions et l&rsquo;artisanat restent vivants et soient transmis de g\u00e9n\u00e9ration en g\u00e9n\u00e9ration, et afin d&rsquo;aider leurs familles \u00e0 subvenir \u00e0 leurs besoins.<\/p>\n","protected":false},"featured_media":4643,"template":"","meta":{"_acf_changed":false,"site-sidebar-layout":"default","site-content-layout":"default","ast-site-content-layout":"default","site-content-style":"default","site-sidebar-style":"default","ast-global-header-display":"","ast-banner-title-visibility":"","ast-main-header-display":"","ast-hfb-above-header-display":"","ast-hfb-below-header-display":"","ast-hfb-mobile-header-display":"","site-post-title":"","ast-breadcrumbs-content":"","ast-featured-img":"","footer-sml-layout":"","ast-disable-related-posts":"","theme-transparent-header-meta":"default","adv-header-id-meta":"","stick-header-meta":"","header-above-stick-meta":"","header-main-stick-meta":"","header-below-stick-meta":"","astra-migrate-meta-layouts":"default","ast-page-background-enabled":"default","ast-page-background-meta":{"desktop":{"background-color":"var(--ast-global-color-4)","background-image":"","background-repeat":"repeat","background-position":"center center","background-size":"auto","background-attachment":"scroll","background-type":"","background-media":"","overlay-type":"","overlay-color":"","overlay-opacity":"","overlay-gradient":""},"tablet":{"background-color":"","background-image":"","background-repeat":"repeat","background-position":"center center","background-size":"auto","background-attachment":"scroll","background-type":"","background-media":"","overlay-type":"","overlay-color":"","overlay-opacity":"","overlay-gradient":""},"mobile":{"background-color":"","background-image":"","background-repeat":"repeat","background-position":"center center","background-size":"auto","background-attachment":"scroll","background-type":"","background-media":"","overlay-type":"","overlay-color":"","overlay-opacity":"","overlay-gradient":""}},"ast-content-background-meta":{"desktop":{"background-color":"var(--ast-global-color-5)","background-image":"","background-repeat":"repeat","background-position":"center center","background-size":"auto","background-attachment":"scroll","background-type":"","background-media":"","overlay-type":"","overlay-color":"","overlay-opacity":"","overlay-gradient":""},"tablet":{"background-color":"var(--ast-global-color-5)","background-image":"","background-repeat":"repeat","background-position":"center center","background-size":"auto","background-attachment":"scroll","background-type":"","background-media":"","overlay-type":"","overlay-color":"","overlay-opacity":"","overlay-gradient":""},"mobile":{"background-color":"var(--ast-global-color-5)","background-image":"","background-repeat":"repeat","background-position":"center center","background-size":"auto","background-attachment":"scroll","background-type":"","background-media":"","overlay-type":"","overlay-color":"","overlay-opacity":"","overlay-gradient":""}}},"product_brand":[],"product_cat":[78,76],"product_tag":[],"class_list":{"0":"post-5499","1":"product","2":"type-product","3":"status-publish","4":"has-post-thumbnail","6":"product_cat-paix-ukraine","7":"product_cat-recouvrement-des-prestations","8":"desktop-align-center","9":"tablet-align-left","10":"mobile-align-left","11":"ast-product-gallery-layout-vertical-slider","12":"ast-product-gallery-with-no-image","13":"ast-product-tabs-layout-accordion","14":"ast-qv-on-image","16":"first","17":"outofstock","18":"shipping-taxable","19":"purchasable","20":"product-type-simple"},"acf":[],"_links":{"self":[{"href":"https:\/\/asymmetricbydesign.com\/fr\/wp-json\/wp\/v2\/product\/5499","targetHints":{"allow":["GET"]}}],"collection":[{"href":"https:\/\/asymmetricbydesign.com\/fr\/wp-json\/wp\/v2\/product"}],"about":[{"href":"https:\/\/asymmetricbydesign.com\/fr\/wp-json\/wp\/v2\/types\/product"}],"version-history":[{"count":0,"href":"https:\/\/asymmetricbydesign.com\/fr\/wp-json\/wp\/v2\/product\/5499\/revisions"}],"wp:featuredmedia":[{"embeddable":true,"href":"https:\/\/asymmetricbydesign.com\/fr\/wp-json\/wp\/v2\/media\/4643"}],"wp:attachment":[{"href":"https:\/\/asymmetricbydesign.com\/fr\/wp-json\/wp\/v2\/media?parent=5499"}],"wp:term":[{"taxonomy":"product_brand","embeddable":true,"href":"https:\/\/asymmetricbydesign.com\/fr\/wp-json\/wp\/v2\/product_brand?post=5499"},{"taxonomy":"product_cat","embeddable":true,"href":"https:\/\/asymmetricbydesign.com\/fr\/wp-json\/wp\/v2\/product_cat?post=5499"},{"taxonomy":"product_tag","embeddable":true,"href":"https:\/\/asymmetricbydesign.com\/fr\/wp-json\/wp\/v2\/product_tag?post=5499"}],"curies":[{"name":"wp","href":"https:\/\/api.w.org\/{rel}","templated":true}]}}