{"id":5504,"date":"2022-09-24T16:21:46","date_gmt":"2022-09-24T16:21:46","guid":{"rendered":"https:\/\/asymmetricbydesign.com\/product\/ensemble-nous-sommes-plus-forts-copie\/"},"modified":"2022-09-24T16:21:46","modified_gmt":"2022-09-24T16:21:46","slug":"ensemble-nous-sommes-plus-forts-copie","status":"publish","type":"product","link":"https:\/\/asymmetricbydesign.com\/fr\/produit\/ensemble-nous-sommes-plus-forts-copie\/","title":{"rendered":"Ensemble, nous sommes plus forts (Copie)"},"content":{"rendered":"","protected":false},"excerpt":{"rendered":"<p><strong>CAD<img decoding=\"async\" class=\"alignnone wp-image-1470\" src=\"https:\/\/asymmetricbydesign.com\/wp-content\/uploads\/2021\/05\/hoja.png\" alt=\"\" width=\"25\" height=\"20\"><\/strong><\/p>\n<p>Le clou du spectacle est un pendentif b\u00e9douin y\u00e9m\u00e9nite ANTIQUE, complexe et emboss\u00e9, probablement originaire de Sanaa, au Y\u00e9men, et fabriqu\u00e9 par un ma\u00eetre artisan (2&Prime; de hauteur et 3,25&Prime; de diam\u00e8tre). La teneur en argent est inconnue. Les disques de verre recycl\u00e9 du Ghana aux couleurs de l&rsquo;arc-en-ciel font de cette pi\u00e8ce un v\u00e9ritable spectacle ! C&rsquo;est l&rsquo;un de mes motifs pr\u00e9f\u00e9r\u00e9s et j&rsquo;en fais r\u00e9guli\u00e8rement une version. L&rsquo;arc-en-ciel est un symbole d&rsquo;inclusion et de diversit\u00e9.<\/p>\n<p>&nbsp;<\/p>\n<p>Dans la mesure du possible, nous utilisons des mat\u00e9riaux recycl\u00e9s et anciens pour leurs qualit\u00e9s artistiques et leur faible impact sur l&rsquo;environnement. Nous aimons \u00e9galement soutenir les artisans dans les pays en d\u00e9veloppement, afin que les traditions et l&rsquo;artisanat restent vivants et soient transmis de g\u00e9n\u00e9ration en g\u00e9n\u00e9ration, et afin d&rsquo;aider leurs familles \u00e0 subvenir \u00e0 leurs besoins.<\/p>\n<p>Longueur du collier : 21&Prime;.<br \/>\nCat\u00e9gorie : Durable\/Vintage\/Antique<\/p>\n","protected":false},"featured_media":4673,"template":"","meta":{"_acf_changed":false,"site-sidebar-layout":"default","site-content-layout":"default","ast-site-content-layout":"default","site-content-style":"default","site-sidebar-style":"default","ast-global-header-display":"","ast-banner-title-visibility":"","ast-main-header-display":"","ast-hfb-above-header-display":"","ast-hfb-below-header-display":"","ast-hfb-mobile-header-display":"","site-post-title":"","ast-breadcrumbs-content":"","ast-featured-img":"","footer-sml-layout":"","ast-disable-related-posts":"","theme-transparent-header-meta":"default","adv-header-id-meta":"","stick-header-meta":"","header-above-stick-meta":"","header-main-stick-meta":"","header-below-stick-meta":"","astra-migrate-meta-layouts":"default","ast-page-background-enabled":"default","ast-page-background-meta":{"desktop":{"background-color":"var(--ast-global-color-4)","background-image":"","background-repeat":"repeat","background-position":"center center","background-size":"auto","background-attachment":"scroll","background-type":"","background-media":"","overlay-type":"","overlay-color":"","overlay-opacity":"","overlay-gradient":""},"tablet":{"background-color":"","background-image":"","background-repeat":"repeat","background-position":"center center","background-size":"auto","background-attachment":"scroll","background-type":"","background-media":"","overlay-type":"","overlay-color":"","overlay-opacity":"","overlay-gradient":""},"mobile":{"background-color":"","background-image":"","background-repeat":"repeat","background-position":"center center","background-size":"auto","background-attachment":"scroll","background-type":"","background-media":"","overlay-type":"","overlay-color":"","overlay-opacity":"","overlay-gradient":""}},"ast-content-background-meta":{"desktop":{"background-color":"var(--ast-global-color-5)","background-image":"","background-repeat":"repeat","background-position":"center center","background-size":"auto","background-attachment":"scroll","background-type":"","background-media":"","overlay-type":"","overlay-color":"","overlay-opacity":"","overlay-gradient":""},"tablet":{"background-color":"var(--ast-global-color-5)","background-image":"","background-repeat":"repeat","background-position":"center center","background-size":"auto","background-attachment":"scroll","background-type":"","background-media":"","overlay-type":"","overlay-color":"","overlay-opacity":"","overlay-gradient":""},"mobile":{"background-color":"var(--ast-global-color-5)","background-image":"","background-repeat":"repeat","background-position":"center center","background-size":"auto","background-attachment":"scroll","background-type":"","background-media":"","overlay-type":"","overlay-color":"","overlay-opacity":"","overlay-gradient":""}}},"product_brand":[],"product_cat":[71,69],"product_tag":[],"class_list":{"0":"post-5504","1":"product","2":"type-product","3":"status-publish","4":"has-post-thumbnail","6":"product_cat-durable","7":"product_cat-non-classifiee","8":"desktop-align-center","9":"tablet-align-left","10":"mobile-align-left","11":"ast-product-gallery-layout-vertical-slider","12":"ast-product-gallery-with-no-image","13":"ast-product-tabs-layout-accordion","14":"ast-qv-on-image","16":"first","17":"outofstock","18":"shipping-taxable","19":"purchasable","20":"product-type-simple"},"acf":[],"_links":{"self":[{"href":"https:\/\/asymmetricbydesign.com\/fr\/wp-json\/wp\/v2\/product\/5504","targetHints":{"allow":["GET"]}}],"collection":[{"href":"https:\/\/asymmetricbydesign.com\/fr\/wp-json\/wp\/v2\/product"}],"about":[{"href":"https:\/\/asymmetricbydesign.com\/fr\/wp-json\/wp\/v2\/types\/product"}],"version-history":[{"count":0,"href":"https:\/\/asymmetricbydesign.com\/fr\/wp-json\/wp\/v2\/product\/5504\/revisions"}],"wp:featuredmedia":[{"embeddable":true,"href":"https:\/\/asymmetricbydesign.com\/fr\/wp-json\/wp\/v2\/media\/4673"}],"wp:attachment":[{"href":"https:\/\/asymmetricbydesign.com\/fr\/wp-json\/wp\/v2\/media?parent=5504"}],"wp:term":[{"taxonomy":"product_brand","embeddable":true,"href":"https:\/\/asymmetricbydesign.com\/fr\/wp-json\/wp\/v2\/product_brand?post=5504"},{"taxonomy":"product_cat","embeddable":true,"href":"https:\/\/asymmetricbydesign.com\/fr\/wp-json\/wp\/v2\/product_cat?post=5504"},{"taxonomy":"product_tag","embeddable":true,"href":"https:\/\/asymmetricbydesign.com\/fr\/wp-json\/wp\/v2\/product_tag?post=5504"}],"curies":[{"name":"wp","href":"https:\/\/api.w.org\/{rel}","templated":true}]}}