{"id":5731,"date":"2024-02-10T20:23:26","date_gmt":"2024-02-10T20:23:26","guid":{"rendered":"https:\/\/asymmetricbydesign.com\/?post_type=product&#038;p=5731"},"modified":"2024-02-10T20:35:05","modified_gmt":"2024-02-10T20:35:05","slug":"puissance-et-confiance-en-soi-copy","status":"publish","type":"product","link":"https:\/\/asymmetricbydesign.com\/fr\/produit\/puissance-et-confiance-en-soi-copy\/","title":{"rendered":"Le dragon de bois tout puissant"},"content":{"rendered":"","protected":false},"excerpt":{"rendered":"<p><span style=\"font-size: 16px;\">175 $ CAD<\/span><\/p>\n<p>Ce collier fait partie de notre <strong>collection du Nouvel An lunaire 2024 &#8211; l&rsquo;ann\u00e9e du dragon<\/strong>.<\/p>\n<p>Les dragons ont toujours captiv\u00e9 mon imagination par leur magie mythique, leur audace et leur puissance. Lors de mon voyage en Asie l&rsquo;ann\u00e9e derni\u00e8re, je n&rsquo;ai pas pu r\u00e9sister \u00e0 l&rsquo;envie de ramener quelques tr\u00e9sors inspir\u00e9s par les dragons pour la collection lunaire de cette ann\u00e9e ! \ud83c\udf89<\/p>\n<p>La l\u00e9gende veut que cette cr\u00e9ature majestueuse apporte la bonne fortune, la chance, l&rsquo;harmonie, la richesse et la sagesse. Mais il y a un hic : les b\u00e9n\u00e9dictions du dragon sont lib\u00e9r\u00e9es lorsque les gens font preuve de gentillesse et de compassion les uns envers les autres. J&rsquo;adore \u00e7a !<\/p>\n<p>Je vous souhaite une ann\u00e9e merveilleuse, pleine de positivit\u00e9, de compr\u00e9hension et de prosp\u00e9rit\u00e9 partag\u00e9e. Nous vous souhaitons une ann\u00e9e du dragon magique et harmonieuse ! \ud83d\udc32\ud83d\udc96<\/p>\n<p>Dragon artistique grav\u00e9 \u00e0 l&rsquo;int\u00e9rieur d&rsquo;une pierre d&rsquo;agate, une technique que je n&rsquo;avais jamais vue auparavant. Il est entour\u00e9 d&rsquo;agates rectangulaires brunes, de grandes agates plates multicolores et de belles agates \u00e0 facettes. Le collier est compos\u00e9 de pierres tr\u00e8s sp\u00e9ciales. Les inserts en laiton sont tous fabriqu\u00e9s au Mali \u00e0 partir de laiton recycl\u00e9 et selon la technique de la cire perdue.<\/p>\n<p>Des boucles d&rsquo;oreilles assorties sont disponibles.<\/p>\n<p>Note : Nous pouvons ajuster le poids et la longueur.<\/p>\n","protected":false},"featured_media":5655,"template":"","meta":{"_acf_changed":false,"site-sidebar-layout":"default","site-content-layout":"default","ast-site-content-layout":"default","site-content-style":"default","site-sidebar-style":"default","ast-global-header-display":"","ast-banner-title-visibility":"","ast-main-header-display":"","ast-hfb-above-header-display":"","ast-hfb-below-header-display":"","ast-hfb-mobile-header-display":"","site-post-title":"","ast-breadcrumbs-content":"","ast-featured-img":"","footer-sml-layout":"","ast-disable-related-posts":"","theme-transparent-header-meta":"default","adv-header-id-meta":"","stick-header-meta":"default","header-above-stick-meta":"","header-main-stick-meta":"","header-below-stick-meta":"","astra-migrate-meta-layouts":"set","ast-page-background-enabled":"default","ast-page-background-meta":{"desktop":{"background-color":"var(--ast-global-color-4)","background-image":"","background-repeat":"repeat","background-position":"center center","background-size":"auto","background-attachment":"scroll","background-type":"","background-media":"","overlay-type":"","overlay-color":"","overlay-opacity":"","overlay-gradient":""},"tablet":{"background-color":"","background-image":"","background-repeat":"repeat","background-position":"center center","background-size":"auto","background-attachment":"scroll","background-type":"","background-media":"","overlay-type":"","overlay-color":"","overlay-opacity":"","overlay-gradient":""},"mobile":{"background-color":"","background-image":"","background-repeat":"repeat","background-position":"center center","background-size":"auto","background-attachment":"scroll","background-type":"","background-media":"","overlay-type":"","overlay-color":"","overlay-opacity":"","overlay-gradient":""}},"ast-content-background-meta":{"desktop":{"background-color":"var(--ast-global-color-5)","background-image":"","background-repeat":"repeat","background-position":"center center","background-size":"auto","background-attachment":"scroll","background-type":"","background-media":"","overlay-type":"","overlay-color":"","overlay-opacity":"","overlay-gradient":""},"tablet":{"background-color":"var(--ast-global-color-5)","background-image":"","background-repeat":"repeat","background-position":"center center","background-size":"auto","background-attachment":"scroll","background-type":"","background-media":"","overlay-type":"","overlay-color":"","overlay-opacity":"","overlay-gradient":""},"mobile":{"background-color":"var(--ast-global-color-5)","background-image":"","background-repeat":"repeat","background-position":"center center","background-size":"auto","background-attachment":"scroll","background-type":"","background-media":"","overlay-type":"","overlay-color":"","overlay-opacity":"","overlay-gradient":""}}},"product_brand":[],"product_cat":[90,71,94,89],"product_tag":[],"class_list":{"0":"post-5731","1":"product","2":"type-product","3":"status-publish","4":"has-post-thumbnail","6":"product_cat-audace-et-puissance","7":"product_cat-durable","8":"product_cat-fabrique-au-quebec","9":"product_cat-vintage-antique-fr","10":"desktop-align-center","11":"tablet-align-left","12":"mobile-align-left","13":"ast-product-gallery-layout-vertical-slider","14":"ast-product-tabs-layout-accordion","15":"ast-qv-on-image","17":"first","18":"outofstock","19":"shipping-taxable","20":"purchasable","21":"product-type-simple"},"acf":[],"_links":{"self":[{"href":"https:\/\/asymmetricbydesign.com\/fr\/wp-json\/wp\/v2\/product\/5731","targetHints":{"allow":["GET"]}}],"collection":[{"href":"https:\/\/asymmetricbydesign.com\/fr\/wp-json\/wp\/v2\/product"}],"about":[{"href":"https:\/\/asymmetricbydesign.com\/fr\/wp-json\/wp\/v2\/types\/product"}],"version-history":[{"count":0,"href":"https:\/\/asymmetricbydesign.com\/fr\/wp-json\/wp\/v2\/product\/5731\/revisions"}],"wp:featuredmedia":[{"embeddable":true,"href":"https:\/\/asymmetricbydesign.com\/fr\/wp-json\/wp\/v2\/media\/5655"}],"wp:attachment":[{"href":"https:\/\/asymmetricbydesign.com\/fr\/wp-json\/wp\/v2\/media?parent=5731"}],"wp:term":[{"taxonomy":"product_brand","embeddable":true,"href":"https:\/\/asymmetricbydesign.com\/fr\/wp-json\/wp\/v2\/product_brand?post=5731"},{"taxonomy":"product_cat","embeddable":true,"href":"https:\/\/asymmetricbydesign.com\/fr\/wp-json\/wp\/v2\/product_cat?post=5731"},{"taxonomy":"product_tag","embeddable":true,"href":"https:\/\/asymmetricbydesign.com\/fr\/wp-json\/wp\/v2\/product_tag?post=5731"}],"curies":[{"name":"wp","href":"https:\/\/api.w.org\/{rel}","templated":true}]}}