{"id":5768,"date":"2024-02-10T20:53:51","date_gmt":"2024-02-10T20:53:51","guid":{"rendered":"https:\/\/asymmetricbydesign.com\/?post_type=product&#038;p=5768"},"modified":"2024-05-05T14:54:53","modified_gmt":"2024-05-05T14:54:53","slug":"chance-copy","status":"publish","type":"product","link":"https:\/\/asymmetricbydesign.com\/fr\/produit\/chance-copy\/","title":{"rendered":"Le pouvoir f\u00e9minin"},"content":{"rendered":"","protected":false},"excerpt":{"rendered":"<p><span style=\"font-size: 16px;\">250 $ CAD<\/span><\/p>\n<p>Ce collier fait partie de notre <strong>collection du Nouvel An lunaire 2024 &#8211; l&rsquo;ann\u00e9e du dragon<\/strong>.<\/p>\n<p>Les dragons ont toujours captiv\u00e9 mon imagination par leur magie mythique, leur audace et leur puissance. Lors de mon voyage en Asie l&rsquo;ann\u00e9e derni\u00e8re, je n&rsquo;ai pas pu r\u00e9sister \u00e0 l&rsquo;envie de ramener quelques tr\u00e9sors inspir\u00e9s par les dragons pour la collection lunaire de cette ann\u00e9e ! \ud83c\udf89<\/p>\n<p>La l\u00e9gende veut que cette cr\u00e9ature majestueuse apporte la bonne fortune, la chance, l&rsquo;harmonie, la richesse et la sagesse. Mais il y a un hic : les b\u00e9n\u00e9dictions du dragon sont lib\u00e9r\u00e9es lorsque les gens font preuve de gentillesse et de compassion les uns envers les autres. J&rsquo;adore \u00e7a !<\/p>\n<p>Je vous souhaite une ann\u00e9e merveilleuse, pleine de positivit\u00e9, de compr\u00e9hension et de prosp\u00e9rit\u00e9 partag\u00e9e. Nous vous souhaitons une ann\u00e9e du dragon magique et harmonieuse ! \ud83d\udc32\ud83d\udc96<\/p>\n<p>Ce collier est compos\u00e9 \u00e0 100 % de perles en bois sculpt\u00e9es d&rsquo;\u00e9poque ! Il ne s&rsquo;agit pas de r\u00e9sine ! Le point de mire est la rare et grande perle en feuille d&rsquo;or, sur laquelle est sculpt\u00e9 un d\u00e9licat dragon \u00e0 la queue magnifique. Les perles cylindriques sculpt\u00e9es sont \u00e9galement rares. Chaque perle de ce collier est sp\u00e9ciale. Il est simple mais respire l&rsquo;\u00e9l\u00e9gance, le raffinement et la CONFIDENCE !<\/p>\n<p>Note : Nous pouvons ajuster le poids et la longueur.<\/p>\n","protected":false},"featured_media":5649,"template":"","meta":{"_acf_changed":false,"site-sidebar-layout":"default","site-content-layout":"default","ast-site-content-layout":"default","site-content-style":"default","site-sidebar-style":"default","ast-global-header-display":"","ast-banner-title-visibility":"","ast-main-header-display":"","ast-hfb-above-header-display":"","ast-hfb-below-header-display":"","ast-hfb-mobile-header-display":"","site-post-title":"","ast-breadcrumbs-content":"","ast-featured-img":"","footer-sml-layout":"","ast-disable-related-posts":"","theme-transparent-header-meta":"default","adv-header-id-meta":"","stick-header-meta":"default","header-above-stick-meta":"","header-main-stick-meta":"","header-below-stick-meta":"","astra-migrate-meta-layouts":"set","ast-page-background-enabled":"default","ast-page-background-meta":{"desktop":{"background-color":"var(--ast-global-color-4)","background-image":"","background-repeat":"repeat","background-position":"center center","background-size":"auto","background-attachment":"scroll","background-type":"","background-media":"","overlay-type":"","overlay-color":"","overlay-opacity":"","overlay-gradient":""},"tablet":{"background-color":"","background-image":"","background-repeat":"repeat","background-position":"center center","background-size":"auto","background-attachment":"scroll","background-type":"","background-media":"","overlay-type":"","overlay-color":"","overlay-opacity":"","overlay-gradient":""},"mobile":{"background-color":"","background-image":"","background-repeat":"repeat","background-position":"center center","background-size":"auto","background-attachment":"scroll","background-type":"","background-media":"","overlay-type":"","overlay-color":"","overlay-opacity":"","overlay-gradient":""}},"ast-content-background-meta":{"desktop":{"background-color":"var(--ast-global-color-5)","background-image":"","background-repeat":"repeat","background-position":"center center","background-size":"auto","background-attachment":"scroll","background-type":"","background-media":"","overlay-type":"","overlay-color":"","overlay-opacity":"","overlay-gradient":""},"tablet":{"background-color":"var(--ast-global-color-5)","background-image":"","background-repeat":"repeat","background-position":"center center","background-size":"auto","background-attachment":"scroll","background-type":"","background-media":"","overlay-type":"","overlay-color":"","overlay-opacity":"","overlay-gradient":""},"mobile":{"background-color":"var(--ast-global-color-5)","background-image":"","background-repeat":"repeat","background-position":"center center","background-size":"auto","background-attachment":"scroll","background-type":"","background-media":"","overlay-type":"","overlay-color":"","overlay-opacity":"","overlay-gradient":""}}},"product_brand":[],"product_cat":[90,71,94,89],"product_tag":[],"class_list":{"0":"post-5768","1":"product","2":"type-product","3":"status-publish","4":"has-post-thumbnail","6":"product_cat-audace-et-puissance","7":"product_cat-durable","8":"product_cat-fabrique-au-quebec","9":"product_cat-vintage-antique-fr","10":"desktop-align-center","11":"tablet-align-left","12":"mobile-align-left","13":"ast-product-gallery-layout-vertical-slider","14":"ast-product-tabs-layout-accordion","15":"ast-qv-on-image","17":"first","18":"outofstock","19":"shipping-taxable","20":"purchasable","21":"product-type-simple"},"acf":[],"_links":{"self":[{"href":"https:\/\/asymmetricbydesign.com\/fr\/wp-json\/wp\/v2\/product\/5768","targetHints":{"allow":["GET"]}}],"collection":[{"href":"https:\/\/asymmetricbydesign.com\/fr\/wp-json\/wp\/v2\/product"}],"about":[{"href":"https:\/\/asymmetricbydesign.com\/fr\/wp-json\/wp\/v2\/types\/product"}],"version-history":[{"count":0,"href":"https:\/\/asymmetricbydesign.com\/fr\/wp-json\/wp\/v2\/product\/5768\/revisions"}],"wp:featuredmedia":[{"embeddable":true,"href":"https:\/\/asymmetricbydesign.com\/fr\/wp-json\/wp\/v2\/media\/5649"}],"wp:attachment":[{"href":"https:\/\/asymmetricbydesign.com\/fr\/wp-json\/wp\/v2\/media?parent=5768"}],"wp:term":[{"taxonomy":"product_brand","embeddable":true,"href":"https:\/\/asymmetricbydesign.com\/fr\/wp-json\/wp\/v2\/product_brand?post=5768"},{"taxonomy":"product_cat","embeddable":true,"href":"https:\/\/asymmetricbydesign.com\/fr\/wp-json\/wp\/v2\/product_cat?post=5768"},{"taxonomy":"product_tag","embeddable":true,"href":"https:\/\/asymmetricbydesign.com\/fr\/wp-json\/wp\/v2\/product_tag?post=5768"}],"curies":[{"name":"wp","href":"https:\/\/api.w.org\/{rel}","templated":true}]}}