{"id":5878,"date":"2024-06-22T19:23:55","date_gmt":"2024-06-22T19:23:55","guid":{"rendered":"https:\/\/asymmetricbydesign.com\/?post_type=product&#038;p=5878"},"modified":"2024-07-25T03:41:11","modified_gmt":"2024-07-25T03:41:11","slug":"nuances-de-vert-copy","status":"publish","type":"product","link":"https:\/\/asymmetricbydesign.com\/fr\/produit\/nuances-de-vert-copy\/","title":{"rendered":"Ensemble pour la plan\u00e8te"},"content":{"rendered":"","protected":false},"excerpt":{"rendered":"<p>CAD 250.00 <b>Collection Terre : <\/b>Ce collier exquis comporte trois superbes perles de jade sculpt\u00e9es comme points focaux que j&rsquo;ai ramen\u00e9es du Vietnam. Ces perles rares sont magnifiquement juxtapos\u00e9es \u00e0 des perles tib\u00e9taines en r\u00e9sine blanche craquel\u00e9e, orn\u00e9es de capuchons en argent tib\u00e9tain, cr\u00e9ant un contraste audacieux et \u00e9l\u00e9gant. Les perles berb\u00e8res \u00e9maill\u00e9es vertes d&rsquo;Afrique du Nord apportent une touche vibrante. Combinant des \u00e9l\u00e9ments du Vi\u00eat Nam, du Tibet et de l&rsquo;Afrique du Nord, cette pi\u00e8ce forme un ensemble puissant et harmonieux. Il fait partie de notre collection Terre, qui symbolise notre engagement \u00e0 prot\u00e9ger la plan\u00e8te et \u00e0 c\u00e9l\u00e9brer sa beaut\u00e9 naturelle.  <\/p>\n<div class=\"x_elementToProof\"><b>L&rsquo;histoire de cette collection : <\/b>Cette collection est plus qu&rsquo;un bijou, c&rsquo;est un engagement envers la plan\u00e8te, une invitation \u00e0 contribuer au bien-\u00eatre de sa biodiversit\u00e9. Fabriqu\u00e9 essentiellement \u00e0 partir de composants vintage, antiques et recycl\u00e9s, chaque collier est un engagement \u00e0 gu\u00e9rir la Terre et \u00e0 prot\u00e9ger sa biodiversit\u00e9. En vous parant de ces pi\u00e8ces, vous nous rejoignez dans un voyage significatif vers un monde plus durable et plus beau. Chaque perle raconte une histoire de renouveau, faisant \u00e9cho \u00e0 l&rsquo;importance d&rsquo;adopter des choix \u00e9cologiques pour une Terre harmonieuse et florissante.<\/div>\n<div class=\"x_elementToProof\"><\/div>\n<div>Notre activit\u00e9 repose sur une profonde appr\u00e9ciation de l&rsquo;artisanat, de l&rsquo;histoire et de l&rsquo;authenticit\u00e9. Nous utilisons consciemment des mat\u00e9riaux recycl\u00e9s et vintage, non seulement pour leur attrait artistique, mais aussi pour leur empreinte \u00e9cologique. Cet engagement s&rsquo;\u00e9tend \u00e0 notre soutien aux artisans du monde entier, qui pr\u00e9servent les traditions et l&rsquo;artisanat tout en ayant un impact positif sur les moyens de subsistance de leurs familles. Nos fondements reposent sur une passion pour l&rsquo;artisanat, un grand respect de l&rsquo;histoire et un attachement \u00e0 l&rsquo;authenticit\u00e9. Nous s\u00e9lectionnons avec soin une collection d&rsquo;objets m\u00e9ticuleusement fabriqu\u00e9s \u00e0 la main et de pi\u00e8ces vintage rares provenant du monde entier. Notre processus d&rsquo;approvisionnement privil\u00e9gie les mat\u00e9riaux durables et \u00e9thiques, garantissant ainsi que nos produits incarnent l&rsquo;h\u00e9ritage culturel et la durabilit\u00e9.<\/div>\n<div><\/div>\n<p>  Note : Nous pouvons ajuster le poids et la longueur et faire des boucles d&rsquo;oreilles assorties pour 25$.  &nbsp;<\/p>\n","protected":false},"featured_media":5862,"template":"","meta":{"_acf_changed":false,"site-sidebar-layout":"default","site-content-layout":"default","ast-site-content-layout":"default","site-content-style":"default","site-sidebar-style":"default","ast-global-header-display":"","ast-banner-title-visibility":"","ast-main-header-display":"disabled","ast-hfb-above-header-display":"","ast-hfb-below-header-display":"","ast-hfb-mobile-header-display":"","site-post-title":"","ast-breadcrumbs-content":"","ast-featured-img":"","footer-sml-layout":"","ast-disable-related-posts":"","theme-transparent-header-meta":"default","adv-header-id-meta":"","stick-header-meta":"default","header-above-stick-meta":"","header-main-stick-meta":"","header-below-stick-meta":"","astra-migrate-meta-layouts":"set","ast-page-background-enabled":"default","ast-page-background-meta":{"desktop":{"background-color":"var(--ast-global-color-4)","background-image":"","background-repeat":"repeat","background-position":"center center","background-size":"auto","background-attachment":"scroll","background-type":"","background-media":"","overlay-type":"","overlay-color":"","overlay-opacity":"","overlay-gradient":""},"tablet":{"background-color":"","background-image":"","background-repeat":"repeat","background-position":"center center","background-size":"auto","background-attachment":"scroll","background-type":"","background-media":"","overlay-type":"","overlay-color":"","overlay-opacity":"","overlay-gradient":""},"mobile":{"background-color":"","background-image":"","background-repeat":"repeat","background-position":"center center","background-size":"auto","background-attachment":"scroll","background-type":"","background-media":"","overlay-type":"","overlay-color":"","overlay-opacity":"","overlay-gradient":""}},"ast-content-background-meta":{"desktop":{"background-color":"var(--ast-global-color-5)","background-image":"","background-repeat":"repeat","background-position":"center center","background-size":"auto","background-attachment":"scroll","background-type":"","background-media":"","overlay-type":"","overlay-color":"","overlay-opacity":"","overlay-gradient":""},"tablet":{"background-color":"var(--ast-global-color-5)","background-image":"","background-repeat":"repeat","background-position":"center center","background-size":"auto","background-attachment":"scroll","background-type":"","background-media":"","overlay-type":"","overlay-color":"","overlay-opacity":"","overlay-gradient":""},"mobile":{"background-color":"var(--ast-global-color-5)","background-image":"","background-repeat":"repeat","background-position":"center center","background-size":"auto","background-attachment":"scroll","background-type":"","background-media":"","overlay-type":"","overlay-color":"","overlay-opacity":"","overlay-gradient":""}}},"product_brand":[],"product_cat":[82,71,94,84,89],"product_tag":[],"class_list":{"0":"post-5878","1":"product","2":"type-product","3":"status-publish","4":"has-post-thumbnail","6":"product_cat-colliers","7":"product_cat-durable","8":"product_cat-fabrique-au-quebec","9":"product_cat-journee-de-la-terre","10":"product_cat-vintage-antique-fr","11":"desktop-align-center","12":"tablet-align-left","13":"mobile-align-left","14":"ast-product-gallery-layout-vertical-slider","15":"ast-product-tabs-layout-accordion","16":"ast-qv-on-image","18":"first","19":"instock","20":"shipping-taxable","21":"purchasable","22":"product-type-simple"},"acf":[],"_links":{"self":[{"href":"https:\/\/asymmetricbydesign.com\/fr\/wp-json\/wp\/v2\/product\/5878","targetHints":{"allow":["GET"]}}],"collection":[{"href":"https:\/\/asymmetricbydesign.com\/fr\/wp-json\/wp\/v2\/product"}],"about":[{"href":"https:\/\/asymmetricbydesign.com\/fr\/wp-json\/wp\/v2\/types\/product"}],"version-history":[{"count":0,"href":"https:\/\/asymmetricbydesign.com\/fr\/wp-json\/wp\/v2\/product\/5878\/revisions"}],"wp:featuredmedia":[{"embeddable":true,"href":"https:\/\/asymmetricbydesign.com\/fr\/wp-json\/wp\/v2\/media\/5862"}],"wp:attachment":[{"href":"https:\/\/asymmetricbydesign.com\/fr\/wp-json\/wp\/v2\/media?parent=5878"}],"wp:term":[{"taxonomy":"product_brand","embeddable":true,"href":"https:\/\/asymmetricbydesign.com\/fr\/wp-json\/wp\/v2\/product_brand?post=5878"},{"taxonomy":"product_cat","embeddable":true,"href":"https:\/\/asymmetricbydesign.com\/fr\/wp-json\/wp\/v2\/product_cat?post=5878"},{"taxonomy":"product_tag","embeddable":true,"href":"https:\/\/asymmetricbydesign.com\/fr\/wp-json\/wp\/v2\/product_tag?post=5878"}],"curies":[{"name":"wp","href":"https:\/\/api.w.org\/{rel}","templated":true}]}}