{"id":7262,"date":"2024-09-01T15:22:28","date_gmt":"2024-09-01T15:22:28","guid":{"rendered":"https:\/\/asymmetricbydesign.com\/?post_type=product&#038;p=7262"},"modified":"2024-09-02T13:50:19","modified_gmt":"2024-09-02T13:50:19","slug":"la-liberte-un-reve-partage-copy-copy-2","status":"publish","type":"product","link":"https:\/\/asymmetricbydesign.com\/fr\/produit\/la-liberte-un-reve-partage-copy-copy-2\/","title":{"rendered":"La libert\u00e9 : Un r\u00eave partag\u00e9 (Copy) (Copy)"},"content":{"rendered":"","protected":false},"excerpt":{"rendered":"<p>$350.00 CAD <strong>Fait partie de la collection Peace and Ukraine : <\/strong> \u00a0\u00bb <strong>Harmonie dans chaque perle, une symphonie pour la paix\u00a0\u00bb <\/strong> D&rsquo;\u00e9normes perles baroques irr\u00e9guli\u00e8res et \u00ab\u00a0mixtes\u00a0\u00bb avec des perles berb\u00e8res antiques, du verre et du lapis dans la couleur du drapeau ukrainien. Les mat\u00e9riaux ont tous perdu de leur \u00e9clat et sont volontairement mats et us\u00e9s, \u00e0 l&rsquo;image de l&rsquo;\u00e9tat actuel du pays, cons\u00e9quence de l&rsquo;invasion brutale. <strong>L&rsquo;histoire de cette collection : <\/strong>Dans chaque perle d\u00e9licate, une pri\u00e8re chuchot\u00e9e r\u00e9sonne &#8211; une d\u00e9dicace \u00e0 la paix, \u00e0 la d\u00e9mocratie et \u00e0 la tranquillit\u00e9. Cette collection transcende les accessoires pour devenir un symbole profond d&rsquo;unit\u00e9 et d&rsquo;espoir collectif d&rsquo;un monde baign\u00e9 de paix. En tant que Canadien fier de ses racines ukrainiennes, l&rsquo;impact de l&rsquo;invasion alimente mon engagement \u00e0 rendre la pareille. Chaque perle bleue et jaune refl\u00e8te le drapeau ukrainien, qui symbolise la libert\u00e9, l&rsquo;ind\u00e9pendance, la bravoure et le dynamisme. Cette collection est un hommage au courage de l&rsquo;Ukraine et se veut un talisman d&rsquo;espoir.  <strong>20 % des recettes de cette collecte de charit\u00e9 en faveur de l&rsquo;Ukraine soutiendront Unbroken.org.ua-une ONG qui fournit des traitements, des proth\u00e8ses et des r\u00e9\u00e9ducations aux Ukrainiens en Ukraine.<\/strong><\/p>\n<p>&nbsp;<\/p>\n","protected":false},"featured_media":7266,"template":"","meta":{"_acf_changed":false,"site-sidebar-layout":"default","site-content-layout":"default","ast-site-content-layout":"default","site-content-style":"default","site-sidebar-style":"default","ast-global-header-display":"","ast-banner-title-visibility":"","ast-main-header-display":"","ast-hfb-above-header-display":"","ast-hfb-below-header-display":"","ast-hfb-mobile-header-display":"","site-post-title":"","ast-breadcrumbs-content":"","ast-featured-img":"","footer-sml-layout":"","ast-disable-related-posts":"","theme-transparent-header-meta":"default","adv-header-id-meta":"","stick-header-meta":"default","header-above-stick-meta":"","header-main-stick-meta":"","header-below-stick-meta":"","astra-migrate-meta-layouts":"set","ast-page-background-enabled":"default","ast-page-background-meta":{"desktop":{"background-color":"var(--ast-global-color-4)","background-image":"","background-repeat":"repeat","background-position":"center center","background-size":"auto","background-attachment":"scroll","background-type":"","background-media":"","overlay-type":"","overlay-color":"","overlay-opacity":"","overlay-gradient":""},"tablet":{"background-color":"","background-image":"","background-repeat":"repeat","background-position":"center center","background-size":"auto","background-attachment":"scroll","background-type":"","background-media":"","overlay-type":"","overlay-color":"","overlay-opacity":"","overlay-gradient":""},"mobile":{"background-color":"","background-image":"","background-repeat":"repeat","background-position":"center center","background-size":"auto","background-attachment":"scroll","background-type":"","background-media":"","overlay-type":"","overlay-color":"","overlay-opacity":"","overlay-gradient":""}},"ast-content-background-meta":{"desktop":{"background-color":"var(--ast-global-color-5)","background-image":"","background-repeat":"repeat","background-position":"center center","background-size":"auto","background-attachment":"scroll","background-type":"","background-media":"","overlay-type":"","overlay-color":"","overlay-opacity":"","overlay-gradient":""},"tablet":{"background-color":"var(--ast-global-color-5)","background-image":"","background-repeat":"repeat","background-position":"center center","background-size":"auto","background-attachment":"scroll","background-type":"","background-media":"","overlay-type":"","overlay-color":"","overlay-opacity":"","overlay-gradient":""},"mobile":{"background-color":"var(--ast-global-color-5)","background-image":"","background-repeat":"repeat","background-position":"center center","background-size":"auto","background-attachment":"scroll","background-type":"","background-media":"","overlay-type":"","overlay-color":"","overlay-opacity":"","overlay-gradient":""}}},"product_brand":[],"product_cat":[73,94,78,76],"product_tag":[],"class_list":{"0":"post-7262","1":"product","2":"type-product","3":"status-publish","4":"has-post-thumbnail","6":"product_cat-elegance-intemporelle-pearl","7":"product_cat-fabrique-au-quebec","8":"product_cat-paix-ukraine","9":"product_cat-recouvrement-des-prestations","10":"desktop-align-center","11":"tablet-align-left","12":"mobile-align-left","13":"ast-product-gallery-layout-vertical-slider","14":"ast-product-tabs-layout-accordion","15":"ast-qv-on-image","17":"first","18":"outofstock","19":"shipping-taxable","20":"purchasable","21":"product-type-simple"},"acf":[],"_links":{"self":[{"href":"https:\/\/asymmetricbydesign.com\/fr\/wp-json\/wp\/v2\/product\/7262","targetHints":{"allow":["GET"]}}],"collection":[{"href":"https:\/\/asymmetricbydesign.com\/fr\/wp-json\/wp\/v2\/product"}],"about":[{"href":"https:\/\/asymmetricbydesign.com\/fr\/wp-json\/wp\/v2\/types\/product"}],"version-history":[{"count":0,"href":"https:\/\/asymmetricbydesign.com\/fr\/wp-json\/wp\/v2\/product\/7262\/revisions"}],"wp:featuredmedia":[{"embeddable":true,"href":"https:\/\/asymmetricbydesign.com\/fr\/wp-json\/wp\/v2\/media\/7266"}],"wp:attachment":[{"href":"https:\/\/asymmetricbydesign.com\/fr\/wp-json\/wp\/v2\/media?parent=7262"}],"wp:term":[{"taxonomy":"product_brand","embeddable":true,"href":"https:\/\/asymmetricbydesign.com\/fr\/wp-json\/wp\/v2\/product_brand?post=7262"},{"taxonomy":"product_cat","embeddable":true,"href":"https:\/\/asymmetricbydesign.com\/fr\/wp-json\/wp\/v2\/product_cat?post=7262"},{"taxonomy":"product_tag","embeddable":true,"href":"https:\/\/asymmetricbydesign.com\/fr\/wp-json\/wp\/v2\/product_tag?post=7262"}],"curies":[{"name":"wp","href":"https:\/\/api.w.org\/{rel}","templated":true}]}}