{"id":7667,"date":"2024-11-04T18:26:10","date_gmt":"2024-11-04T18:26:10","guid":{"rendered":"https:\/\/asymmetricbydesign.com\/?post_type=product&#038;p=7667"},"modified":"2024-11-20T21:23:05","modified_gmt":"2024-11-20T21:23:05","slug":"elle-brille-copy-copy-copy-copy-copy-copy-copy-copy-copy-copy-copy-copy-copy-copy-copy-copy-copy-copy-copy-copy-copy","status":"publish","type":"product","link":"https:\/\/asymmetricbydesign.com\/fr\/produit\/elle-brille-copy-copy-copy-copy-copy-copy-copy-copy-copy-copy-copy-copy-copy-copy-copy-copy-copy-copy-copy-copy-copy\/","title":{"rendered":"Elle brille ! (Copy) (Copy) (Copy) (Copy) (Copy) (Copy) (Copy) (Copy) (Copy) (Copy) (Copy) (Copy) (Copy) (Copy) (Copy) (Copy) (Copy) (Copy) (Copy) (Copy) (Copy)"},"content":{"rendered":"","protected":false},"excerpt":{"rendered":"<p><strong>Fait partie de la collection Women&rsquo;s Right BENEFIT : \u00ab\u00a0Rayonnement de l&rsquo;\u00e9galit\u00e9 : Une tapisserie de r\u00e9silience\u00a0\u00bb<\/strong> Ce collier exquis est compos\u00e9 de perles de taille moyenne au lustre \u00e9blouissant, pr\u00e9sent\u00e9es sous diff\u00e9rentes formes uniques. Orn\u00e9e de magnifiques pav\u00e9s fuchsia qui brillent d&rsquo;un soup\u00e7on de violet, cette pi\u00e8ce est un fier ajout \u00e0 notre collection Equal Rights, qui symbolise l&rsquo;\u00e9galit\u00e9. <strong>L&rsquo;histoire de cette collection :<\/strong> Alors que les droits des femmes sont remis en question dans le monde entier, cette collection illustre des histoires de courage et de force. Les perles roses vibrantes c\u00e9l\u00e8brent l&rsquo;\u00e9mancipation, tandis que les perles noires en forme de larmes expriment le chagrin pour les libert\u00e9s perdues. Le d\u00e9sir d&rsquo;\u00e9galit\u00e9 des sexes est symbolis\u00e9 par un m\u00e9lange de rose et de bleu, ou par la fusion en violet. Chaque collier devient le r\u00e9cit d&rsquo;un engagement in\u00e9branlable, un hommage radieux aux femmes qui ont d\u00e9fendu et continuent de d\u00e9fendre leurs droits avec audace.  <strong>20 % des recettes de cette collection de bienfaisance pour les femmes seront revers\u00e9es \u00e0 WomenforWomen.org, une ONG qui permet aux femmes ayant surv\u00e9cu \u00e0 la guerre et aux conflits d&rsquo;acqu\u00e9rir les comp\u00e9tences n\u00e9cessaires pour subvenir aux besoins de leur famille et cr\u00e9er un changement durable. En ajoutant un but \u00e0 l&rsquo;art, nous esp\u00e9rons que chaque achat apportera un changement positif l\u00e0 o\u00f9 c&rsquo;est n\u00e9cessaire.<\/strong><\/p>\n<p>&nbsp;<\/p>\n<p>&nbsp;<\/p>\n","protected":false},"featured_media":7493,"template":"","meta":{"_acf_changed":false,"site-sidebar-layout":"default","site-content-layout":"default","ast-site-content-layout":"default","site-content-style":"default","site-sidebar-style":"default","ast-global-header-display":"","ast-banner-title-visibility":"","ast-main-header-display":"","ast-hfb-above-header-display":"","ast-hfb-below-header-display":"","ast-hfb-mobile-header-display":"","site-post-title":"","ast-breadcrumbs-content":"","ast-featured-img":"","footer-sml-layout":"","ast-disable-related-posts":"","theme-transparent-header-meta":"default","adv-header-id-meta":"","stick-header-meta":"default","header-above-stick-meta":"","header-main-stick-meta":"","header-below-stick-meta":"","astra-migrate-meta-layouts":"set","ast-page-background-enabled":"default","ast-page-background-meta":{"desktop":{"background-color":"var(--ast-global-color-4)","background-image":"","background-repeat":"repeat","background-position":"center center","background-size":"auto","background-attachment":"scroll","background-type":"","background-media":"","overlay-type":"","overlay-color":"","overlay-opacity":"","overlay-gradient":""},"tablet":{"background-color":"","background-image":"","background-repeat":"repeat","background-position":"center center","background-size":"auto","background-attachment":"scroll","background-type":"","background-media":"","overlay-type":"","overlay-color":"","overlay-opacity":"","overlay-gradient":""},"mobile":{"background-color":"","background-image":"","background-repeat":"repeat","background-position":"center center","background-size":"auto","background-attachment":"scroll","background-type":"","background-media":"","overlay-type":"","overlay-color":"","overlay-opacity":"","overlay-gradient":""}},"ast-content-background-meta":{"desktop":{"background-color":"var(--ast-global-color-5)","background-image":"","background-repeat":"repeat","background-position":"center center","background-size":"auto","background-attachment":"scroll","background-type":"","background-media":"","overlay-type":"","overlay-color":"","overlay-opacity":"","overlay-gradient":""},"tablet":{"background-color":"var(--ast-global-color-5)","background-image":"","background-repeat":"repeat","background-position":"center center","background-size":"auto","background-attachment":"scroll","background-type":"","background-media":"","overlay-type":"","overlay-color":"","overlay-opacity":"","overlay-gradient":""},"mobile":{"background-color":"var(--ast-global-color-5)","background-image":"","background-repeat":"repeat","background-position":"center center","background-size":"auto","background-attachment":"scroll","background-type":"","background-media":"","overlay-type":"","overlay-color":"","overlay-opacity":"","overlay-gradient":""}}},"product_brand":[],"product_cat":[74],"product_tag":[],"class_list":{"0":"post-7667","1":"product","2":"type-product","3":"status-publish","4":"has-post-thumbnail","6":"product_cat-fracassons-les-plafonds-de-verre","7":"desktop-align-center","8":"tablet-align-left","9":"mobile-align-left","10":"ast-product-gallery-layout-vertical-slider","11":"ast-product-tabs-layout-accordion","12":"ast-qv-on-image","14":"first","15":"instock","16":"shipping-taxable","17":"purchasable","18":"product-type-simple"},"acf":[],"_links":{"self":[{"href":"https:\/\/asymmetricbydesign.com\/fr\/wp-json\/wp\/v2\/product\/7667","targetHints":{"allow":["GET"]}}],"collection":[{"href":"https:\/\/asymmetricbydesign.com\/fr\/wp-json\/wp\/v2\/product"}],"about":[{"href":"https:\/\/asymmetricbydesign.com\/fr\/wp-json\/wp\/v2\/types\/product"}],"version-history":[{"count":0,"href":"https:\/\/asymmetricbydesign.com\/fr\/wp-json\/wp\/v2\/product\/7667\/revisions"}],"wp:featuredmedia":[{"embeddable":true,"href":"https:\/\/asymmetricbydesign.com\/fr\/wp-json\/wp\/v2\/media\/7493"}],"wp:attachment":[{"href":"https:\/\/asymmetricbydesign.com\/fr\/wp-json\/wp\/v2\/media?parent=7667"}],"wp:term":[{"taxonomy":"product_brand","embeddable":true,"href":"https:\/\/asymmetricbydesign.com\/fr\/wp-json\/wp\/v2\/product_brand?post=7667"},{"taxonomy":"product_cat","embeddable":true,"href":"https:\/\/asymmetricbydesign.com\/fr\/wp-json\/wp\/v2\/product_cat?post=7667"},{"taxonomy":"product_tag","embeddable":true,"href":"https:\/\/asymmetricbydesign.com\/fr\/wp-json\/wp\/v2\/product_tag?post=7667"}],"curies":[{"name":"wp","href":"https:\/\/api.w.org\/{rel}","templated":true}]}}